
{"id":1532,"date":"2022-09-11T14:07:00","date_gmt":"2022-09-11T14:07:00","guid":{"rendered":"https:\/\/overline-poetry.de\/?page_id=1532"},"modified":"2025-09-16T14:10:46","modified_gmt":"2025-09-16T14:10:46","slug":"dialysepatientin-aus-aserbaidschan","status":"publish","type":"page","link":"https:\/\/overline-poetry.de\/index.php\/dialysepatientin-aus-aserbaidschan\/","title":{"rendered":"Dialysepatientin aus Aserbaidschan"},"content":{"rendered":"\n<p>Eine Dialysepatientin, eine Frau aus Aserbaidschan<br>ist dem Despoten Putin immer noch sehr zugetan.<br>Sie verurteilt die Waffenlieferung aus dem Westen<br>und sieht mit Putins Krieg doch alles zum Besten.<br>Sie lobt den Despoten f\u00fcr sein mutiges Verhalten,<br>denn er will nur ein Gro\u00dfreich Russland gestalten.<br><br>Warum ist sie hier, wenn ihr Russland so gef\u00e4llt?<br>Sie nutzt alle sozialen Vorteile, so hat sie erz\u00e4hlt.<br>Ihr gefallen die Oststaaten, so sie st\u00e4ndig prahlt,<br>aber in Aserbaidschan, muss die Dialyse bezahlt.<br>Auf der Dialysestation sie st\u00e4ndig sich beschwert,<br>das vieles in unserem System liefe doch verkehrt.<br><br>Sie wohnt schon l\u00e4ngere Zeit im deutschen Land,<br>aber vieles in der deutschen Sprache unbekannt.<br>Sie braucht immer noch jemanden, der \u00fcbersetzt<br>und damit unsere Leistung doch sehr \u00fcbersch\u00e4tzt.<br>Mancher nur vordergr\u00fcndig in Deutschland wohnt,<br>weil unser soziales System sich f\u00fcr ihn doch lohnt.<br><br>Der Aserbaidschan-Frau sollte man doch erz\u00e4hlen<br>und die R\u00fcckreise in ihr gelobtes Land empfehlen.<br>Die, die sich \u00fcber unser System nur beschweren,<br>denen sollte man die Einreise zu uns verwehren.<br>Wer nur eingereist, um soziale Vorteile zu nutzen,<br>der sollte in Deutschland doch \u201edie Platte putzen\u201c.<br><br><strong>\u00a9<\/strong> Rainer Dambroth \u2013 11.09.2022 &#8211; <strong><a href=\"http:\/\/www.overline-poetry.de\/\">www.overline-poetry.de<\/a><\/strong><\/p>\n","protected":false},"excerpt":{"rendered":"<p>Eine Dialysepatientin, eine Frau aus Aserbaidschanist dem Despoten Putin immer noch sehr zugetan.Sie verurteilt die Waffenlieferung aus dem Westenund sieht mit Putins Krieg doch alles zum Besten.Sie lobt den Despoten f\u00fcr sein mutiges Verhalten,denn er will nur ein Gro\u00dfreich Russland gestalten. Warum ist sie hier, wenn ihr Russland so gef\u00e4llt?Sie nutzt alle sozialen Vorteile, so [&hellip;]<\/p>\n","protected":false},"author":1,"featured_media":0,"parent":0,"menu_order":0,"comment_status":"closed","ping_status":"closed","template":"","meta":{"footnotes":""},"class_list":["post-1532","page","type-page","status-publish","hentry"],"jetpack_sharing_enabled":true,"_links":{"self":[{"href":"https:\/\/overline-poetry.de\/index.php\/wp-json\/wp\/v2\/pages\/1532","targetHints":{"allow":["GET"]}}],"collection":[{"href":"https:\/\/overline-poetry.de\/index.php\/wp-json\/wp\/v2\/pages"}],"about":[{"href":"https:\/\/overline-poetry.de\/index.php\/wp-json\/wp\/v2\/types\/page"}],"author":[{"embeddable":true,"href":"https:\/\/overline-poetry.de\/index.php\/wp-json\/wp\/v2\/users\/1"}],"replies":[{"embeddable":true,"href":"https:\/\/overline-poetry.de\/index.php\/wp-json\/wp\/v2\/comments?post=1532"}],"version-history":[{"count":1,"href":"https:\/\/overline-poetry.de\/index.php\/wp-json\/wp\/v2\/pages\/1532\/revisions"}],"predecessor-version":[{"id":1536,"href":"https:\/\/overline-poetry.de\/index.php\/wp-json\/wp\/v2\/pages\/1532\/revisions\/1536"}],"wp:attachment":[{"href":"https:\/\/overline-poetry.de\/index.php\/wp-json\/wp\/v2\/media?parent=1532"}],"curies":[{"name":"wp","href":"https:\/\/api.w.org\/{rel}","templated":true}]}}