
{"id":1554,"date":"2022-04-07T15:59:00","date_gmt":"2022-04-07T15:59:00","guid":{"rendered":"https:\/\/overline-poetry.de\/?page_id=1554"},"modified":"2025-09-16T16:01:32","modified_gmt":"2025-09-16T16:01:32","slug":"bier-und-wein-vegan","status":"publish","type":"page","link":"https:\/\/overline-poetry.de\/index.php\/bier-und-wein-vegan\/","title":{"rendered":"Bier und Wein vegan?"},"content":{"rendered":"\n<p>Aus verschieden Quellen man die Information erf\u00e4hrt,<br>Bier und Wein wird mit \u201etierischer\u201c Gelatine gekl\u00e4rt.<br>Das deutsche Bier soll nach dem Gebot \u201etierisch\u201c rein.<br>Das erwarte ich als Biertrinker und so soll es auch sein.<br><br>Beim Wein will ich die Kl\u00e4rung ohne Gelatine vom Tier,<br>denn ich will auch als Veganer genie\u00dfen Wein oder Bier.<br>Beim Kauf sollte beim Lieferanten oder Winzer erkunden,<br>ob mit tierischer Gelatine Tr\u00fcbstoffe werden gebunden.<br><br>Weiter liest man die Informationen und es wurde Zeit,<br>Kl\u00e4rung mit tierischer Gelatine scheint Vergangenheit.<br>Man hat auf Kl\u00e4rung mit Pflanzenproteinen umgestellt<br>und das ist das, was auch einem Weingenie\u00dfer gef\u00e4llt.<br><br><strong>\u00a9 Rainer Dambroth &#8211; 07.04.2021 &#8211; www.overline-poetry.de<\/strong><\/p>\n","protected":false},"excerpt":{"rendered":"<p>Aus verschieden Quellen man die Information erf\u00e4hrt,Bier und Wein wird mit \u201etierischer\u201c Gelatine gekl\u00e4rt.Das deutsche Bier soll nach dem Gebot \u201etierisch\u201c rein.Das erwarte ich als Biertrinker und so soll es auch sein. Beim Wein will ich die Kl\u00e4rung ohne Gelatine vom Tier,denn ich will auch als Veganer genie\u00dfen Wein oder Bier.Beim Kauf sollte beim Lieferanten [&hellip;]<\/p>\n","protected":false},"author":1,"featured_media":0,"parent":0,"menu_order":0,"comment_status":"closed","ping_status":"closed","template":"","meta":{"footnotes":""},"class_list":["post-1554","page","type-page","status-publish","hentry"],"jetpack_sharing_enabled":true,"_links":{"self":[{"href":"https:\/\/overline-poetry.de\/index.php\/wp-json\/wp\/v2\/pages\/1554","targetHints":{"allow":["GET"]}}],"collection":[{"href":"https:\/\/overline-poetry.de\/index.php\/wp-json\/wp\/v2\/pages"}],"about":[{"href":"https:\/\/overline-poetry.de\/index.php\/wp-json\/wp\/v2\/types\/page"}],"author":[{"embeddable":true,"href":"https:\/\/overline-poetry.de\/index.php\/wp-json\/wp\/v2\/users\/1"}],"replies":[{"embeddable":true,"href":"https:\/\/overline-poetry.de\/index.php\/wp-json\/wp\/v2\/comments?post=1554"}],"version-history":[{"count":1,"href":"https:\/\/overline-poetry.de\/index.php\/wp-json\/wp\/v2\/pages\/1554\/revisions"}],"predecessor-version":[{"id":1558,"href":"https:\/\/overline-poetry.de\/index.php\/wp-json\/wp\/v2\/pages\/1554\/revisions\/1558"}],"wp:attachment":[{"href":"https:\/\/overline-poetry.de\/index.php\/wp-json\/wp\/v2\/media?parent=1554"}],"curies":[{"name":"wp","href":"https:\/\/api.w.org\/{rel}","templated":true}]}}