
{"id":1561,"date":"2024-07-13T04:51:00","date_gmt":"2024-07-13T04:51:00","guid":{"rendered":"https:\/\/overline-poetry.de\/?page_id=1561"},"modified":"2025-09-17T04:55:48","modified_gmt":"2025-09-17T04:55:48","slug":"till-schweiger-gegen-robert-habeck","status":"publish","type":"page","link":"https:\/\/overline-poetry.de\/index.php\/till-schweiger-gegen-robert-habeck\/","title":{"rendered":"Till Schweiger gegen Robert Habeck"},"content":{"rendered":"\n<p>Auch <strong>Till Schweiger<\/strong> muss unsere jetzige Regierung kritisieren,<br>als w\u00fcrde seine ungefragte Meinung irgendjemand interessieren.<br>Muss er sich denn als Schauspieler wieder interessant machen,<br>warum er mit Kritik an <strong>Robert Habeck<\/strong> aussagt solche Sachen?<br><br>Das <strong>Robert Habeck<\/strong> sich nicht richtig kann verst\u00e4ndlich erkl\u00e4ren,<br>aber die Person als unf\u00e4hig darzustellen, werde ich mich wehren<br>Warum interessierte <strong>Till Schweigers<\/strong> Meinung das \u201eBildungsblatt\u201c?<br>Weil bedingt durch das Sommerloch wohl nichts zu schreiben hat!<br><br><strong>Till Schweiger<\/strong> greift Minister <strong>Robert Habeck<\/strong> als sehr unf\u00e4hig an,<br>aber er sollte ruhig sein, weil er keine guten Filme machen kann.<br>Alle Filme, die <strong>Till Schweiger<\/strong> bisher als Regisseur hat fabriziert,<br>basieren auf Effekthascherei und haben mich nicht interessiert.<br><br>Auch gesellschaftliche Themen wurden effekthaschend zerrissen,<br>wenn ohne Hinderung l\u00e4sst den Vater in den K\u00fchlschrank pissen.<br>Dieser Film mit diesem Thema wurde in Amerika doch abgelehnt,<br><strong>Till Schweiger<\/strong> sollte sein Unverm\u00f6gen erkennen, sei hier erw\u00e4hnt.<br><br>Wenn <strong>Till Schweiger<\/strong> Schauspieler f\u00fcr zu besetzende Rollen sucht,<br>werden befreundete Weggef\u00e4hrten dann f\u00fcr diese Rollen gebucht.<br>Motto: Willst du in dem Film als Schauspieler mit \u201eaufgenommen\u201c,<br>dann will ich auch in deinem n\u00e4chsten Film eine Rolle bekommen.<br><br>Hat <strong>Till Schweiger<\/strong> durch die jetzige Regierung Nachteile erfahren,<br>oder fehlt es ihm an Objektivit\u00e4t, jetzt in seinen &#8222;\u00e4lteren Jahren&#8220;?<br>Er sollte jetzt \u00f6fter selbst einmal wieder in den Spiegel schauen,<br>wen sieht er dann: &#8222;Einen alternden <strong>Till Schweiger<\/strong> am ergrauen\u201c!<br><br><strong>\u00a9 Rainer Dambroth \u2013 13.07.2024 \u2013 <a href=\"http:\/\/www.overline-poetry.de\/\">www.overline-poetry.de<\/a><\/strong><br><br><strong>&#8222;Unglaubliches Wirrwarr&#8220;: US-Version von &#8222;Honig im Kopf&#8220; wird von Kritikern vernichtet.<br>Internet &#8211; 06.12.2023<\/strong><br><br><strong>Nur 12.000 Dollar spielte der Film &#8222;Head Full Of Honey&#8220; ein und schon nach einer Woche verschwand der Film aus den Kinos.<\/strong><br><strong>Internet &#8211; 30.06.2024<\/strong><\/p>\n","protected":false},"excerpt":{"rendered":"<p>Auch Till Schweiger muss unsere jetzige Regierung kritisieren,als w\u00fcrde seine ungefragte Meinung irgendjemand interessieren.Muss er sich denn als Schauspieler wieder interessant machen,warum er mit Kritik an Robert Habeck aussagt solche Sachen? Das Robert Habeck sich nicht richtig kann verst\u00e4ndlich erkl\u00e4ren,aber die Person als unf\u00e4hig darzustellen, werde ich mich wehrenWarum interessierte Till Schweigers Meinung das \u201eBildungsblatt\u201c?Weil [&hellip;]<\/p>\n","protected":false},"author":1,"featured_media":0,"parent":0,"menu_order":0,"comment_status":"closed","ping_status":"closed","template":"","meta":{"footnotes":""},"class_list":["post-1561","page","type-page","status-publish","hentry"],"jetpack_sharing_enabled":true,"_links":{"self":[{"href":"https:\/\/overline-poetry.de\/index.php\/wp-json\/wp\/v2\/pages\/1561","targetHints":{"allow":["GET"]}}],"collection":[{"href":"https:\/\/overline-poetry.de\/index.php\/wp-json\/wp\/v2\/pages"}],"about":[{"href":"https:\/\/overline-poetry.de\/index.php\/wp-json\/wp\/v2\/types\/page"}],"author":[{"embeddable":true,"href":"https:\/\/overline-poetry.de\/index.php\/wp-json\/wp\/v2\/users\/1"}],"replies":[{"embeddable":true,"href":"https:\/\/overline-poetry.de\/index.php\/wp-json\/wp\/v2\/comments?post=1561"}],"version-history":[{"count":1,"href":"https:\/\/overline-poetry.de\/index.php\/wp-json\/wp\/v2\/pages\/1561\/revisions"}],"predecessor-version":[{"id":1565,"href":"https:\/\/overline-poetry.de\/index.php\/wp-json\/wp\/v2\/pages\/1561\/revisions\/1565"}],"wp:attachment":[{"href":"https:\/\/overline-poetry.de\/index.php\/wp-json\/wp\/v2\/media?parent=1561"}],"curies":[{"name":"wp","href":"https:\/\/api.w.org\/{rel}","templated":true}]}}