
{"id":1568,"date":"2022-01-08T14:14:00","date_gmt":"2022-01-08T14:14:00","guid":{"rendered":"https:\/\/overline-poetry.de\/?page_id=1568"},"modified":"2025-09-17T14:18:20","modified_gmt":"2025-09-17T14:18:20","slug":"amtsschimmelreiter","status":"publish","type":"page","link":"https:\/\/overline-poetry.de\/index.php\/amtsschimmelreiter\/","title":{"rendered":"Amtsschimmelreiter"},"content":{"rendered":"\n<p>In das \u00f6ffentliche Amt, in das man mit seinem Anliegen geht,<br>meistens aus Mitarbeitern, den Amtsschimmelreitern, besteht.<br>Ich rege mich nicht erst auf, denn ich bin schon zu sehr erregt,<br>wie man den Umgang mit den beantragenden B\u00fcrgern pflegt.<br><br>Ein Amt besteht meistens aus sehr vielen Amtsschimmelreitern<br>und das kann bei der Antragsstellung dann auch nicht erheitern.<br>Hier werden, getreu nach dem Gesetz, die Paragraphen geritten<br>und mit den Antragsstellern um Erlasse oder Gesetze gestritten.<br><br>Im Amt sich jemand au\u00dferhalb der zul\u00e4ssigen Grenzen bewegt,<br>den Unmut seiner Kollegen und Vorgesetzten gegen sich erregt.<br>Entschieden wird nicht immer mit gesunden Menschenverstand,<br>denn dann bek\u00e4men die geplanten Vorhaben auch Fu\u00df und Hand.<br><br>Jeder Vorgang muss \u00fcber alle H\u00fcrden der \u00c4mter geritten werden,<br>jeder Amtsschimmelreiter will doch Besch\u00e4ftigung hier auf Erden.<br>Ist jemand abwesend, dann geht der Vorgang nicht mehr weiter,<br>denn es geht nichts ohne alle Instanzen der Amtsschimmelreiter.<br><br>Alles im \u00f6ffentlichen Amt braucht doch seine Bearbeitungszeit,<br>bevor man Ergebnisse sieht oder der Amtsschimmelreiter bereit.<br>Zuerst wird eine Kundennummer an einem Automaten gezogen<br>und man muss geduldig warten, bis die Wartezeit ist verflogen.<br><br>Bei manchen Entscheidungen sich doch der Verdacht dann regt,<br>dass man bei einigen Dingen die Amtsschimmelreiterei nur pflegt.<br>Jeder will seinen Stempel setzen und die Akten unterschreiben,<br>denn er will ja im Amt bei den anderen Schimmelreitern bleiben.<br><br>Jeder Antrag und Vorgang wird belastet vom Amt mit Geb\u00fchren<br>denn sie m\u00fcssen den Betrieb der Amtsschimmelreiter finanzieren.<br>Solch ein Amtsschimmelreitstall ist im Unterhalt auch sehr teuer,<br>aber den Differenzbetrag finanziert man einfach durch die Steuer.<br><br><strong>\u00a9<\/strong> Rainer Dambroth &#8211; 08.01.2022 &#8211; <strong><a href=\"http:\/\/www.overline-poetry.de\/\">www.overline-poetry.de<\/a><\/strong><\/p>\n","protected":false},"excerpt":{"rendered":"<p>In das \u00f6ffentliche Amt, in das man mit seinem Anliegen geht,meistens aus Mitarbeitern, den Amtsschimmelreitern, besteht.Ich rege mich nicht erst auf, denn ich bin schon zu sehr erregt,wie man den Umgang mit den beantragenden B\u00fcrgern pflegt. Ein Amt besteht meistens aus sehr vielen Amtsschimmelreiternund das kann bei der Antragsstellung dann auch nicht erheitern.Hier werden, getreu [&hellip;]<\/p>\n","protected":false},"author":1,"featured_media":0,"parent":0,"menu_order":0,"comment_status":"closed","ping_status":"closed","template":"","meta":{"footnotes":""},"class_list":["post-1568","page","type-page","status-publish","hentry"],"jetpack_sharing_enabled":true,"_links":{"self":[{"href":"https:\/\/overline-poetry.de\/index.php\/wp-json\/wp\/v2\/pages\/1568","targetHints":{"allow":["GET"]}}],"collection":[{"href":"https:\/\/overline-poetry.de\/index.php\/wp-json\/wp\/v2\/pages"}],"about":[{"href":"https:\/\/overline-poetry.de\/index.php\/wp-json\/wp\/v2\/types\/page"}],"author":[{"embeddable":true,"href":"https:\/\/overline-poetry.de\/index.php\/wp-json\/wp\/v2\/users\/1"}],"replies":[{"embeddable":true,"href":"https:\/\/overline-poetry.de\/index.php\/wp-json\/wp\/v2\/comments?post=1568"}],"version-history":[{"count":1,"href":"https:\/\/overline-poetry.de\/index.php\/wp-json\/wp\/v2\/pages\/1568\/revisions"}],"predecessor-version":[{"id":1572,"href":"https:\/\/overline-poetry.de\/index.php\/wp-json\/wp\/v2\/pages\/1568\/revisions\/1572"}],"wp:attachment":[{"href":"https:\/\/overline-poetry.de\/index.php\/wp-json\/wp\/v2\/media?parent=1568"}],"curies":[{"name":"wp","href":"https:\/\/api.w.org\/{rel}","templated":true}]}}