
{"id":1575,"date":"2021-01-08T14:27:00","date_gmt":"2021-01-08T14:27:00","guid":{"rendered":"https:\/\/overline-poetry.de\/?page_id=1575"},"modified":"2025-09-17T14:29:56","modified_gmt":"2025-09-17T14:29:56","slug":"atomkraft-nein-danke","status":"publish","type":"page","link":"https:\/\/overline-poetry.de\/index.php\/atomkraft-nein-danke\/","title":{"rendered":"Atomkraft? &#8211; Nein danke!"},"content":{"rendered":"\n<p>Es wird von der Politik so getan, als gebe es ohne Atom kein morgen mehr<br>und es fehlt der Strom f\u00fcr die Produktion und der K\u00fchlschrank bleibt leer.<br>Hier geht es gegen andere nicht gewollte Energien und Konzerninteressen.<br>Man verkauft es als zwingende Not und der B\u00fcrger wird es schon &#8222;fressen&#8220;.<br><br>Solange die gefolgstreuen B\u00fcrger der regierenden Politik noch alles glauben,<br>solange kann sich die Politik die Atomkraft mit den Risiken noch erlauben.<br>Wenn die besorgten B\u00fcrger die Sicherheit und Lagerung stellen als Fragen,<br>kann man die Atomkraftwerke als nicht mehr sicher dem B\u00fcrger dann sagen.<br><br>Man braucht sich nur an die Katastrophe 1986 in Tschernobyl zur\u00fcck besinnen,<br>dann merkt man, dass man gegen eine Atomkatastrophe kann nicht gewinnen.<br>Kindergarten und Schulen riefen an und fragten: &#8222;Wie sollen wir uns verhalten,<br>wie sollen wir mit der gebotenen Sicherheit die p\u00e4dagogische Arbeit gestalten?&#8220;<br><br>Erinnern wir uns an die Reaktorkatastrophe 2011 im Atomreaktor Fukushima,<br>es wurde es eine Bedrohung f\u00fcr unsere Umwelt und auch f\u00fcr unser Weltklima.<br>Verstrahltes Wasser soll eingeleitet werden ins offene Meer noch dieses Jahr,<br>aber wie reagiert das Leben im Wasser und wo entsteht mutierende Gefahr.<br><br>Wenn ein Atomkraftwerk hat ausgedient oder baulich heruntergekommen,<br>es kann kein Strom mehr produzieren und wird dann vom Netz genommen,<br>Wohin mit den verstrahlten Bauteilen und wie will man es dann entsorgen?<br>Denken wir weiter in die Zukunft unserer Kinder und nicht nur an morgen!<br><br>Mit dem Sonnenlicht, Energie mit dem Wind und auch mit der Wasserkraft<br>man Energie f\u00fcr Haus, Wirtschaft und Produktion umweltfreundlich schafft.<br>Wenn bei den Turbinen und Paneelen die Lebensleistung ist ausgehaucht,<br>werden sie verschrottet und die Grundstoffe f\u00fcr Neues wieder verbraucht.<br><br><strong>\u00a9<\/strong> Rainer Dambroth &#8211; 08.01.2021 &#8211; <strong><a href=\"https:\/\/www.overline-poetry.de\/\">www.overline-poetry.de<\/a><\/strong><\/p>\n","protected":false},"excerpt":{"rendered":"<p>Es wird von der Politik so getan, als gebe es ohne Atom kein morgen mehrund es fehlt der Strom f\u00fcr die Produktion und der K\u00fchlschrank bleibt leer.Hier geht es gegen andere nicht gewollte Energien und Konzerninteressen.Man verkauft es als zwingende Not und der B\u00fcrger wird es schon &#8222;fressen&#8220;. Solange die gefolgstreuen B\u00fcrger der regierenden Politik [&hellip;]<\/p>\n","protected":false},"author":1,"featured_media":0,"parent":0,"menu_order":0,"comment_status":"closed","ping_status":"closed","template":"","meta":{"footnotes":""},"class_list":["post-1575","page","type-page","status-publish","hentry"],"jetpack_sharing_enabled":true,"_links":{"self":[{"href":"https:\/\/overline-poetry.de\/index.php\/wp-json\/wp\/v2\/pages\/1575","targetHints":{"allow":["GET"]}}],"collection":[{"href":"https:\/\/overline-poetry.de\/index.php\/wp-json\/wp\/v2\/pages"}],"about":[{"href":"https:\/\/overline-poetry.de\/index.php\/wp-json\/wp\/v2\/types\/page"}],"author":[{"embeddable":true,"href":"https:\/\/overline-poetry.de\/index.php\/wp-json\/wp\/v2\/users\/1"}],"replies":[{"embeddable":true,"href":"https:\/\/overline-poetry.de\/index.php\/wp-json\/wp\/v2\/comments?post=1575"}],"version-history":[{"count":1,"href":"https:\/\/overline-poetry.de\/index.php\/wp-json\/wp\/v2\/pages\/1575\/revisions"}],"predecessor-version":[{"id":1579,"href":"https:\/\/overline-poetry.de\/index.php\/wp-json\/wp\/v2\/pages\/1575\/revisions\/1579"}],"wp:attachment":[{"href":"https:\/\/overline-poetry.de\/index.php\/wp-json\/wp\/v2\/media?parent=1575"}],"curies":[{"name":"wp","href":"https:\/\/api.w.org\/{rel}","templated":true}]}}