
{"id":1582,"date":"2022-02-11T14:38:00","date_gmt":"2022-02-11T14:38:00","guid":{"rendered":"https:\/\/overline-poetry.de\/?page_id=1582"},"modified":"2025-09-17T14:40:04","modified_gmt":"2025-09-17T14:40:04","slug":"atomkraft-wird-gruen-angemalt","status":"publish","type":"page","link":"https:\/\/overline-poetry.de\/index.php\/atomkraft-wird-gruen-angemalt\/","title":{"rendered":"Atomkraft wird gr\u00fcn (angemalt)?"},"content":{"rendered":"\n<p>\u00dcber 40 Jahre die Menschen gegen den Einsatz von Atomenergie k\u00e4mpfen,<br>aber die \u201egr\u00fcne Atomenergie&#8220; wird jetzt all unsere Hoffnungen d\u00e4mpfen.<br>Die Energie mit Atomkraft soll doch jetzt als \u201enachhaltig\u201c eingestuft werden,<br>aber jeder wei\u00df, dass sie noch lange sch\u00e4dlich strahlen wird, hier auf Erden.<br><br>Das Problem ist die Endlagerung und w\u00e4hrend des Betriebes das Risiko.<br>was in einem St\u00f6rfall die Menschheit macht dann nicht mehr froh.<br>Die Katastrophen in Tschernobyl und Fukushima sollten uns belehren,<br>damit wir uns gegen eine Energieversorgung mit Atomkraft wehren.<br><br>Man wei\u00df, dass Abf\u00e4lle aus Atomenergie zig-tausend Jahre strahlen,<br>deswegen will man diese dann jetzt einfach mit gr\u00fcner Farbe anmalen.<br>Die Entscheider, die das beschlossen, sind schon \u00fcber den Lebenszenit<br>und bekommen die Umwelt-Katastrophen bei der Entsorgung nicht mit.<br><br>Die Natur hat uns im \u00dcberfluss Wasser, die Sonne und den Wind gegeben,<br>um umweltfreundlich zu planen, damit wir mit sauberer Energie dann leben.<br>Hier gibt es keine Probleme der Entsorgung und wird nachhaltig gehandelt.<br>Wenn die Produktion ersch\u00f6pft, werden sie in Rohstoffe zur\u00fcck verwandelt<br><br>Die Altregierung hat es vers\u00e4umt und die Weichen nicht rechtzeitig gestellt.<br>Jetzt stehen wir vor dem \u201eScherbenhaufen\u201c und das kostet sehr viel Geld.<br>Denn einfach die Kraftwerke abzuschalten, dass war kein guter Entschluss<br>jetzt haben wir ein massives Energieproblem und das macht nur Verdruss.<br><br>Wenn die regierende Politik zu stark mit den Energiekonzernen ist verbandelt,<br>dann sie nicht immer, gem\u00e4\u00df ihrem Eid, zum Vorteil der Verbraucher handelt.<br>Die Abh\u00e4ngigkeit vom Gas aus Russland wird sich schon bald f\u00fcr uns r\u00e4chen.<br>Dem Despoten Putin kann man nicht trauen, mag er noch so viel versprechen!<br><br><strong>\u00a9<\/strong> Rainer Dambroth &#8211; 11.02.2022 &#8211; <strong><a href=\"http:\/\/www.overline-poetry.de\/\">www.overline-poetry.de<\/a><\/strong><\/p>\n","protected":false},"excerpt":{"rendered":"<p>\u00dcber 40 Jahre die Menschen gegen den Einsatz von Atomenergie k\u00e4mpfen,aber die \u201egr\u00fcne Atomenergie&#8220; wird jetzt all unsere Hoffnungen d\u00e4mpfen.Die Energie mit Atomkraft soll doch jetzt als \u201enachhaltig\u201c eingestuft werden,aber jeder wei\u00df, dass sie noch lange sch\u00e4dlich strahlen wird, hier auf Erden. Das Problem ist die Endlagerung und w\u00e4hrend des Betriebes das Risiko.was in einem [&hellip;]<\/p>\n","protected":false},"author":1,"featured_media":0,"parent":0,"menu_order":0,"comment_status":"closed","ping_status":"closed","template":"","meta":{"footnotes":""},"class_list":["post-1582","page","type-page","status-publish","hentry"],"jetpack_sharing_enabled":true,"_links":{"self":[{"href":"https:\/\/overline-poetry.de\/index.php\/wp-json\/wp\/v2\/pages\/1582","targetHints":{"allow":["GET"]}}],"collection":[{"href":"https:\/\/overline-poetry.de\/index.php\/wp-json\/wp\/v2\/pages"}],"about":[{"href":"https:\/\/overline-poetry.de\/index.php\/wp-json\/wp\/v2\/types\/page"}],"author":[{"embeddable":true,"href":"https:\/\/overline-poetry.de\/index.php\/wp-json\/wp\/v2\/users\/1"}],"replies":[{"embeddable":true,"href":"https:\/\/overline-poetry.de\/index.php\/wp-json\/wp\/v2\/comments?post=1582"}],"version-history":[{"count":1,"href":"https:\/\/overline-poetry.de\/index.php\/wp-json\/wp\/v2\/pages\/1582\/revisions"}],"predecessor-version":[{"id":1586,"href":"https:\/\/overline-poetry.de\/index.php\/wp-json\/wp\/v2\/pages\/1582\/revisions\/1586"}],"wp:attachment":[{"href":"https:\/\/overline-poetry.de\/index.php\/wp-json\/wp\/v2\/media?parent=1582"}],"curies":[{"name":"wp","href":"https:\/\/api.w.org\/{rel}","templated":true}]}}