
{"id":1589,"date":"2023-07-07T14:53:00","date_gmt":"2023-07-07T14:53:00","guid":{"rendered":"https:\/\/overline-poetry.de\/?page_id=1589"},"modified":"2025-09-17T15:39:51","modified_gmt":"2025-09-17T15:39:51","slug":"der-moloch-verwaltung-verwaltet-uns-kaputt","status":"publish","type":"page","link":"https:\/\/overline-poetry.de\/index.php\/der-moloch-verwaltung-verwaltet-uns-kaputt\/","title":{"rendered":"Der Moloch Verwaltung verwaltet uns kaputt!"},"content":{"rendered":"\n<p>Der Verwaltungsmoloch sucht sich immer neue Wirkungsbereiche<br>und mit einer tr\u00e4gen Verwaltungskrake, womit ich das vergleiche.<br>Die Krakenarme ertasten zur \u201eEntschleunigung\u201c bremsende Wege,<br>so dass die Verwaltungsabl\u00e4ufe bleiben auch immer \u201esch\u00f6n tr\u00e4ge\u201c.<br>Wenn man die zu verwaltenden Vorgangsakten zu schnell bewegt,<br>dann beim n\u00e4chsten Mal der \u201eVerwaltungsstress\u201c einem erschl\u00e4gt.<br><br>Eine Dokumentation \u00fcber Schwerlasttransporten zeigte im Bericht<br>und auf die gezeigte \u201eGenehmigungsentschleunigung\u201c ist Verzicht.<br>Planungen und Genehmigungen wie bei \u201eHase und Igel\u201c zu sehen,<br>aber kennt man Beh\u00f6rdenabl\u00e4ufe, dann wird man dieses verstehen.<br>Sind die Schwertransporte von Windkraftanlagen minuzi\u00f6s geplant,<br>dann kommt die Verwaltung \u201eins Spiel\u201c und ihr es doch schon ahnt.<br><br>Die Routen-Planungen sind zur Zeit nicht pr\u00e4zise zu koordinieren,<br>denn pl\u00f6tzlich gibt es eine Baustelle und man wird dann verlieren.<br>Weil Beh\u00f6rden untereinander nicht austauschend kommunizieren,<br>die Antragssteller mit ihrer Planung wieder verlorene Zeit riskieren.<br>Aber die geplanten Baustellen sind schon sehr weit vorher in Sicht,<br>aber bei zu langen Bearbeitungszeiten, sieht man diese wohl nicht.<br><br>Die Beh\u00f6rden sollten sich doch Problembezogen besser vernetzen,<br>das kommt den Planern zu Gute und die wissen das zu sch\u00e4tzen.<br>Alle betroffenen Beh\u00f6rden rechtzeitig in L\u00f6sungssuchen einbinden<br>und alle sollten stets bem\u00fcht, L\u00f6sungen f\u00fcr die Probleme zu finden.<br>Vor allem sollten Dienstwege verwaltungstechnisch kurz verbunden,<br>f\u00fcr kurze Dienstwege wurden doch Telefon und Computer erfunden.<br><br>\u00a9 Rainer Dambroth &#8211; 07.07.2023 &#8211; <strong><a href=\"http:\/\/www.overline-poetry.de\/\">www.overline-poetry.de<\/a><\/strong><br><br><strong><em>Die Genehmigungsverfahren f\u00fcr Schwertransporte (z.B. Windkraftanlagen) zu den Zielorten dauern oft zu lange und werden oftmals dadurch falsch geplant, wenn f\u00fcr den angedachten Zeitplan  z.B. beh\u00f6rdlich geplante Baustellen f\u00fcr die Routenplanung nicht bekannt bzw. f\u00fcr die Routenplaner noch nicht einsehbar sind.<\/em><\/strong><\/p>\n","protected":false},"excerpt":{"rendered":"<p>Der Verwaltungsmoloch sucht sich immer neue Wirkungsbereicheund mit einer tr\u00e4gen Verwaltungskrake, womit ich das vergleiche.Die Krakenarme ertasten zur \u201eEntschleunigung\u201c bremsende Wege,so dass die Verwaltungsabl\u00e4ufe bleiben auch immer \u201esch\u00f6n tr\u00e4ge\u201c.Wenn man die zu verwaltenden Vorgangsakten zu schnell bewegt,dann beim n\u00e4chsten Mal der \u201eVerwaltungsstress\u201c einem erschl\u00e4gt. Eine Dokumentation \u00fcber Schwerlasttransporten zeigte im Berichtund auf die gezeigte \u201eGenehmigungsentschleunigung\u201c [&hellip;]<\/p>\n","protected":false},"author":1,"featured_media":0,"parent":0,"menu_order":0,"comment_status":"closed","ping_status":"closed","template":"","meta":{"footnotes":""},"class_list":["post-1589","page","type-page","status-publish","hentry"],"jetpack_sharing_enabled":true,"_links":{"self":[{"href":"https:\/\/overline-poetry.de\/index.php\/wp-json\/wp\/v2\/pages\/1589","targetHints":{"allow":["GET"]}}],"collection":[{"href":"https:\/\/overline-poetry.de\/index.php\/wp-json\/wp\/v2\/pages"}],"about":[{"href":"https:\/\/overline-poetry.de\/index.php\/wp-json\/wp\/v2\/types\/page"}],"author":[{"embeddable":true,"href":"https:\/\/overline-poetry.de\/index.php\/wp-json\/wp\/v2\/users\/1"}],"replies":[{"embeddable":true,"href":"https:\/\/overline-poetry.de\/index.php\/wp-json\/wp\/v2\/comments?post=1589"}],"version-history":[{"count":1,"href":"https:\/\/overline-poetry.de\/index.php\/wp-json\/wp\/v2\/pages\/1589\/revisions"}],"predecessor-version":[{"id":1593,"href":"https:\/\/overline-poetry.de\/index.php\/wp-json\/wp\/v2\/pages\/1589\/revisions\/1593"}],"wp:attachment":[{"href":"https:\/\/overline-poetry.de\/index.php\/wp-json\/wp\/v2\/media?parent=1589"}],"curies":[{"name":"wp","href":"https:\/\/api.w.org\/{rel}","templated":true}]}}