
{"id":1596,"date":"2021-02-09T15:55:00","date_gmt":"2021-02-09T15:55:00","guid":{"rendered":"https:\/\/overline-poetry.de\/?page_id=1596"},"modified":"2025-09-17T15:57:19","modified_gmt":"2025-09-17T15:57:19","slug":"das-unorganisierte-versprechen-impftermin-in-niedersachsen","status":"publish","type":"page","link":"https:\/\/overline-poetry.de\/index.php\/das-unorganisierte-versprechen-impftermin-in-niedersachsen\/","title":{"rendered":"&#8222;Das unorganisierte Versprechen&#8220; &#8211; Impftermin in Niedersachsen?!"},"content":{"rendered":"\n<p>Wir versuchten pausenlos einen Impftermin zu bekommen,<br>sind von dem &#8222;Besetztzeichen&#8220; am Telefon schon benommen,<br>denn den ganzen Tag kein freies &#8222;Impftermin-Service-Telefon&#8220;,<br>nach endlosen W\u00e4hlen h\u00f6rt man nur den &#8222;Besetztzeichenton&#8220;.<br><br>Dezentral w\u00e4re die bessere L\u00f6sung, um flexibler zu reagieren,<br>denn bei dieser zentralen Planung die B\u00fcrger nur verlieren.<br>Wenn 700.000 B\u00fcrger w\u00e4hlen dieses Termin-Service-Telefon,<br>f\u00fcr die meisten Anrufer, bei dieser Planung, war es das schon.<br><br>Unsere Freunde warten, bis sich der Andrang hat sich gelegt!<br>Wie lange soll man warten, bis sich die n\u00e4chste Gruppe bewegt?<br>Diese Gruppe wird erheblich gr\u00f6\u00dfer sein und das gleiche Spiel.<br>Wenn sich so weiter schleppt, sind wir noch lange nicht am Ziel.<br><br>Das politische Versprechen, welches wir haben ernst genommen,<br>dass jeder Niedersachse wird in K\u00fcrze eine Impfung bekommen.<br>Diese gro\u00dfe Hoffnung haben wir letztendlich schon aufgegeben,<br>bei dieser Unorganisation wird es keine Termine f\u00fcr uns geben!<br><br><strong>\u00a9<\/strong> Rainer Dambroth &#8211; 09.02.2021 &#8211; <strong><a href=\"http:\/\/www.overline-poetry.de\" data-type=\"URL\" data-id=\"http:\/\/www.overline-poetry.de\">www.overline-poetry.de<\/a><\/strong><\/p>\n","protected":false},"excerpt":{"rendered":"<p>Wir versuchten pausenlos einen Impftermin zu bekommen,sind von dem &#8222;Besetztzeichen&#8220; am Telefon schon benommen,denn den ganzen Tag kein freies &#8222;Impftermin-Service-Telefon&#8220;,nach endlosen W\u00e4hlen h\u00f6rt man nur den &#8222;Besetztzeichenton&#8220;. Dezentral w\u00e4re die bessere L\u00f6sung, um flexibler zu reagieren,denn bei dieser zentralen Planung die B\u00fcrger nur verlieren.Wenn 700.000 B\u00fcrger w\u00e4hlen dieses Termin-Service-Telefon,f\u00fcr die meisten Anrufer, bei dieser Planung, [&hellip;]<\/p>\n","protected":false},"author":1,"featured_media":0,"parent":0,"menu_order":0,"comment_status":"closed","ping_status":"closed","template":"","meta":{"footnotes":""},"class_list":["post-1596","page","type-page","status-publish","hentry"],"jetpack_sharing_enabled":true,"_links":{"self":[{"href":"https:\/\/overline-poetry.de\/index.php\/wp-json\/wp\/v2\/pages\/1596","targetHints":{"allow":["GET"]}}],"collection":[{"href":"https:\/\/overline-poetry.de\/index.php\/wp-json\/wp\/v2\/pages"}],"about":[{"href":"https:\/\/overline-poetry.de\/index.php\/wp-json\/wp\/v2\/types\/page"}],"author":[{"embeddable":true,"href":"https:\/\/overline-poetry.de\/index.php\/wp-json\/wp\/v2\/users\/1"}],"replies":[{"embeddable":true,"href":"https:\/\/overline-poetry.de\/index.php\/wp-json\/wp\/v2\/comments?post=1596"}],"version-history":[{"count":1,"href":"https:\/\/overline-poetry.de\/index.php\/wp-json\/wp\/v2\/pages\/1596\/revisions"}],"predecessor-version":[{"id":1600,"href":"https:\/\/overline-poetry.de\/index.php\/wp-json\/wp\/v2\/pages\/1596\/revisions\/1600"}],"wp:attachment":[{"href":"https:\/\/overline-poetry.de\/index.php\/wp-json\/wp\/v2\/media?parent=1596"}],"curies":[{"name":"wp","href":"https:\/\/api.w.org\/{rel}","templated":true}]}}