
{"id":1603,"date":"2021-03-08T16:10:00","date_gmt":"2021-03-08T16:10:00","guid":{"rendered":"https:\/\/overline-poetry.de\/?page_id=1603"},"modified":"2025-09-17T16:13:18","modified_gmt":"2025-09-17T16:13:18","slug":"maskenball-bei-cdu-und-csu-nuesslein-loebel-sauter-und-co","status":"publish","type":"page","link":"https:\/\/overline-poetry.de\/index.php\/maskenball-bei-cdu-und-csu-nuesslein-loebel-sauter-und-co\/","title":{"rendered":"Maskenball bei CDU und CSU! N\u00fcsslein, L\u00f6bel, Sauter und Co?"},"content":{"rendered":"\n<p>Jedem Bundestagsabgeordneten wurde der Eid abgenommen<br>und hat dieses Gel\u00f6bnis hoffentlich auch ernst genommen.<br>Der Schwur ist, Schaden vom deutschen Volke abzuwenden<br>und nicht das Geld des Volkes f\u00fcr sich zu verschwenden.<br><br>Ich w\u00fcrde mich doch sehr tief in &#8222;Grund und Boden&#8220; sch\u00e4men,<br>t\u00e4te ich unberechtigt vom Steuergeld etwas f\u00fcr mich nehmen.<br>Aber bei diesem Typ Abgeordneter scheint das v\u00f6llig normal.<br>Jeder nimmt sich was er bekommen kann! Wie, ist doch egal!<br><br>Das ist sehr besorgniserregend und schon fast lasterhaft,<br>wie mancher Politiker f\u00fcr das Vertrauen der W\u00e4hler schafft.<br>Vertr\u00e4ge in Volkes Namen werden mit sich abgeschlossen,<br>die Vorteile und das Geld, werden dann alleine genossen.<br><br>Das Unrechtsbewusstsein ist sehr schnell verloren gegangen,<br>wenn man in Kreisen der &#8222;Steuerverschwender&#8220; ist gefangen.<br>Wenn man in den Kreisen der Verschwender ist angekommen,<br>dann wird das Steuergeld des Volkes sehr gerne angenommen.<br><br>Diese Bereicherungsmentalit\u00e4t l\u00e4sst den W\u00e4hlern Haare raufen,<br>denn sie haben keine M\u00f6glichkeit, sich Lobbyisten zu erkaufen.<br>Die Politiker werden von den Lobbyisten nur dann &#8222;geschmiert&#8220;,<br>wenn der Lobbyist bei dem Ergebnis gewinnt und nicht verliert.<br><br>Wie verkommen sind doch einige Abgeordnete unserer Politik,<br>denn sie beweisen f\u00fcr das, was sie so tun, sehr wenig Geschick.<br>Das sich die Politiker sich gegen ein Lobbyregister aussprechen,<br>wird sich sp\u00e4testens bei der n\u00e4chsten Wahl an sie dann r\u00e4chen.<br><br>Die Firma f\u00fcr die man arbeitet oder Lobbyisten, die man kennt,<br>nicht so gerne und vor allem nicht offiziell beim Namen nennt.<br>Die W\u00e4hlerschaft soll bei den Abgeordneten doch nicht ersehen,<br>bei welchem Lobbyisten sie auch mit auf der Gehaltsliste stehen.<br><br>Auch bei dem Bundestagsabgeordeten der Philipp Ampthor,<br>kommt einem seine Vorgehensweise schon merkw\u00fcrdig vor.<br>Dieses, als Anf\u00e4ngerfehler ihm zu entschuldigen und verzeihen.<br>l\u00e4sst seinen Kontaktversuch auf keinen guten Boden gedeihen.<br><br>Wir brauchen Politiker die regieren mit Herz und Leidenschaft<br>und nicht dem deutschen Volk Schmerz und Leiden verschafft.<br>Wir brauchen eine gute Mischung aus vielen Berufsbereichen<br>und nicht nur &#8222;Gauner&#8220;, die sich das Steuergeld erschleichen.<br><br><strong>\u00a9<\/strong> Rainer Dambroth &#8211; 08.03.2021 &#8211; <strong><a href=\"https:\/\/www.overline-poetry.de\">www.overline-poetry.de<\/a><\/strong><\/p>\n","protected":false},"excerpt":{"rendered":"<p>Jedem Bundestagsabgeordneten wurde der Eid abgenommenund hat dieses Gel\u00f6bnis hoffentlich auch ernst genommen.Der Schwur ist, Schaden vom deutschen Volke abzuwendenund nicht das Geld des Volkes f\u00fcr sich zu verschwenden. Ich w\u00fcrde mich doch sehr tief in &#8222;Grund und Boden&#8220; sch\u00e4men,t\u00e4te ich unberechtigt vom Steuergeld etwas f\u00fcr mich nehmen.Aber bei diesem Typ Abgeordneter scheint das v\u00f6llig [&hellip;]<\/p>\n","protected":false},"author":1,"featured_media":0,"parent":0,"menu_order":0,"comment_status":"closed","ping_status":"closed","template":"","meta":{"footnotes":""},"class_list":["post-1603","page","type-page","status-publish","hentry"],"jetpack_sharing_enabled":true,"_links":{"self":[{"href":"https:\/\/overline-poetry.de\/index.php\/wp-json\/wp\/v2\/pages\/1603","targetHints":{"allow":["GET"]}}],"collection":[{"href":"https:\/\/overline-poetry.de\/index.php\/wp-json\/wp\/v2\/pages"}],"about":[{"href":"https:\/\/overline-poetry.de\/index.php\/wp-json\/wp\/v2\/types\/page"}],"author":[{"embeddable":true,"href":"https:\/\/overline-poetry.de\/index.php\/wp-json\/wp\/v2\/users\/1"}],"replies":[{"embeddable":true,"href":"https:\/\/overline-poetry.de\/index.php\/wp-json\/wp\/v2\/comments?post=1603"}],"version-history":[{"count":1,"href":"https:\/\/overline-poetry.de\/index.php\/wp-json\/wp\/v2\/pages\/1603\/revisions"}],"predecessor-version":[{"id":1607,"href":"https:\/\/overline-poetry.de\/index.php\/wp-json\/wp\/v2\/pages\/1603\/revisions\/1607"}],"wp:attachment":[{"href":"https:\/\/overline-poetry.de\/index.php\/wp-json\/wp\/v2\/media?parent=1603"}],"curies":[{"name":"wp","href":"https:\/\/api.w.org\/{rel}","templated":true}]}}