
{"id":1617,"date":"2023-09-10T04:39:00","date_gmt":"2023-09-10T04:39:00","guid":{"rendered":"https:\/\/overline-poetry.de\/?page_id=1617"},"modified":"2025-09-19T04:41:03","modified_gmt":"2025-09-19T04:41:03","slug":"verdient-das-handwerk-sich-immer-dein-vertrauen-leben-und-leben-lassen","status":"publish","type":"page","link":"https:\/\/overline-poetry.de\/index.php\/verdient-das-handwerk-sich-immer-dein-vertrauen-leben-und-leben-lassen\/","title":{"rendered":"Verdient das Handwerk sich immer dein Vertrauen? Leben und leben lassen!"},"content":{"rendered":"\n<p>Ob die Werkstatt hat auch verdient dein volles Vertrauen<br>oder ob sie sich entwickelt hat, zu einem Ort des Grauen.<br>Mit \u201eAugenma\u00df\u201c sollte man bei einer Reparatur \u201ebetr\u00fcgen\u201c<br>und Kunden, die man halten will, sollte man nicht bel\u00fcgen.<br>Vertrauen ist gut, aber besser ist doch Vertrauen zu geben,<br>so l\u00e4sst es sich gut f\u00fcr den Kunden mit der Werkstatt leben.<br><br>Bei Reparaturen von Haushaltsger\u00e4t wird oft mehr ersetzt,<br>so dass der Kunde beim Anblick der Rechnung ist entsetzt.<br>Manchmal sind es nur Fehlbedienungen oder Kleinigkeiten,<br>die den Kunden bei der Anwendung dann Sorgen bereiten.<br>Zu viel wird ersetzt oder getauscht ein komplettes Element,<br>weil der Kunde zu ahnungslos und den Fehler nicht erkennt<br><br>Mit den Autoreparaturen kann gutes Geld verdient werden,<br>denn man verdient auch gut an Ersatzteilen hier auf Erden.<br>Die Austauschteile geben lassen und bei sich \u201eentsorgen\u201c,<br>sonst diese \u201everbaut\u201c, bei einem Kundenfahrzeug morgen.<br>Verbeulte Blechteile, k\u00f6nnen \u201eungesehen\u201c in den Schrott,<br>denn die machen doch kein weiteres Fahrzeug wieder flott.<br><br>So manches Teil, was im Fahrzeug sehr versteckt verbaut,<br>sieht der Kunde erst, wenn er auf seine Rechnung schaut.<br>So manches Teil wird nicht ersetzt, sondern nur fakturiert,<br>mit Hoffnung, dass der Kunde dieses \u201eklaglos\u201c akzeptiert.<br>Auch der abgerechnete Arbeitseinsatz ist so nicht passiert<br>und so wird beim Kunden dann gleich doppelt \u201eabkassiert\u201c.<br><br>Grenzwertig sind Teile ohne eine erkennbare Fehlfunktion,<br>die \u201eNotwendigkeit\u201c erkennt nur auf der Rechnung schon.<br>Die Werkstatt verdient doppelt, wenn Ersatzteile \u201eersetzt\u201c,<br>bei dem Ersatzteil und der Arbeitslohn wird hoch gesch\u00e4tzt.<br>Denn ist ein Kunde abh\u00e4ngig, weil technisch nicht versiert,<br>dann bei so mancher Reparatur er dann viel Geld verliert.<br><br>In einem Fall konnte man erleben, wie Gesch\u00e4fte gemacht,<br>denn die Planung war wie ein Ganovenst\u00fcck durchgedacht.<br>Eine Heizungsanlage musste bei einem Kunden erneuert,<br>durch die \u201eEntsorgungskosten\u201c f\u00fcr die Altanlage verteuert.<br>Den \u201eSchrotth\u00e4ndler\u201c gerufen, der stand bald vor der T\u00fcr,<br>so kassierte der Installateur auch noch \u201eSchrottgeld\u201c daf\u00fcr.<br><br><strong>\u00a9<\/strong> Rainer Dambroth &#8211; 10.09.2023 &#8211; <strong><a href=\"http:\/\/www.overline-poetry.de\/\">www.overline-poetry.de<\/a><\/strong><\/p>\n\n\n\n<p><\/p>\n","protected":false},"excerpt":{"rendered":"<p>Ob die Werkstatt hat auch verdient dein volles Vertrauenoder ob sie sich entwickelt hat, zu einem Ort des Grauen.Mit \u201eAugenma\u00df\u201c sollte man bei einer Reparatur \u201ebetr\u00fcgen\u201cund Kunden, die man halten will, sollte man nicht bel\u00fcgen.Vertrauen ist gut, aber besser ist doch Vertrauen zu geben,so l\u00e4sst es sich gut f\u00fcr den Kunden mit der Werkstatt leben. [&hellip;]<\/p>\n","protected":false},"author":1,"featured_media":0,"parent":0,"menu_order":0,"comment_status":"closed","ping_status":"closed","template":"","meta":{"footnotes":""},"class_list":["post-1617","page","type-page","status-publish","hentry"],"jetpack_sharing_enabled":true,"_links":{"self":[{"href":"https:\/\/overline-poetry.de\/index.php\/wp-json\/wp\/v2\/pages\/1617","targetHints":{"allow":["GET"]}}],"collection":[{"href":"https:\/\/overline-poetry.de\/index.php\/wp-json\/wp\/v2\/pages"}],"about":[{"href":"https:\/\/overline-poetry.de\/index.php\/wp-json\/wp\/v2\/types\/page"}],"author":[{"embeddable":true,"href":"https:\/\/overline-poetry.de\/index.php\/wp-json\/wp\/v2\/users\/1"}],"replies":[{"embeddable":true,"href":"https:\/\/overline-poetry.de\/index.php\/wp-json\/wp\/v2\/comments?post=1617"}],"version-history":[{"count":1,"href":"https:\/\/overline-poetry.de\/index.php\/wp-json\/wp\/v2\/pages\/1617\/revisions"}],"predecessor-version":[{"id":1622,"href":"https:\/\/overline-poetry.de\/index.php\/wp-json\/wp\/v2\/pages\/1617\/revisions\/1622"}],"wp:attachment":[{"href":"https:\/\/overline-poetry.de\/index.php\/wp-json\/wp\/v2\/media?parent=1617"}],"curies":[{"name":"wp","href":"https:\/\/api.w.org\/{rel}","templated":true}]}}