
{"id":1625,"date":"2022-08-15T05:08:00","date_gmt":"2022-08-15T05:08:00","guid":{"rendered":"https:\/\/overline-poetry.de\/?page_id=1625"},"modified":"2025-09-19T05:10:41","modified_gmt":"2025-09-19T05:10:41","slug":"mcdonalds-abfallkorb-ist-die-natur","status":"publish","type":"page","link":"https:\/\/overline-poetry.de\/index.php\/mcdonalds-abfallkorb-ist-die-natur\/","title":{"rendered":"McDonalds Abfallkorb ist die Natur?"},"content":{"rendered":"\n<p>Erlebt bei uns auf einer viel befahrenen Stra\u00dfe und direkt vor unserem Haus,<br>denn ein Konsument warf die <strong>McDonalds-<\/strong>Abf\u00e4lle aus seinem Fahrzeug hinaus.<br>Bevor ich die T\u00fcte mit dem <strong>McDonalds-<\/strong>Abfall konnte von der Stra\u00dfe auflesen,<br>sah ich das n\u00e4chste Auto direkt \u00fcber den <strong>McDonalds-<\/strong>Abfall hinweg \u201epesen\u201c.<br><br>Vom <strong>McDonalds<\/strong>-Abfall ist der verstr\u00f6mende Geruch schwer dann zu ertragen,<br>so dass man ihn doch besser nach drau\u00dfen entsorgt, als ihn bel\u00e4sst im Wagen.<br>So flogen die <strong>McDonalds-<\/strong>Abf\u00e4lle aus der zerrissenen T\u00fcte in der Natur umher,<br>aber dieses bei sich in die Abfalltonne zu entsorgen, das ist doch nicht schwer.<br><br>Die <strong>McDonalds<\/strong>-Abf\u00e4lle zeigen immer die N\u00e4he zu einer <strong>McDonalds<\/strong>-Filiale an,<br>worauf man sich mit hochprozentiger Wahrscheinlichkeit dann verlassen kann.<br>Am Radius kann man die \u201eVerzehrdauer\u201c von <strong>McDonalds<\/strong>-Produkten erkennen,<br>um hier bei den <strong>McDonalds<\/strong>-Suchenden hier einen klaren Vorteil zu benennen.<br><br>Siehst du <strong>McDonalds<\/strong>-Abf\u00e4lle auf der Stra\u00dfe oder in der Umwelt herumfliegen,<br>dann kannst du auch schon bald zu der n\u00e4chsten <strong>McDonalds<\/strong>-Filiale abbiegen.<br>Wahrscheinlich geh\u00f6rt es zum Fastfood-Ritual und zur <strong>McDonalds<\/strong>-Esskultur,<br>wo man die Essensreste und <strong>McDonalds <\/strong>Abf\u00e4lle entsorgt in der freien Natur.<br><br>Ich will keinen <strong>McDonalds<\/strong>-Esser \u00fcber die Folgen f\u00fcr die Natur dann belehren,<br>aber gegen diese Entsorgung der <strong>McDonalds-<\/strong>Abf\u00e4lle werde ich mich wehren.<br>So manches Mal tut zum Essen doch eine Pause dem essenden Fahrer auch gut<br>und er den <strong>McDonalds-<\/strong>Abfall danach in die <strong>McDonalds-<\/strong>Abfalltonne dann tut.<br><br>So hat er dann eine Ruhepause bei <strong>McDonalds<\/strong>,<strong> <\/strong>ohne sich gro\u00df zu versp\u00e4ten<br>und kann dann frisch mit einem \u201egeruchsfreiem\u201c Auto die Weiterfahrt antreten.<br>Der Umwelt bleibt die Belastung durch die <strong>McDonalds-<\/strong>Abf\u00e4lle dann \u201eerspart\u201c.<br>Lieber <strong>McDonalds-<\/strong>Konsument, ich hoffe, diese Verurteilung war nicht zu hart.<br><br><strong>\u00a9<\/strong> Rainer Dambroth &#8211; 15.08.2022 &#8211; <strong><a href=\"https:\/\/www.overline-poetry.de\/\">www.overline-poetry.de<\/a><\/strong><\/p>\n","protected":false},"excerpt":{"rendered":"<p>Erlebt bei uns auf einer viel befahrenen Stra\u00dfe und direkt vor unserem Haus,denn ein Konsument warf die McDonalds-Abf\u00e4lle aus seinem Fahrzeug hinaus.Bevor ich die T\u00fcte mit dem McDonalds-Abfall konnte von der Stra\u00dfe auflesen,sah ich das n\u00e4chste Auto direkt \u00fcber den McDonalds-Abfall hinweg \u201epesen\u201c. Vom McDonalds-Abfall ist der verstr\u00f6mende Geruch schwer dann zu ertragen,so dass man [&hellip;]<\/p>\n","protected":false},"author":1,"featured_media":0,"parent":0,"menu_order":0,"comment_status":"closed","ping_status":"closed","template":"","meta":{"footnotes":""},"class_list":["post-1625","page","type-page","status-publish","hentry"],"jetpack_sharing_enabled":true,"_links":{"self":[{"href":"https:\/\/overline-poetry.de\/index.php\/wp-json\/wp\/v2\/pages\/1625","targetHints":{"allow":["GET"]}}],"collection":[{"href":"https:\/\/overline-poetry.de\/index.php\/wp-json\/wp\/v2\/pages"}],"about":[{"href":"https:\/\/overline-poetry.de\/index.php\/wp-json\/wp\/v2\/types\/page"}],"author":[{"embeddable":true,"href":"https:\/\/overline-poetry.de\/index.php\/wp-json\/wp\/v2\/users\/1"}],"replies":[{"embeddable":true,"href":"https:\/\/overline-poetry.de\/index.php\/wp-json\/wp\/v2\/comments?post=1625"}],"version-history":[{"count":1,"href":"https:\/\/overline-poetry.de\/index.php\/wp-json\/wp\/v2\/pages\/1625\/revisions"}],"predecessor-version":[{"id":1629,"href":"https:\/\/overline-poetry.de\/index.php\/wp-json\/wp\/v2\/pages\/1625\/revisions\/1629"}],"wp:attachment":[{"href":"https:\/\/overline-poetry.de\/index.php\/wp-json\/wp\/v2\/media?parent=1625"}],"curies":[{"name":"wp","href":"https:\/\/api.w.org\/{rel}","templated":true}]}}