
{"id":1632,"date":"2022-07-07T05:57:00","date_gmt":"2022-07-07T05:57:00","guid":{"rendered":"https:\/\/overline-poetry.de\/?page_id=1632"},"modified":"2025-09-19T05:59:46","modified_gmt":"2025-09-19T05:59:46","slug":"zigarettenkippe-wird-in-der-natur-entsorgt","status":"publish","type":"page","link":"https:\/\/overline-poetry.de\/index.php\/zigarettenkippe-wird-in-der-natur-entsorgt\/","title":{"rendered":"Zigarettenkippe wird in der Natur &#8222;entsorgt&#8220;!"},"content":{"rendered":"\n<p>Letztens auf dem Parkplatz eines Verbrauchermarktes mir passiert,<br>das jemand aus einem fahrenden Auto eine gl\u00fchende Kippe \u201everliert\u201c<br>So flog die Kippe mir direkt vor die F\u00fc\u00dfe und ich trat sie dann aus.<br>Das muss doch schon sehr dreckig sein, bei dem Raucher zu Haus!<br>Bestimmt schmei\u00dft er auch dort auf den Boden die Zigarettenkippen,<br>um sie vielleicht einmal im Jahr in die Abfalltonne dann zu \u201eschippen\u201c.<br><br>Wir hatten in direkter Nachbarschaft einen Laden f\u00fcr Kleiderreparatur<br>und ich frage mich, wo hatten die Menschen ihr Benehmen denn nur?<br>Die Fahrzeuge der Kunden parkten bei uns direkt vor unserer Hecke,<br>als ich den ganzen Berg von Zigarettenkippen auf der Erde entdecke.<br>Ich dachte beim Anblick doch zuerst, dass ich es habe nur getr\u00e4umt,<br>da hat doch jemand den Dreck vom \u201eAscher\u201c aus dem Auto ger\u00e4umt.<br><br>Auf den Autobahnen kann man es doch st\u00e4ndig erleben beim \u201eReisen\u201c,<br>dass die Fahrer ihre brennenden Kippen aus dem Fahrzeug schmei\u00dfen.<br>Diese k\u00f6nnten dann noch z\u00fcnden Brennbares mit der Zigarettenglut!<br>So k\u00f6nnte ein Brand entstehen und das tut dann der Umwelt nicht gut.<br>Da bleibt der \u201eAscher\u201c in dem neuen Auto dann sauber und unbenutzt,<br>denn man ist eigen mit dem Auto und will nicht, dass es verschmutzt!<br><br>Vorne bei geschlossenen Fahrzeugfenstern wird dann \u201eKette\u201c geraucht,<br>obwohl die mitfahrenden Kinder h\u00e4tten dringend frische Luft gebraucht.<br>Das sind Unsitten, die mit keinem Suchtverhalten zu rechtfertigen sind<br>und vor allem schon gar nicht, wenn im Auto als Mitfahrer sitzt ein Kind.<br>Die Kinder k\u00f6nnen bei diesem Qualm kaum mehr nach drau\u00dfen blicken<br>und sie dann auch bei diesem dichten Qualm doch schon fast ersticken.<br><br>Bei einem Einkaufszentrum r\u00fcckseitig bei dem Wareneingang gesehen,<br>wo die Mitarbeiter f\u00fcr eine \u201edringende\u201c(?) Zigarettenpause dann stehen.<br>Der vorbeif\u00fchrende Gehweg ist schon mit den Zigarettenkippen \u00fcbers\u00e4t,<br>so dass man nicht sehen kann, wohin man mit seinen F\u00fcssen dann geht.<br>Ein Aschenbecher fest montiert, der des \u00f6fteren dann wird auch geleert,<br>das sollte doch den Unternehmen als Beitrag f\u00fcr die Umwelt dann wert!<br><br><strong>\u00a9<\/strong> Rainer Dambroth &#8211; 07.07.2022 &#8211; <strong><a href=\"https:\/\/www.overline-poetry.de\/\">www.overline-poetry.de<\/a><\/strong><\/p>\n","protected":false},"excerpt":{"rendered":"<p>Letztens auf dem Parkplatz eines Verbrauchermarktes mir passiert,das jemand aus einem fahrenden Auto eine gl\u00fchende Kippe \u201everliert\u201cSo flog die Kippe mir direkt vor die F\u00fc\u00dfe und ich trat sie dann aus.Das muss doch schon sehr dreckig sein, bei dem Raucher zu Haus!Bestimmt schmei\u00dft er auch dort auf den Boden die Zigarettenkippen,um sie vielleicht einmal im [&hellip;]<\/p>\n","protected":false},"author":1,"featured_media":0,"parent":0,"menu_order":0,"comment_status":"closed","ping_status":"closed","template":"","meta":{"footnotes":""},"class_list":["post-1632","page","type-page","status-publish","hentry"],"jetpack_sharing_enabled":true,"_links":{"self":[{"href":"https:\/\/overline-poetry.de\/index.php\/wp-json\/wp\/v2\/pages\/1632","targetHints":{"allow":["GET"]}}],"collection":[{"href":"https:\/\/overline-poetry.de\/index.php\/wp-json\/wp\/v2\/pages"}],"about":[{"href":"https:\/\/overline-poetry.de\/index.php\/wp-json\/wp\/v2\/types\/page"}],"author":[{"embeddable":true,"href":"https:\/\/overline-poetry.de\/index.php\/wp-json\/wp\/v2\/users\/1"}],"replies":[{"embeddable":true,"href":"https:\/\/overline-poetry.de\/index.php\/wp-json\/wp\/v2\/comments?post=1632"}],"version-history":[{"count":1,"href":"https:\/\/overline-poetry.de\/index.php\/wp-json\/wp\/v2\/pages\/1632\/revisions"}],"predecessor-version":[{"id":1636,"href":"https:\/\/overline-poetry.de\/index.php\/wp-json\/wp\/v2\/pages\/1632\/revisions\/1636"}],"wp:attachment":[{"href":"https:\/\/overline-poetry.de\/index.php\/wp-json\/wp\/v2\/media?parent=1632"}],"curies":[{"name":"wp","href":"https:\/\/api.w.org\/{rel}","templated":true}]}}