
{"id":1639,"date":"2020-12-05T14:41:00","date_gmt":"2020-12-05T14:41:00","guid":{"rendered":"https:\/\/overline-poetry.de\/?page_id=1639"},"modified":"2025-09-19T14:45:10","modified_gmt":"2025-09-19T14:45:10","slug":"anne-hat-die-siebzig-erreicht","status":"publish","type":"page","link":"https:\/\/overline-poetry.de\/index.php\/anne-hat-die-siebzig-erreicht\/","title":{"rendered":"Anne hat die Siebzig erreicht"},"content":{"rendered":"\n<p>Nun ist es endlich vollbracht und sind wir endlich bei dir,<br>gleich geht die Feier los mit Wasser, Wein, Saft und Bier.<br>Danke liebe Anne, denn du hast geladen zu Coronazeiten,<br>um uns, den Freunden, einen sch\u00f6nen Abend zu bereiten.<br><br>Eine Umarmung ist heute als zu gef\u00e4hrlich ausgeschlossen.<br>Das ist die derzeitige Situation und die macht uns verdrossen.<br>Man lebt zu Coronazeiten schon zur\u00fcckgezogen und isoliert<br>und man passt st\u00e4ndig auf, dass einem nur nichts passiert.<br><br>Ganze sieben Jahrzehnte bist du nun heute geworden jung<br>und langsam verlierst auch du deinen gewohnten Schwung.<br>Mach dir nichts daraus, denn du hast jetzt &#8222;alle Zeit der Welt&#8220;<br>und am Letzten kommt dann automatisch dein Rentengeld.<br><br>Der Treppenaufstieg erscheint l\u00e4nger, man mu\u00df sich qu\u00e4len<br>und man beginnt resigniert schon damit, die Stufen zu z\u00e4hlen.<br>Die Glieder werden jetzt schwer, das merkt man beim Steigen<br>und der Kopf wird schwerer und will nach vorne sich neigen.<br><br>Die Treppenstufen werden h\u00f6her, man ist nicht so geschwind,<br>weil die &#8222;gichtgeplagten&#8220; Beine nicht so hoch zu bewegen sind.<br>Man wird immer langsamer und hat man die Treppe geschafft,<br>dann kriecht man ins das kalte Bett mit der allerletzten Kraft.<br><br>Vorbei ist mit dem Neglig\u00e9 und mit den k\u00f6rperlichen Reizen<br>und das Alter scheint schon mit der K\u00f6rperw\u00e4rme zu geizen.<br>Die Frage ist, wird mir mein K\u00f6rper die n\u00f6tige W\u00e4rme geben,<br>so dass ich auch diese kalte Nacht im Bett werde \u00fcberleben.<br><br>Den Zenit deiner m\u00f6glichen Lebenjahre hast du vollbracht,<br>denn das du 140 Jahre alt wirst, daran sei gar nicht gedacht.<br>Anne nutze die Stunden deiner dir verbleibenden Lebenszeit<br>und sei stets zu allen sch\u00f6nen und m\u00f6glichen Dingen bereit.<br><br>Denn es ist bereichernd, hier leben zu d\u00fcrfen auf unserer Erde, <br>und wenn du es zul\u00e4sst, noch viele Tage f\u00fcr dich geben werde. <br>Wenn du irgendwann wirst die Erde als ein &#8222;Engel&#8220; verlassen,<br>dann sage nur nicht, ich musste doch noch so vieles verpassen.<\/p>\n\n\n\n<p><strong>\u00a9<\/strong> Rainer Dambroth &#8211; 05.12.2020 &#8211; <strong><a href=\"https:\/\/www.overline-poetry.de\">www.overline-poetry.de<\/a><\/strong><\/p>\n","protected":false},"excerpt":{"rendered":"<p>Nun ist es endlich vollbracht und sind wir endlich bei dir,gleich geht die Feier los mit Wasser, Wein, Saft und Bier.Danke liebe Anne, denn du hast geladen zu Coronazeiten,um uns, den Freunden, einen sch\u00f6nen Abend zu bereiten. Eine Umarmung ist heute als zu gef\u00e4hrlich ausgeschlossen.Das ist die derzeitige Situation und die macht uns verdrossen.Man lebt [&hellip;]<\/p>\n","protected":false},"author":1,"featured_media":0,"parent":0,"menu_order":0,"comment_status":"closed","ping_status":"closed","template":"","meta":{"footnotes":""},"class_list":["post-1639","page","type-page","status-publish","hentry"],"jetpack_sharing_enabled":true,"_links":{"self":[{"href":"https:\/\/overline-poetry.de\/index.php\/wp-json\/wp\/v2\/pages\/1639","targetHints":{"allow":["GET"]}}],"collection":[{"href":"https:\/\/overline-poetry.de\/index.php\/wp-json\/wp\/v2\/pages"}],"about":[{"href":"https:\/\/overline-poetry.de\/index.php\/wp-json\/wp\/v2\/types\/page"}],"author":[{"embeddable":true,"href":"https:\/\/overline-poetry.de\/index.php\/wp-json\/wp\/v2\/users\/1"}],"replies":[{"embeddable":true,"href":"https:\/\/overline-poetry.de\/index.php\/wp-json\/wp\/v2\/comments?post=1639"}],"version-history":[{"count":1,"href":"https:\/\/overline-poetry.de\/index.php\/wp-json\/wp\/v2\/pages\/1639\/revisions"}],"predecessor-version":[{"id":1643,"href":"https:\/\/overline-poetry.de\/index.php\/wp-json\/wp\/v2\/pages\/1639\/revisions\/1643"}],"wp:attachment":[{"href":"https:\/\/overline-poetry.de\/index.php\/wp-json\/wp\/v2\/media?parent=1639"}],"curies":[{"name":"wp","href":"https:\/\/api.w.org\/{rel}","templated":true}]}}