
{"id":1646,"date":"2014-12-17T14:55:00","date_gmt":"2014-12-17T14:55:00","guid":{"rendered":"https:\/\/overline-poetry.de\/?page_id=1646"},"modified":"2025-09-19T14:58:40","modified_gmt":"2025-09-19T14:58:40","slug":"75-geburtstag-von-heide","status":"publish","type":"page","link":"https:\/\/overline-poetry.de\/index.php\/75-geburtstag-von-heide\/","title":{"rendered":"75. Geburtstag von Heide"},"content":{"rendered":"\n<p>Liebe Leute, dass ihr es wisst<br>mich hat heute die Muse gek\u00fcsst<br>au\u00dferdem auch meine Frau<br>jetzt wisst ihr alles ganz genau<\/p>\n\n\n\n<p>Liebe Leute, lasst euch sagen<br>was sich vor 75 Jahren hat zugetragen<br>Ich sage es laut in eure Ohren<br>unsere Heide wurde da geboren<\/p>\n\n\n\n<p>Ein paar Zeilen hab ich verfasst<br>ich hoffe, dass ihr mich lesen lasst.<br>Der Vortrag dauert keine Stunde<br>h\u00f6re ich ein &#8222;Ja&#8220; aus eurem Munde.<\/p>\n\n\n\n<p>Ein einstimmiges &#8222;Ja&#8220; hab ich geh\u00f6rt,<br>aber auch ein &#8222;Nein&#8220; h\u00e4tte nicht gest\u00f6rt.<br>damit wir \u00fcberbr\u00fccken die Redezeit,<br>h\u00e4lt jeder f\u00fcr sich ein Getr\u00e4nk bereit.<\/p>\n\n\n\n<p>Heide, wir sind alle gerne gekommen<br>und hoffen, Du hast es so vernommen.<br>Habe ein paar Zeilen f\u00fcr Dich geschrieben.<br>Heide, wo ist blo\u00df die Zeit geblieben.<\/p>\n\n\n\n<p>75 Jahre jung, wenn das nicht verwundert,<br>das sind drei Viertel von einem Jahrhundert.<br>\u00dcber 25 Jahre haben wir gemeinsam verbracht,<br>haben mit Dir geweint und auch viel gelacht.<\/p>\n\n\n\n<p>Wir gratulieren zu Deinem Jubelfeste<br>und w\u00fcnschen Dir nur das Allerbeste.<br>Noch viele sch\u00f6ne Stunden in Deinem Leben<br>mit guter Gesundheit sei Dir gegeben<\/p>\n\n\n\n<p>Die Heide, Sternzeichen Sch\u00fctze in Person<br>st\u00e4ndig auf Tour und st\u00e4ndig in Aktion.<br>Ihr Motto: Alles erleben und nur durch Reise,<br>da lehrt das Leben und man wird weise.<\/p>\n\n\n\n<p>Man lernt so Land und Leute kennen<br>um hier die Vorteile zu benennen.<br>Denn nur wer \u00fcber den Tellerrand blickt<br>meistert Alltagsprobleme auch ganz geschickt.<\/p>\n\n\n\n<p>Heide macht sich ums Umfeld viele Gedanken<br>f\u00fcr sie gibt es keine sozialen Schranken.<br>Auch unsere Umwelt macht ihr Sorgen<br>ohne ein sauberes Klima gibt es kein morgen.<\/p>\n\n\n\n<p>Wir werden alle \u00e4lter und mit den Jahren<br>haben wir viel vom Leben erfahren.<br>Nur zu viel \u00c4rger und zu viel Leiden<br>sollten uns bem\u00fchen dieses zu vermeiden.<\/p>\n\n\n\n<p>Liebe Heide mach einfach weiter so<br>und bleibe auch weiter so Lebensfroh.<br>Wenn das Glas in Deiner Hand einmal bricht<br>unsere Heide, die vergisst man nicht.<\/p>\n\n\n\n<p>Ich bin am Ende und ich hebe mein Glas<br>Nein liebe Leute, ich sage euch jetzt was.<br>Wir trinken alle gemeinsam auf Heides Wohl<br>der eine mit Wasser, der andere mit Alkohol.<\/p>\n\n\n\n<p>Lasst hell beim &#8222;prosten&#8220; die Gl\u00e4ser klingen<br>und gemeinsam jetzt ein St\u00e4ndchen singen:<br><br>Zum Geburtstag viel Gl\u00fcck, zu Geburtstag viel Gl\u00fcck!<br>Zum Geburtstag liebe Heide, zum Geburtstag viel Gl\u00fcck!<\/p>\n\n\n\n<p><strong>\u00a9<\/strong> Rainer Dambroth &#8211; 17.12.2014 &#8211; <strong><a href=\"https:\/\/www.overline-poetry.de\">www.overline-poetry.de<\/a><\/strong><br>Unserer lieben Freundin Heide gewidmet zu Ihrem 75. Geburtstag<\/p>\n\n\n\n<p><\/p>\n","protected":false},"excerpt":{"rendered":"<p>Liebe Leute, dass ihr es wisstmich hat heute die Muse gek\u00fcsstau\u00dferdem auch meine Fraujetzt wisst ihr alles ganz genau Liebe Leute, lasst euch sagenwas sich vor 75 Jahren hat zugetragenIch sage es laut in eure Ohrenunsere Heide wurde da geboren Ein paar Zeilen hab ich verfasstich hoffe, dass ihr mich lesen lasst.Der Vortrag dauert keine [&hellip;]<\/p>\n","protected":false},"author":1,"featured_media":0,"parent":0,"menu_order":0,"comment_status":"closed","ping_status":"closed","template":"","meta":{"footnotes":""},"class_list":["post-1646","page","type-page","status-publish","hentry"],"jetpack_sharing_enabled":true,"_links":{"self":[{"href":"https:\/\/overline-poetry.de\/index.php\/wp-json\/wp\/v2\/pages\/1646","targetHints":{"allow":["GET"]}}],"collection":[{"href":"https:\/\/overline-poetry.de\/index.php\/wp-json\/wp\/v2\/pages"}],"about":[{"href":"https:\/\/overline-poetry.de\/index.php\/wp-json\/wp\/v2\/types\/page"}],"author":[{"embeddable":true,"href":"https:\/\/overline-poetry.de\/index.php\/wp-json\/wp\/v2\/users\/1"}],"replies":[{"embeddable":true,"href":"https:\/\/overline-poetry.de\/index.php\/wp-json\/wp\/v2\/comments?post=1646"}],"version-history":[{"count":1,"href":"https:\/\/overline-poetry.de\/index.php\/wp-json\/wp\/v2\/pages\/1646\/revisions"}],"predecessor-version":[{"id":1650,"href":"https:\/\/overline-poetry.de\/index.php\/wp-json\/wp\/v2\/pages\/1646\/revisions\/1650"}],"wp:attachment":[{"href":"https:\/\/overline-poetry.de\/index.php\/wp-json\/wp\/v2\/media?parent=1646"}],"curies":[{"name":"wp","href":"https:\/\/api.w.org\/{rel}","templated":true}]}}