
{"id":1653,"date":"2018-10-11T15:48:00","date_gmt":"2018-10-11T15:48:00","guid":{"rendered":"https:\/\/overline-poetry.de\/?page_id=1653"},"modified":"2025-09-19T15:50:16","modified_gmt":"2025-09-19T15:50:16","slug":"alles-ist-auszuhalten","status":"publish","type":"page","link":"https:\/\/overline-poetry.de\/index.php\/alles-ist-auszuhalten\/","title":{"rendered":"Alles ist auszuhalten"},"content":{"rendered":"\n<p>Wir haben heute unser Wort gehalten<br>und haben deshalb hier angehalten,<br>denn wir lassen uns nicht vorhalten,<br>dass wir nicht mehr zu dir halten.<br>Bleib uns noch lange gesund erhalten,<br>damit wir noch viele Feste abhalten.<\/p>\n\n\n\n<p>Wir werden den Abend durchhalten,<br>die Stimmung ist noch zu verhalten,<br>um f\u00fcr dich die gro\u00dfe Feier abzuhalten.<br>Wir m\u00fcssen uns alle jetzt ranhalten,<br>denn die Uhr ist nicht anzuhalten.<br>Gute Laune darf man nicht aufhalten.<\/p>\n\n\n\n<p>Dein Geschenk kannst du hochhalten,<br>aber auch l\u00e4ngs oder auch quer halten.<br>\u00dcber den Inhalt werden wir dichthalten,<br>aber es kann etwas wertvolles enthalten.<br>Auf jeden Fall kannst du es behalten<br>und solltest es deshalb ganz festhalten.<\/p>\n\n\n\n<p>Das Glas solltest du nicht schr\u00e4g halten<br>und nicht zu weit weg von dir halten.<br>Wenn m\u00f6glich, vor dem Mund halten<br>und nat\u00fcrlich dabei ganz fest halten.<br>Der Glasinhalt kann Alkohol enthalten,<br>oder auch Wasser oder Saft beinhalten.<\/p>\n\n\n\n<p>Ich werde jetzt meinen Mund zuhalten<br>und mein Glas auf dein Wohl hochhalten.<br>Dich jetzt ganz fest in den Armen halten.<br>Ich will dich jetzt nicht mehr hinhalten!<br>Lasst euch alle nicht von mir abhalten,<br>gemeinsam die Gl\u00e4ser hochzuhalten.<\/p>\n\n\n\n<p>\u00a9 Rainer Dambroth &#8211; 11.10.2018 &#8211; <strong><a href=\"https:\/\/www.overline-poetry.de\" data-type=\"URL\" data-id=\"https:\/\/www.overline-poetry.de\">www.overline-poetry.de<\/a><\/strong><\/p>\n","protected":false},"excerpt":{"rendered":"<p>Wir haben heute unser Wort gehaltenund haben deshalb hier angehalten,denn wir lassen uns nicht vorhalten,dass wir nicht mehr zu dir halten.Bleib uns noch lange gesund erhalten,damit wir noch viele Feste abhalten. Wir werden den Abend durchhalten,die Stimmung ist noch zu verhalten,um f\u00fcr dich die gro\u00dfe Feier abzuhalten.Wir m\u00fcssen uns alle jetzt ranhalten,denn die Uhr ist [&hellip;]<\/p>\n","protected":false},"author":1,"featured_media":0,"parent":0,"menu_order":0,"comment_status":"closed","ping_status":"closed","template":"","meta":{"footnotes":""},"class_list":["post-1653","page","type-page","status-publish","hentry"],"jetpack_sharing_enabled":true,"_links":{"self":[{"href":"https:\/\/overline-poetry.de\/index.php\/wp-json\/wp\/v2\/pages\/1653","targetHints":{"allow":["GET"]}}],"collection":[{"href":"https:\/\/overline-poetry.de\/index.php\/wp-json\/wp\/v2\/pages"}],"about":[{"href":"https:\/\/overline-poetry.de\/index.php\/wp-json\/wp\/v2\/types\/page"}],"author":[{"embeddable":true,"href":"https:\/\/overline-poetry.de\/index.php\/wp-json\/wp\/v2\/users\/1"}],"replies":[{"embeddable":true,"href":"https:\/\/overline-poetry.de\/index.php\/wp-json\/wp\/v2\/comments?post=1653"}],"version-history":[{"count":1,"href":"https:\/\/overline-poetry.de\/index.php\/wp-json\/wp\/v2\/pages\/1653\/revisions"}],"predecessor-version":[{"id":1657,"href":"https:\/\/overline-poetry.de\/index.php\/wp-json\/wp\/v2\/pages\/1653\/revisions\/1657"}],"wp:attachment":[{"href":"https:\/\/overline-poetry.de\/index.php\/wp-json\/wp\/v2\/media?parent=1653"}],"curies":[{"name":"wp","href":"https:\/\/api.w.org\/{rel}","templated":true}]}}