
{"id":1660,"date":"2018-12-19T16:02:00","date_gmt":"2018-12-19T16:02:00","guid":{"rendered":"https:\/\/overline-poetry.de\/?page_id=1660"},"modified":"2025-09-19T16:04:44","modified_gmt":"2025-09-19T16:04:44","slug":"kapitaen-heinz-und-sein-lebensschiff-oder-heinz-wie-er-singt-und-lacht","status":"publish","type":"page","link":"https:\/\/overline-poetry.de\/index.php\/kapitaen-heinz-und-sein-lebensschiff-oder-heinz-wie-er-singt-und-lacht\/","title":{"rendered":"Kapit\u00e4n Heinz und sein Lebensschiff oder Heinz wie er singt und lacht"},"content":{"rendered":"\n<p>Der Heinz hat die \u201eSieben\u201c voll gemacht,<br>jetzt hat die Zahl \u201eAcht\u201c ihn angelacht.<br>Achtzig Jahre und kein bisschen weise,<br>aber gepr\u00e4gt durch seine Lebensreise.<br>Viele St\u00fcrme hat erlebt sein Lebensschiff<br>und hat umsegelt doch so manches Riff.<br><br>Viel Zeit hat in sein Lebensschiff investiert.<br>Dazu ein paar Details, falls es interessiert.<br>Das Lebensschiff hat er selbst konstruiert.<br>Mit eigenen H\u00e4nden gebaut, ganz versiert.<br>Den Schiffsantrieb, falls es auch interessiert,<br>hat er mit einer Tretkurbelmechanik realisiert.<br><br>Auch beruflich arbeitete er als Konstrukteur<br>und war verantwortlich f\u00fcr manches Malheur.<br>Wenn einer Dinge f\u00fcr die Praxis konstruiert,<br>dann er schon mal den Durchblick verliert.<br>Die technische Probleme werden nicht kleiner,<br>wenn man so denkt, es merkt doch keiner.<br><br>Hat sich dann um eine Steuerfrau umgesehen,<br>als er Martel sah, war es um ihn geschehen.<br>Wo hatte sich Martel all die Jahre versteckt<br>dass er sie erst so sp\u00e4t f\u00fcr sich hat entdeckt.<br>Denn ohne Martel, seine geliebte Steuerfrau,<br>w\u00e4re seine Lebensreise doch trist und grau.<br><br>Kapit\u00e4n Heinz ist schlauer, als ihr es so ahnt,<br>denn er hat viel mit seiner Steuerfrau geplant.<br>Auch f\u00fcr seine geliebte Steuerfrau die Heuer,<br>die bezahlt er in \u201eNaturalien\u201c, somit nicht teuer.<br>Von der Heuer in \u201eNaturalien\u201c , dem Gesparten,<br>da sollte aber die Martel nicht zu viel erwarten.<br><br>Kommen sie von einer sehr geselligen Feier,<br>dann ein jedes Mal auch die gleiche \u201eLeier\u201c.<br>Jedes Mal dieselbe Frage und das immer zu.<br>Wer steuert heute unser Schiff, ich oder du?<br>Nach dem Alkohol, der wurde schon genossen,<br>macht der Gedanke an Kontrollen verdrossen.<br><br>Im Shanty-Chor ist als Musiker engagiert<br>und auch Lieder mit Texten er komponiert.<br>Mit der Gitarre gibt Heinz den Takt dann vor<br>und schon singt mit der ganze Shanty-Chor.<br>Jetzt zu den Shanty-M\u00e4dels umgeschwenkt,<br>und ein Schelm, der sich B\u00f6ses dabei denkt.<br><br>Als alter Hahn mit jungen H\u00fchnern musizieren,<br>dass h\u00e4lt doch jung und ohne sich zu blamieren.<br>Hoffentlich regt sich dadurch bei dir kein Sturm<br>und die Gesundheit bekommt noch einen Wurm,<br>Denn steckt in der Gesundheit erst mal die Made,<br>w\u00e4re es f\u00fcr die weitere Lebensplanung schade.<strong><br><br><\/strong>Auch die \u201eNeun\u201c ist doch eine sehr gute Zahl,<br>genie\u00dfe das Leben, denn es bleibt keine Wahl.<br>Ich w\u00fcnsche dir das Beste und von allem viel<br>und immer eine Handbreit Wasser unterm Kiel.<br>Vor allem, mache so weiter und bleibe dir treu!<br>Gru\u00df an Kapit\u00e4n Heinz und ein herzliches Ahoi<br><br><strong>\u00a9<\/strong> Rainer Dambroth &#8211; 19.12.2018 &#8211; <strong><a href=\"http:\/\/www.overline-poetry.de\/\">www.overline-poetry.de<\/a><\/strong><\/p>\n","protected":false},"excerpt":{"rendered":"<p>Der Heinz hat die \u201eSieben\u201c voll gemacht,jetzt hat die Zahl \u201eAcht\u201c ihn angelacht.Achtzig Jahre und kein bisschen weise,aber gepr\u00e4gt durch seine Lebensreise.Viele St\u00fcrme hat erlebt sein Lebensschiffund hat umsegelt doch so manches Riff. Viel Zeit hat in sein Lebensschiff investiert.Dazu ein paar Details, falls es interessiert.Das Lebensschiff hat er selbst konstruiert.Mit eigenen H\u00e4nden gebaut, ganz [&hellip;]<\/p>\n","protected":false},"author":1,"featured_media":0,"parent":0,"menu_order":0,"comment_status":"closed","ping_status":"closed","template":"","meta":{"footnotes":""},"class_list":["post-1660","page","type-page","status-publish","hentry"],"jetpack_sharing_enabled":true,"_links":{"self":[{"href":"https:\/\/overline-poetry.de\/index.php\/wp-json\/wp\/v2\/pages\/1660","targetHints":{"allow":["GET"]}}],"collection":[{"href":"https:\/\/overline-poetry.de\/index.php\/wp-json\/wp\/v2\/pages"}],"about":[{"href":"https:\/\/overline-poetry.de\/index.php\/wp-json\/wp\/v2\/types\/page"}],"author":[{"embeddable":true,"href":"https:\/\/overline-poetry.de\/index.php\/wp-json\/wp\/v2\/users\/1"}],"replies":[{"embeddable":true,"href":"https:\/\/overline-poetry.de\/index.php\/wp-json\/wp\/v2\/comments?post=1660"}],"version-history":[{"count":1,"href":"https:\/\/overline-poetry.de\/index.php\/wp-json\/wp\/v2\/pages\/1660\/revisions"}],"predecessor-version":[{"id":1664,"href":"https:\/\/overline-poetry.de\/index.php\/wp-json\/wp\/v2\/pages\/1660\/revisions\/1664"}],"wp:attachment":[{"href":"https:\/\/overline-poetry.de\/index.php\/wp-json\/wp\/v2\/media?parent=1660"}],"curies":[{"name":"wp","href":"https:\/\/api.w.org\/{rel}","templated":true}]}}