
{"id":1667,"date":"2023-08-09T04:36:00","date_gmt":"2023-08-09T04:36:00","guid":{"rendered":"https:\/\/overline-poetry.de\/?page_id=1667"},"modified":"2025-09-20T04:38:20","modified_gmt":"2025-09-20T04:38:20","slug":"corsica-ferries-und-die-allianz-travel-hoffentlich-nicht-allianz-travel-versichert","status":"publish","type":"page","link":"https:\/\/overline-poetry.de\/index.php\/corsica-ferries-und-die-allianz-travel-hoffentlich-nicht-allianz-travel-versichert\/","title":{"rendered":"Corsica Ferries und die Allianz-Travel? Hoffentlich nicht Allianz-Travel versichert!"},"content":{"rendered":"\n<p>Unsere F\u00e4hrfahrt, in guter Hoffnung, versichert gegen Reiseausfall,<br>aber die Schadensabwicklung dauert sehr lange, ist das nur Zufall?<br>Nur f\u00fcr einen Notfall eine Reiser\u00fccktrittversicherung abgeschlossen,<br>der noch nicht erfolgte Schadensausgleich macht einen verdrossen.<br><br>Die F\u00e4hrfahrten wurden von Livorno nach Korsika-Bastia gebucht,<br>auf unserer R\u00fcckfahrt hat uns dann ein Unheil leider heimgesucht.<br>Unser Fahrzeug hatte einen Schaden, der eine R\u00fcckreise blockierte,<br>aber die Versicherung den gemeldeten Schaden nicht interessierte.<br><br>Ich k\u00e4mpfe seit zwei Monaten mit der Versicherung um mein Recht,<br>aber um den Erfolg meines gemeldeten Schadens steht es schlecht.<br>Hier verweigert der Datenschutz L\u00e4nder\u00fcbergreifend seinen Segen,<br>denn die Allianz Deutschland darf an dem Vorgang nichts bewegen.<br><br>Die Versicherung will den \u201eReiseabbruch\u201c vom Veranstalter sehen!<br>Frage: Wie soll das bei einer selbstorganisierten Reise nur gehen?<br>Denn die Reise mit F\u00e4hrnutzung wurde von uns komplett geplant<br>und h\u00e4tte ich dieses Denken der Versicherung blo\u00df vorher geahnt!<br><br>Die Versicherungen die Versicherungsbeitr\u00e4ge doch gerne kassieren<br>und darauf hoffen, dass kein Versicherungsschaden wird passieren.<br>Wenn ein versicherter Schaden ist leider dann doch einmal passiert,<br>dann tun sie, als wenn sie nicht verstehen oder sind uninteressiert.<br><br>Die Online-Schadensaufnahme ist in mehreren Sprachen vorbelegt,<br>aber die Bearbeitung sich nach vorgegebenen Muster dann bewegt.<br>Denn hier wird nach einer \u201eSichtbearbeitung\u201c lakonisch festgestellt,<br>das doch ein wichtiges Dokument zur Bearbeitung hier noch fehlt?<br><br><strong>\u00a9<\/strong> Rainer Dambroth \u2013 09.08.2023 &#8211; <strong><a href=\"http:\/\/www.overline-poetry.de\/\">www.overline-poetry.de<\/a><\/strong><\/p>\n\n\n\n<p><strong>Interessanter Link: <a href=\"https:\/\/www.overline-design.de\/poetry\/wp-admin\/post.php?post=8574&amp;action=edit\">Corsica Ferries \u2013 Die Einweiser auf der F\u00e4hre!<\/a><\/strong><\/p>\n\n\n\n<p><strong>Was kann ich den Korsika-F\u00e4hrbenutzern noch berichten?<\/strong><br><strong>Auf diese Allianz Versicherung werde ich zuk\u00fcnftig verzichten!<\/strong><br><\/p>\n","protected":false},"excerpt":{"rendered":"<p>Unsere F\u00e4hrfahrt, in guter Hoffnung, versichert gegen Reiseausfall,aber die Schadensabwicklung dauert sehr lange, ist das nur Zufall?Nur f\u00fcr einen Notfall eine Reiser\u00fccktrittversicherung abgeschlossen,der noch nicht erfolgte Schadensausgleich macht einen verdrossen. Die F\u00e4hrfahrten wurden von Livorno nach Korsika-Bastia gebucht,auf unserer R\u00fcckfahrt hat uns dann ein Unheil leider heimgesucht.Unser Fahrzeug hatte einen Schaden, der eine R\u00fcckreise blockierte,aber [&hellip;]<\/p>\n","protected":false},"author":1,"featured_media":0,"parent":0,"menu_order":0,"comment_status":"closed","ping_status":"closed","template":"","meta":{"footnotes":""},"class_list":["post-1667","page","type-page","status-publish","hentry"],"jetpack_sharing_enabled":true,"_links":{"self":[{"href":"https:\/\/overline-poetry.de\/index.php\/wp-json\/wp\/v2\/pages\/1667","targetHints":{"allow":["GET"]}}],"collection":[{"href":"https:\/\/overline-poetry.de\/index.php\/wp-json\/wp\/v2\/pages"}],"about":[{"href":"https:\/\/overline-poetry.de\/index.php\/wp-json\/wp\/v2\/types\/page"}],"author":[{"embeddable":true,"href":"https:\/\/overline-poetry.de\/index.php\/wp-json\/wp\/v2\/users\/1"}],"replies":[{"embeddable":true,"href":"https:\/\/overline-poetry.de\/index.php\/wp-json\/wp\/v2\/comments?post=1667"}],"version-history":[{"count":1,"href":"https:\/\/overline-poetry.de\/index.php\/wp-json\/wp\/v2\/pages\/1667\/revisions"}],"predecessor-version":[{"id":1671,"href":"https:\/\/overline-poetry.de\/index.php\/wp-json\/wp\/v2\/pages\/1667\/revisions\/1671"}],"wp:attachment":[{"href":"https:\/\/overline-poetry.de\/index.php\/wp-json\/wp\/v2\/media?parent=1667"}],"curies":[{"name":"wp","href":"https:\/\/api.w.org\/{rel}","templated":true}]}}