
{"id":1674,"date":"2023-05-18T05:15:00","date_gmt":"2023-05-18T05:15:00","guid":{"rendered":"https:\/\/overline-poetry.de\/?page_id=1674"},"modified":"2025-09-20T05:21:24","modified_gmt":"2025-09-20T05:21:24","slug":"corsica-ferries-die-einweiser-auf-der-faehre","status":"publish","type":"page","link":"https:\/\/overline-poetry.de\/index.php\/corsica-ferries-die-einweiser-auf-der-faehre\/","title":{"rendered":"Corsica Ferries \u2013 Die Einweiser auf der F\u00e4hre!"},"content":{"rendered":"\n<p>Von den Einweisern \u00fcber die Rampe ins Oberdeck hinauf geschickt,<br>aber der Einweiser hat wohl bei unserer H\u00f6he nicht \u201edurchgeblickt\u201c.<br>Wir sollten dem Fahrzeug mit dem Bootsanh\u00e4nger hinterher fahren,<br>in der Kurve aber die Stahlverbinder an der Decke im Wege waren.<br><br>Es fehlen an Deck Hinweise mit \u201eDurchfahrth\u00f6hen\u201c an den W\u00e4nden,<br>so k\u00f6nnte eine \u201eunkontrollierte Weiterfahrt\u201c im Fiasko dann enden!<br>Und wenn, sollte man die eigene Fahrzeugh\u00f6he auswendig kennen,<br>um einen \u201eH\u00f6henCrash\u201c zu meiden, dieses als Vorteil zu benennen.<br><br>Die <strong>Corsica Ferries<\/strong> nicht mit \u201eRoll-on-Roll-off\u201c-Durchfahrt-System,<br>darum das Einfahren geht, aber das Ausfahren nicht immer bequem.<br>Wenn man in eine l\u00e4ngere Schlange das Auto hinein als Erster lenkt,<br>beim Entladen muss dann r\u00fcckw\u00e4rts gefahren, dieses man bedenkt!<br><br>Manchmal sind es nur wenige \u201eH\u00f6henzentimeter\u201c, die einschr\u00e4nken,<br>aber es passiert schon, das Einweiser dieses nicht vorab bedenken.<br>Beim Einweisen wurde das Fahrzeug vor einem Stahltr\u00e4ger platziert<br>eine Weiterfahrt durch die Kurve h\u00e4tte uns den Aufbau \u201eweg rasiert&#8220;.<br><br>Am Zielort wird die F\u00e4hre von den Einweisern dann frei \u201eger\u00e4umt\u201c,<br>vor der Abfahrt die Deckenh\u00f6he zu kontrollieren, habe ich vers\u00e4umt.<br>Wenn man meint, man k\u00f6nne den Einweisern vertrauen doch blind,<br>die verursachen Fahrzeugsch\u00e4den von einem selbst zu tragen sind.<br><br>Die abgeh\u00e4ngte Stahlkonstruktion war vom Fahrsitz nicht zu sehen,<br>wie man Fahrzeuge so kompliziert \u201eeinweist\u201c, ist nicht zu verstehen.<br>Die Durchfahrtsh\u00f6he vor der Kurve durch den Stahltr\u00e4ger blockiert,<br>aber vom nebenstehenden Fahrzeug gewarnt, so ist nichts passiert.<br><br>Beim Verlassen der F\u00e4hre wurden wir bei der \u201eZur\u00fcckfahrt dirigiert\u201c,<br>aber die Frage \u201ewohin und wie weit zur\u00fcck\u201c, wohl nicht interessiert.<br>Die Einweiser winkend vor einem stehen und zur R\u00fcckfahrt dr\u00e4ngen.<br>Bei der R\u00fcckfahrt verursachte Sch\u00e4den bleiben beim Fahrer h\u00e4ngen!<br><br><strong>\u00a9 Rainer Dambroth &#8211; 18.05.2023 &#8211; <a href=\"https:\/\/www.overline-poetry.de\/\">www.overline-poetry.de<\/a><\/strong><\/p>\n","protected":false},"excerpt":{"rendered":"<p>Von den Einweisern \u00fcber die Rampe ins Oberdeck hinauf geschickt,aber der Einweiser hat wohl bei unserer H\u00f6he nicht \u201edurchgeblickt\u201c.Wir sollten dem Fahrzeug mit dem Bootsanh\u00e4nger hinterher fahren,in der Kurve aber die Stahlverbinder an der Decke im Wege waren. Es fehlen an Deck Hinweise mit \u201eDurchfahrth\u00f6hen\u201c an den W\u00e4nden,so k\u00f6nnte eine \u201eunkontrollierte Weiterfahrt\u201c im Fiasko dann [&hellip;]<\/p>\n","protected":false},"author":1,"featured_media":0,"parent":0,"menu_order":0,"comment_status":"closed","ping_status":"closed","template":"","meta":{"footnotes":""},"class_list":["post-1674","page","type-page","status-publish","hentry"],"jetpack_sharing_enabled":true,"_links":{"self":[{"href":"https:\/\/overline-poetry.de\/index.php\/wp-json\/wp\/v2\/pages\/1674","targetHints":{"allow":["GET"]}}],"collection":[{"href":"https:\/\/overline-poetry.de\/index.php\/wp-json\/wp\/v2\/pages"}],"about":[{"href":"https:\/\/overline-poetry.de\/index.php\/wp-json\/wp\/v2\/types\/page"}],"author":[{"embeddable":true,"href":"https:\/\/overline-poetry.de\/index.php\/wp-json\/wp\/v2\/users\/1"}],"replies":[{"embeddable":true,"href":"https:\/\/overline-poetry.de\/index.php\/wp-json\/wp\/v2\/comments?post=1674"}],"version-history":[{"count":1,"href":"https:\/\/overline-poetry.de\/index.php\/wp-json\/wp\/v2\/pages\/1674\/revisions"}],"predecessor-version":[{"id":1678,"href":"https:\/\/overline-poetry.de\/index.php\/wp-json\/wp\/v2\/pages\/1674\/revisions\/1678"}],"wp:attachment":[{"href":"https:\/\/overline-poetry.de\/index.php\/wp-json\/wp\/v2\/media?parent=1674"}],"curies":[{"name":"wp","href":"https:\/\/api.w.org\/{rel}","templated":true}]}}