
{"id":1685,"date":"2025-09-20T15:01:04","date_gmt":"2025-09-20T15:01:04","guid":{"rendered":"https:\/\/overline-poetry.de\/?page_id=1685"},"modified":"2025-09-20T15:01:20","modified_gmt":"2025-09-20T15:01:20","slug":"bremen-muellentsorgung-in-der-innenstadt","status":"publish","type":"page","link":"https:\/\/overline-poetry.de\/index.php\/bremen-muellentsorgung-in-der-innenstadt\/","title":{"rendered":"Bremen &#8211; M\u00fcllentsorgung in der Innenstadt"},"content":{"rendered":"\n<p>Die Hausm\u00fcllaufbewahrung, ein Problem in der Bremer Innenstadt,<br>denn nicht jedes Haus einen Platz f\u00fcr zu entsorgenden Abfall hat.<br>Zur Zeit wird der Haushaltsm\u00fcll in der eigenen Wohnung deponiert<br>und der \u201everstr\u00f6mende Geruch\u201c ist nicht wohlriechend parf\u00fcmiert.<br><br>Vierzehnt\u00e4gig wird dann der Hausm\u00fcll in festem Plastik eingesackt<br>und zur Abholung durch den Entsorger dann an die Stra\u00dfe gepackt.<br>Nachdem der M\u00fcll bis dahin in der eigenen Wohnung \u201ekompostiert\u201c,<br>mit der Hoffnung, das man bei Lagerung nicht Madenbefall riskiert.<br><br>Hier w\u00e4re f\u00fcr Bremen ein unterirdisches M\u00fclldepot zu empfehlen.<br>Der Zugang \u00fcber einen RFID-Code k\u00f6nnte die Benutzung z\u00e4hlen.<br>Oberirdisch ist nur ein verschlie\u00dfbarer kleiner M\u00fclleinwurf zu sehen<br>und k\u00f6nnte, weil fast unsichtbar, auch an Besichtigungsorten stehen.<br><br>M\u00fcllbeutel in eine Muldenklappe eingelegt, mit Schub \u201efreibewegt\u201c<br>und so sichergestellt, das nicht viele M\u00fcllbeutel zeitgleich eingelegt<br>Durch den RFID-Code die Nutzung kann abgerechnet werden sogar,<br>w\u00e4re doch eine M\u00f6glichkeit zur Hausm\u00fcllvermeidung, ist doch klar.<br><br>Die Entsorger die Beh\u00e4lter je nach F\u00fcllstand fr\u00fchmorgens entladen.<br>So M\u00fcll vor Ratten gesch\u00fctzt und die eigene Wohnung vor Maden.<br>Um den eigenen Wohnbereich vor lagernden Hausm\u00fcll zu sch\u00fctzen,<br>werden bestimmt viele \u201eInnenstadtbewohner\u201c dieses dann n\u00fctzen.<br><br><strong>\u00a9 Rainer Dambroth &#8211; 21.08.2024 &#8211; <a href=\"http:\/\/www.overline-poetry.de\/\">www.overline-poetry.de<\/a><br><br><\/strong><em>Ein Unterflurbeh\u00e4lter ist eine alternative und unauff\u00e4llige Variante zum Sammeln von Siedlungsabf\u00e4llen wie Altpapier, Bioabfall und Restm\u00fcll oder f\u00fcr Wertstoffe. Die Unterflurbeh\u00e4lter selbst werden aus Metall gefertigt, sind mit einem Graffiti- und Schlagschutz versehen und sitzen unterirdisch jeweils in einer Betonwanne. F\u00fcr die Installation von 4 Einheiten ben\u00f6tigt man eine Baugrube von 10 Metern L\u00e4nge und 3 Metern Breite. \u2026&#8230;&#8230;&#8230;<\/em><br><em>\u2026&#8230;&#8230; Die Entsorgung von drei Einheiten dauert mithilfe eines Kranwagens ungef\u00e4hr 4 Minuten und erfordert von den M\u00fcllm\u00e4nnern keinen Kraftaufwand. Die konventionelle Kapazit\u00e4t von 11.000 Litern k\u00f6nnen durch drei Unterflurbeh\u00e4lter abgedeckt werden. Der Einwurf kann per Schloss gesichert werden, um eine Nutzung durch Dritte zu verhindern.<br><\/em><strong><em>Wikipedia<\/em><\/strong><\/p>\n","protected":false},"excerpt":{"rendered":"<p>Die Hausm\u00fcllaufbewahrung, ein Problem in der Bremer Innenstadt,denn nicht jedes Haus einen Platz f\u00fcr zu entsorgenden Abfall hat.Zur Zeit wird der Haushaltsm\u00fcll in der eigenen Wohnung deponiertund der \u201everstr\u00f6mende Geruch\u201c ist nicht wohlriechend parf\u00fcmiert. Vierzehnt\u00e4gig wird dann der Hausm\u00fcll in festem Plastik eingesacktund zur Abholung durch den Entsorger dann an die Stra\u00dfe gepackt.Nachdem der M\u00fcll [&hellip;]<\/p>\n","protected":false},"author":1,"featured_media":0,"parent":0,"menu_order":0,"comment_status":"closed","ping_status":"closed","template":"","meta":{"footnotes":""},"class_list":["post-1685","page","type-page","status-publish","hentry"],"jetpack_sharing_enabled":true,"_links":{"self":[{"href":"https:\/\/overline-poetry.de\/index.php\/wp-json\/wp\/v2\/pages\/1685","targetHints":{"allow":["GET"]}}],"collection":[{"href":"https:\/\/overline-poetry.de\/index.php\/wp-json\/wp\/v2\/pages"}],"about":[{"href":"https:\/\/overline-poetry.de\/index.php\/wp-json\/wp\/v2\/types\/page"}],"author":[{"embeddable":true,"href":"https:\/\/overline-poetry.de\/index.php\/wp-json\/wp\/v2\/users\/1"}],"replies":[{"embeddable":true,"href":"https:\/\/overline-poetry.de\/index.php\/wp-json\/wp\/v2\/comments?post=1685"}],"version-history":[{"count":1,"href":"https:\/\/overline-poetry.de\/index.php\/wp-json\/wp\/v2\/pages\/1685\/revisions"}],"predecessor-version":[{"id":1690,"href":"https:\/\/overline-poetry.de\/index.php\/wp-json\/wp\/v2\/pages\/1685\/revisions\/1690"}],"wp:attachment":[{"href":"https:\/\/overline-poetry.de\/index.php\/wp-json\/wp\/v2\/media?parent=1685"}],"curies":[{"name":"wp","href":"https:\/\/api.w.org\/{rel}","templated":true}]}}