
{"id":1696,"date":"2021-12-24T15:55:00","date_gmt":"2021-12-24T15:55:00","guid":{"rendered":"https:\/\/overline-poetry.de\/?page_id=1696"},"modified":"2025-09-20T15:59:16","modified_gmt":"2025-09-20T15:59:16","slug":"bremen-die-stadt-der-radfahrer","status":"publish","type":"page","link":"https:\/\/overline-poetry.de\/index.php\/bremen-die-stadt-der-radfahrer\/","title":{"rendered":"Bremen, die Stadt der Radfahrer"},"content":{"rendered":"\n<p>Ein erkl\u00e4rtes Ziel der Bremer Gr\u00fcnen und das muss erst verstehen,<br>bis 2030 wollen sie nur noch Fahrradfahrer in der Innenstadt sehen.<br>Wom\u00f6glich werden alle Parkh\u00e4user dann f\u00fcr Fahrr\u00e4der umgestaltet,<br>und die teuren Parkgeb\u00fchren werden f\u00fcr Fahrr\u00e4der dann verwaltet.<br><br>Sie stellen ihre Autos und Busse auf einen Park-and-Ride Platz ab,<br>fahren mit dem Bus und der Bahn dann in die Bremer Innenstadt.<br>Oder sie mieten am Park-and-Ride ein Rad und fahren in die Stadt,<br>die au\u00dfer bekannten Historischem nichts Sehenswertes mehr hat.<br><br>In D\u00e4nemark und Niederlanden wurde von \u201elanger Hand\u201c geplant<br>und hier versucht man dieses in kurzer Zeit, warum, ihr es ahnt.<br>Der ganze Stadtbereich wird im Verkehrsfluss dann umstrukturiert,<br>aber man muss langfristig planen, damit der B\u00fcrger nicht verliert.<br><br>Mit Gewalt die Stra\u00dfen f\u00fcr den Autoverkehr komplett zu sperren,<br>gegen diese Entscheidung wird sich der B\u00fcrger dann auch wehren.<br>Denn die Menschen sind gezwungen, zur Arbeitsst\u00e4tte zu kommen,<br>denn nicht immer, kann der Weg dann mit dem Fahrrad genommen.<br><br>Als diese \u201egr\u00fcne Idee\u201c wurde dieses Jahr zu einem Teil umgesetzt,<br>h\u00e4tte ich mich fast mit dem neuen Fahrbahnverlauf dann versch\u00e4tzt.<br>Von der Weserbr\u00fccke kommend in die Martinistra\u00dfe hineingefahren,<br>gab es doch diesen \u201eneuen\u201c Fahrradweg nach all den vielen Jahren.<br><br>Die Martinistra\u00dfe, in Richtung Brill, wurde dann einfach zweigeteilt,<br>aber es fehlt ein hinweisende Schild, wenn man in diese Stra\u00dfe eilt.<br>So wurde die Stra\u00dfe mittig im Abstand dann mit Pollern versehen,<br>aber zu Beginn fehlt ein Richtungspfeil, um es richtig zu verstehen.<br><br>Fast auf dem \u201eFahrradweg\u201c gelandet, denn es wurde nicht gewarnt,<br>die Umgestaltung war schneller, als die Stra\u00dfenverwaltung es ahnt.<br>Es gibt wichtigere Probleme zu l\u00f6sen, aber da l\u00e4sst man sich Zeit,<br>hier wird \u201e\u00fcbers Knie gebrochen\u201c, obwohl das Umfeld nicht bereit.<br><br>\u00a9 Rainer Dambroth &#8211; 24.12.2021 &#8211; <strong><a href=\"http:\/\/www.overline-poetry.de\/\">www.overline-poetry.de<\/a><\/strong><\/p>\n","protected":false},"excerpt":{"rendered":"<p>Ein erkl\u00e4rtes Ziel der Bremer Gr\u00fcnen und das muss erst verstehen,bis 2030 wollen sie nur noch Fahrradfahrer in der Innenstadt sehen.Wom\u00f6glich werden alle Parkh\u00e4user dann f\u00fcr Fahrr\u00e4der umgestaltet,und die teuren Parkgeb\u00fchren werden f\u00fcr Fahrr\u00e4der dann verwaltet. Sie stellen ihre Autos und Busse auf einen Park-and-Ride Platz ab,fahren mit dem Bus und der Bahn dann in [&hellip;]<\/p>\n","protected":false},"author":1,"featured_media":0,"parent":0,"menu_order":0,"comment_status":"closed","ping_status":"closed","template":"","meta":{"footnotes":""},"class_list":["post-1696","page","type-page","status-publish","hentry"],"jetpack_sharing_enabled":true,"_links":{"self":[{"href":"https:\/\/overline-poetry.de\/index.php\/wp-json\/wp\/v2\/pages\/1696","targetHints":{"allow":["GET"]}}],"collection":[{"href":"https:\/\/overline-poetry.de\/index.php\/wp-json\/wp\/v2\/pages"}],"about":[{"href":"https:\/\/overline-poetry.de\/index.php\/wp-json\/wp\/v2\/types\/page"}],"author":[{"embeddable":true,"href":"https:\/\/overline-poetry.de\/index.php\/wp-json\/wp\/v2\/users\/1"}],"replies":[{"embeddable":true,"href":"https:\/\/overline-poetry.de\/index.php\/wp-json\/wp\/v2\/comments?post=1696"}],"version-history":[{"count":1,"href":"https:\/\/overline-poetry.de\/index.php\/wp-json\/wp\/v2\/pages\/1696\/revisions"}],"predecessor-version":[{"id":1700,"href":"https:\/\/overline-poetry.de\/index.php\/wp-json\/wp\/v2\/pages\/1696\/revisions\/1700"}],"wp:attachment":[{"href":"https:\/\/overline-poetry.de\/index.php\/wp-json\/wp\/v2\/media?parent=1696"}],"curies":[{"name":"wp","href":"https:\/\/api.w.org\/{rel}","templated":true}]}}