
{"id":1710,"date":"2024-08-27T04:13:00","date_gmt":"2024-08-27T04:13:00","guid":{"rendered":"https:\/\/overline-poetry.de\/?page_id=1710"},"modified":"2025-09-21T04:16:47","modified_gmt":"2025-09-21T04:16:47","slug":"zu-naive-waehler-in-ostdeutschland-werden-unsere-demokratie-zerstoeren","status":"publish","type":"page","link":"https:\/\/overline-poetry.de\/index.php\/zu-naive-waehler-in-ostdeutschland-werden-unsere-demokratie-zerstoeren\/","title":{"rendered":"Zu naive W\u00e4hler in Ostdeutschland werden unsere Demokratie zerst\u00f6ren!"},"content":{"rendered":"\n<p>Wenn Frieden gepredigt, den jeder will, wird aus Wasser kein Wein!<br>Zu naive Menschen dieses glauben, wie kann man so naiv nur sein?<br>Ob die linken Parteien oder die rechten Parteien, beide sind extrem,<br>diese Art Parteien machen es f\u00fcr die W\u00e4hler doch sehr, zu bequem.<br><br>Sie suggerieren, nur sie wollen Frieden, die anderen wollten Krieg.<br>Nur sie werden den Ukraine-Krieg beenden, aber f\u00fcr Putin den Sieg.<br>Keine Waffen f\u00fcr die Ukraine, dann werden sie den Krieg verlieren,<br>denn wehrlos, m\u00fcssen sie dann gegen\u00fcber Russland kapitulieren!<br><br>Das B\u00fcndnis Sahra Wagenknecht will ein Votum f\u00fcr sich einbringen<br>und dann die Macht der agierenden Parteien \u201ein die Knie zwingen\u201c.<br>Mit Spr\u00fcchen: Sie will die Armen entlasten und nur sie unterst\u00fctzen<br>Daf\u00fcr Reiche stark besteuern und das Geld der Reichen ben\u00fctzen.<br><br>Sie will sich sich mit Despoten Putin und mit Russland verbinden,<br>um wieder billige Energie f\u00fcr die produzierende Industrie zu finden.<br>Auch das B\u00fcndnis Sahra Wagenknecht Suppe nur mit Wasser kocht,<br>aber ihre hohlen Spr\u00fcche und ihre \u201eGebetsm\u00fchlen\u201c ich nie gemocht<br><br>Die AFD will wieder ein nationales Deutschland und den EU-Austritt.<br>Mit einem Gewinn f\u00fcr Deutschland, so begr\u00fcnden sie diesen Schritt.<br>Auch planen sie mit dem Autokraten Putin schon eine Kooperation.<br>F\u00fcr ein offenes Europa, Freiheit und Demokratie war es das schon!<br><br>Wer will schon ein Deutschland, was von Russland aus wird regiert<br>und als Vasallenstaat f\u00fcr die russische F\u00f6deration nur funktioniert?<br>Denn wenn erst die AFD die F\u00fchrungsmacht in Deutschland stellt,<br>wird sie so regieren, wie es der russischen Regierung dann gef\u00e4llt!<br><br>Nur dumme \u201eStimmviecher\u201c werden ihre Metzger selbst erw\u00e4hlen!<br>F\u00fcr sie nur \u201ehohle Spr\u00fcche\u201c und ein nationales Deutschland z\u00e4hlen.<br>Liebe Leute, vieles bei alt-etablierten Parteien auch mir nicht gef\u00e4llt,<br>aber denkt an unsere Demokratie und Freiheit, nur das dann z\u00e4hlt!<br><br><strong>\u00a9<\/strong> Rainer Dambroth \u2013 27.08.2024 \u2013 <a href=\"http:\/\/www.overline-poetry.de\/\"><strong>www.overline-poetry.de<\/strong><\/a><br><br><strong><em>Man darf nicht warten, bis aus dem Schneeball eine Lawine geworden ist. Man muss den rollenden Schneeball zertreten. Die Lawine h\u00e4lt keiner mehr auf. Sie ruht erst, wenn sie alles unter sich begraben hat.<br>Erich K\u00e4stner<\/em><\/strong><\/p>\n","protected":false},"excerpt":{"rendered":"<p>Wenn Frieden gepredigt, den jeder will, wird aus Wasser kein Wein!Zu naive Menschen dieses glauben, wie kann man so naiv nur sein?Ob die linken Parteien oder die rechten Parteien, beide sind extrem,diese Art Parteien machen es f\u00fcr die W\u00e4hler doch sehr, zu bequem. Sie suggerieren, nur sie wollen Frieden, die anderen wollten Krieg.Nur sie werden [&hellip;]<\/p>\n","protected":false},"author":1,"featured_media":0,"parent":0,"menu_order":0,"comment_status":"closed","ping_status":"closed","template":"","meta":{"footnotes":""},"class_list":["post-1710","page","type-page","status-publish","hentry"],"jetpack_sharing_enabled":true,"_links":{"self":[{"href":"https:\/\/overline-poetry.de\/index.php\/wp-json\/wp\/v2\/pages\/1710","targetHints":{"allow":["GET"]}}],"collection":[{"href":"https:\/\/overline-poetry.de\/index.php\/wp-json\/wp\/v2\/pages"}],"about":[{"href":"https:\/\/overline-poetry.de\/index.php\/wp-json\/wp\/v2\/types\/page"}],"author":[{"embeddable":true,"href":"https:\/\/overline-poetry.de\/index.php\/wp-json\/wp\/v2\/users\/1"}],"replies":[{"embeddable":true,"href":"https:\/\/overline-poetry.de\/index.php\/wp-json\/wp\/v2\/comments?post=1710"}],"version-history":[{"count":1,"href":"https:\/\/overline-poetry.de\/index.php\/wp-json\/wp\/v2\/pages\/1710\/revisions"}],"predecessor-version":[{"id":1714,"href":"https:\/\/overline-poetry.de\/index.php\/wp-json\/wp\/v2\/pages\/1710\/revisions\/1714"}],"wp:attachment":[{"href":"https:\/\/overline-poetry.de\/index.php\/wp-json\/wp\/v2\/media?parent=1710"}],"curies":[{"name":"wp","href":"https:\/\/api.w.org\/{rel}","templated":true}]}}