
{"id":1720,"date":"2019-09-02T05:28:00","date_gmt":"2019-09-02T05:28:00","guid":{"rendered":"https:\/\/overline-poetry.de\/?page_id=1720"},"modified":"2025-09-22T05:32:34","modified_gmt":"2025-09-22T05:32:34","slug":"andreas-scheuer-ein-desaster-minister","status":"publish","type":"page","link":"https:\/\/overline-poetry.de\/index.php\/andreas-scheuer-ein-desaster-minister\/","title":{"rendered":"Andreas Scheuer &#8211; ein Desaster Minister"},"content":{"rendered":"\n<p>Bist du von den Schlechtesten auch noch der Beste hier bei uns auf Erden,<br>dann kannst du in &#8222;Bayern und Deutschland&#8220; immer noch Minister werden.<br>Wenn dich in &#8222;Bayern und Deutschland&#8220; nur das v\u00f6llige Chaos interessiert<br>und hast auch das Parteibuch der CSU, dann ist dieser Job dir garantiert!<br><br>Ist dir dein Unrechtsbewusstsein auch vollkommen abhanden gekommen,<br>dann bist du als ein Verkehrsminister der CSU in Deutschland willkommen.<br>Als CSU-Verkehrsminister braucht man auch keine besonderen F\u00e4higkeiten.<br>Es reicht der CDU, wenn man dem \u201eAnh\u00e4ngsel\u201c kann eine Freude bereiten.<br><br>Wenn du meinst, Du geh\u00f6rst als Verkehrsminister zu den besonders Guten<br>und wenn du Fehler machst, dann wird nur der Steuerzahler daf\u00fcr \u201ebluten\u201c.<br>Andreas Scheuer, als Verkehrsminister in vielen Dingen ein gro\u00dfes Desaster,<br>aber wie er voreilig bei der Umsetzung &#8222;PKW Maut&#8220; gehandelt hat, passt er!<br><br>Dich verfolgt der Mautwahnsinn schon nachts in deinen \u201ek\u00fchnsten Tr\u00e4umen\u201c<br>und du beginnst bei den Betreibern die &#8222;Bedenken aus den Weg zu r\u00e4umen&#8220;.<br>Alleine auf deine Worte zu h\u00f6ren, war von den Betreibern sehr naiv gedacht,<br>denn ich gehe von Firmen aus, wo nur mit amtlichen Auftrag etwas gemacht.<br><br>Nach dem richterlichen Urteil und nach Absage der angedachten Pkw-Maut,<br>dem deutschen Steuerzahler dann vor den entstandenen hohen Kosten graut.<br>Die Maut-Betreiber h\u00e4tten schon Vorarbeiten im Sinne der Maut \u201eanger\u00fchrt\u201c<br>und ihnen ist egal, ob Andreas Scheuer die Betreiber hat dann nur vorgef\u00fchrt.<br><br>Auch die CSU-Vorg\u00e4nger als Verkehrsminister waren nicht das gro\u00dfe Gl\u00fcck,<br>aber sie waren f\u00fcr Bayern wichtig und nicht so wichtig war dann ihr Geschick.<br>Ob Peter Ramsauer oder Alexander Dobrindt, hier konnte man nur verlieren,<br>sie durften im Sinne Bayern die Geschicke des Verkehrsministerium dirigieren.<br><br><strong>\u00a9<\/strong> Rainer Dambroth &#8211; 02.07.2019 &#8211; <strong><a href=\"https:\/\/www.overline-poetry.de\/\">www.overline-poetry.de<\/a><\/strong><\/p>\n","protected":false},"excerpt":{"rendered":"<p>Bist du von den Schlechtesten auch noch der Beste hier bei uns auf Erden,dann kannst du in &#8222;Bayern und Deutschland&#8220; immer noch Minister werden.Wenn dich in &#8222;Bayern und Deutschland&#8220; nur das v\u00f6llige Chaos interessiertund hast auch das Parteibuch der CSU, dann ist dieser Job dir garantiert! Ist dir dein Unrechtsbewusstsein auch vollkommen abhanden gekommen,dann bist [&hellip;]<\/p>\n","protected":false},"author":1,"featured_media":0,"parent":0,"menu_order":0,"comment_status":"closed","ping_status":"closed","template":"","meta":{"footnotes":""},"class_list":["post-1720","page","type-page","status-publish","hentry"],"jetpack_sharing_enabled":true,"_links":{"self":[{"href":"https:\/\/overline-poetry.de\/index.php\/wp-json\/wp\/v2\/pages\/1720","targetHints":{"allow":["GET"]}}],"collection":[{"href":"https:\/\/overline-poetry.de\/index.php\/wp-json\/wp\/v2\/pages"}],"about":[{"href":"https:\/\/overline-poetry.de\/index.php\/wp-json\/wp\/v2\/types\/page"}],"author":[{"embeddable":true,"href":"https:\/\/overline-poetry.de\/index.php\/wp-json\/wp\/v2\/users\/1"}],"replies":[{"embeddable":true,"href":"https:\/\/overline-poetry.de\/index.php\/wp-json\/wp\/v2\/comments?post=1720"}],"version-history":[{"count":1,"href":"https:\/\/overline-poetry.de\/index.php\/wp-json\/wp\/v2\/pages\/1720\/revisions"}],"predecessor-version":[{"id":1724,"href":"https:\/\/overline-poetry.de\/index.php\/wp-json\/wp\/v2\/pages\/1720\/revisions\/1724"}],"wp:attachment":[{"href":"https:\/\/overline-poetry.de\/index.php\/wp-json\/wp\/v2\/media?parent=1720"}],"curies":[{"name":"wp","href":"https:\/\/api.w.org\/{rel}","templated":true}]}}