
{"id":1727,"date":"2021-12-18T05:53:00","date_gmt":"2021-12-18T05:53:00","guid":{"rendered":"https:\/\/overline-poetry.de\/?page_id=1727"},"modified":"2025-09-22T06:02:27","modified_gmt":"2025-09-22T06:02:27","slug":"verteidigungsministerium-eine-fehlbesetzung","status":"publish","type":"page","link":"https:\/\/overline-poetry.de\/index.php\/verteidigungsministerium-eine-fehlbesetzung\/","title":{"rendered":"Verteidigungsministerium eine Fehlbesetzung!"},"content":{"rendered":"\n<p>Eine Fehlbesetzung ist die \u201eQuotenfrau\u201c, Christine Lamprecht,<br>f\u00fcr unser Verteidigungsministerium, \u201emehr schlecht als recht\u201c.<br>Sie scheint mit dem Ministeramt doch schon sehr \u00fcberfordert,<br>h\u00e4tte man doch nur auch Kompetenz in dieses Amt beordert.<br><br>Auch die beiden Vorg\u00e4ngerinnen waren nicht sehr gut gew\u00e4hlt,<br>denn hier w\u00e4re Hintergrundwissen von Nutzen, was dann z\u00e4hlt.<br>Nicht Personen, die sich nur \u00fcber ihre \u201eRegierungszeit\u201c qu\u00e4len,<br>aber auch hier schien Loyalit\u00e4t und die Quote mehr zu z\u00e4hlen.<br><br>Nur jemanden \u00fcber Quote in solch ein wichtiges Amt zu heben,<br>dass sollte es mit dieser mangelhaften Kompetenz nicht geben.<br>Es g\u00e4be doch eine bessere Besetzung f\u00fcr diesen Ministerposten,<br>aber da scheint bei den Entscheidern der Verstand zu \u201erosten\u201c.<br><br>Sie sollte freiwillig zur\u00fccktreten und diesen Posten quittieren,<br>bevor wir uns noch weiter mit dieser Fehlbesetzung blamieren.<br>F\u00fcr die Ehre k\u00f6nnte man f\u00fcr sie ein neues Amt dann erfinden,<br>um sie wegen der Quote in die Regierungsarbeit einzubinden.<br><br>\u00a9 Rainer Dambroth &#8211; 18.12.2021 &#8211; <strong><a href=\"https:\/\/www.overline-poetry.de\/\">www.overline-poetry.de<\/a><\/strong><br><\/p>\n","protected":false},"excerpt":{"rendered":"<p>Eine Fehlbesetzung ist die \u201eQuotenfrau\u201c, Christine Lamprecht,f\u00fcr unser Verteidigungsministerium, \u201emehr schlecht als recht\u201c.Sie scheint mit dem Ministeramt doch schon sehr \u00fcberfordert,h\u00e4tte man doch nur auch Kompetenz in dieses Amt beordert. Auch die beiden Vorg\u00e4ngerinnen waren nicht sehr gut gew\u00e4hlt,denn hier w\u00e4re Hintergrundwissen von Nutzen, was dann z\u00e4hlt.Nicht Personen, die sich nur \u00fcber ihre \u201eRegierungszeit\u201c qu\u00e4len,aber [&hellip;]<\/p>\n","protected":false},"author":1,"featured_media":0,"parent":0,"menu_order":0,"comment_status":"closed","ping_status":"closed","template":"","meta":{"footnotes":""},"class_list":["post-1727","page","type-page","status-publish","hentry"],"jetpack_sharing_enabled":true,"_links":{"self":[{"href":"https:\/\/overline-poetry.de\/index.php\/wp-json\/wp\/v2\/pages\/1727","targetHints":{"allow":["GET"]}}],"collection":[{"href":"https:\/\/overline-poetry.de\/index.php\/wp-json\/wp\/v2\/pages"}],"about":[{"href":"https:\/\/overline-poetry.de\/index.php\/wp-json\/wp\/v2\/types\/page"}],"author":[{"embeddable":true,"href":"https:\/\/overline-poetry.de\/index.php\/wp-json\/wp\/v2\/users\/1"}],"replies":[{"embeddable":true,"href":"https:\/\/overline-poetry.de\/index.php\/wp-json\/wp\/v2\/comments?post=1727"}],"version-history":[{"count":1,"href":"https:\/\/overline-poetry.de\/index.php\/wp-json\/wp\/v2\/pages\/1727\/revisions"}],"predecessor-version":[{"id":1731,"href":"https:\/\/overline-poetry.de\/index.php\/wp-json\/wp\/v2\/pages\/1727\/revisions\/1731"}],"wp:attachment":[{"href":"https:\/\/overline-poetry.de\/index.php\/wp-json\/wp\/v2\/media?parent=1727"}],"curies":[{"name":"wp","href":"https:\/\/api.w.org\/{rel}","templated":true}]}}