
{"id":1736,"date":"2025-09-17T14:49:09","date_gmt":"2025-09-17T14:49:09","guid":{"rendered":"https:\/\/overline-poetry.de\/?page_id=1736"},"modified":"2025-09-22T14:51:46","modified_gmt":"2025-09-22T14:51:46","slug":"markus-soeder-als-koalition-stoerenfried","status":"publish","type":"page","link":"https:\/\/overline-poetry.de\/index.php\/markus-soeder-als-koalition-stoerenfried\/","title":{"rendered":"Markus S\u00f6der als Koalition St\u00f6renfried?"},"content":{"rendered":"\n<p>Die Rolle des Koalitionsst\u00f6rer hat <strong>Markus S\u00f6de<\/strong>r jetzt \u00fcbernommen,<br>wenn ihm nach einer Wurstfressorgie wirre Gedanken \u00fcberkommen.<br>Er sieht die <strong>CDU\/CSU<\/strong> als Bollwerk gegen die <strong>AFD<\/strong>-Regierungsmacht,<br>aber wenn zwei nur streiten, die <strong>AFD<\/strong> als Dritte, dann dar\u00fcber lacht.<br><br>Muss der <strong>Markus S\u00f6der<\/strong> \u00fcberall ungefragt seinen \u201eSenf\u201c hinzugeben,<br>Glaubt er, ohne seine Kritik w\u00e4re die Koalition nicht mehr am Leben.<br>Reden ist Silber, Schweigen w\u00e4re auch einmal Gold f\u00fcr seinen Mund,<br>denn mit seinen Kommentaren st\u00f6rt er die Koalition zu jeder Stund&#8216;.<br><br>Mit den wirren Metaphern, die <strong>Markus S\u00f6der<\/strong> von sich so verbreitet,<br>den Grenzbereich des Zumutbaren doch manches Mal \u00fcberschreitet.<br>Er den Stillstand in der Industrie als Frau ohne Unterleib vergleicht?<br>Sind das seine gr\u00f6\u00dften Sorgen in dem <strong>Bundesland Bayern<\/strong> vielleicht?<br><br>Denn wenn im <strong>Bundesland Bayern<\/strong> den Frauen der Unterleib fehlt,<br>werden im <strong>Bundesland Bayern<\/strong> dann auch weniger Kinder gez\u00e4hlt.<br>Oder denkt er dabei an das Vergn\u00fcgen, welches bleibt ihm versagt,<br>w\u00e4hrend die produzierende Industrie \u00fcber Absatzprobleme klagt.<br><br>Die Regierung \u201esollte liefern\u201c, weniger inhaltslose Reden schwingen,<br>denn beim weiter so, wird bald die <strong>AFD<\/strong> regieren und Unheil bringen.<br>Wenn zwei Parteien sich bei den Probleml\u00f6sungen nur uneinig sind,<br>\u201ezementiert\u201c das so wieder den Stillstand, das wei\u00df doch jedes Kind.<br><br>Die gro\u00dfe Ank\u00fcndigung: \u201eDer Herbst als Meilenstein f\u00fcr Reformen\u201c,<br>aber vieles bewegt sich nur au\u00dferhalb der sozial gerechter Normen.<br>So wird weiter nur \u201ehei\u00dfe Luft mit zu wenige Taten\u201c dann verbreitet<br>und mit Selbstgef\u00e4lligkeit, wird der N\u00e4hrboden f\u00fcr die <strong>AFD<\/strong> bereitet.<br><br><strong>\u00a9 Rainer Dambroth \u2013 17.09.2025 \u2013 www.overline-poetry.de<\/strong><br><br><em>Bayerns Ministerpr\u00e4sident Markus S\u00f6der warnt davor, Deutschland ohne Industrie sei wie eine Dame ohne Unterleib.<\/em><\/p>\n","protected":false},"excerpt":{"rendered":"<p>Die Rolle des Koalitionsst\u00f6rer hat Markus S\u00f6der jetzt \u00fcbernommen,wenn ihm nach einer Wurstfressorgie wirre Gedanken \u00fcberkommen.Er sieht die CDU\/CSU als Bollwerk gegen die AFD-Regierungsmacht,aber wenn zwei nur streiten, die AFD als Dritte, dann dar\u00fcber lacht. Muss der Markus S\u00f6der \u00fcberall ungefragt seinen \u201eSenf\u201c hinzugeben,Glaubt er, ohne seine Kritik w\u00e4re die Koalition nicht mehr am Leben.Reden [&hellip;]<\/p>\n","protected":false},"author":1,"featured_media":0,"parent":0,"menu_order":0,"comment_status":"closed","ping_status":"closed","template":"","meta":{"footnotes":""},"class_list":["post-1736","page","type-page","status-publish","hentry"],"jetpack_sharing_enabled":true,"_links":{"self":[{"href":"https:\/\/overline-poetry.de\/index.php\/wp-json\/wp\/v2\/pages\/1736","targetHints":{"allow":["GET"]}}],"collection":[{"href":"https:\/\/overline-poetry.de\/index.php\/wp-json\/wp\/v2\/pages"}],"about":[{"href":"https:\/\/overline-poetry.de\/index.php\/wp-json\/wp\/v2\/types\/page"}],"author":[{"embeddable":true,"href":"https:\/\/overline-poetry.de\/index.php\/wp-json\/wp\/v2\/users\/1"}],"replies":[{"embeddable":true,"href":"https:\/\/overline-poetry.de\/index.php\/wp-json\/wp\/v2\/comments?post=1736"}],"version-history":[{"count":1,"href":"https:\/\/overline-poetry.de\/index.php\/wp-json\/wp\/v2\/pages\/1736\/revisions"}],"predecessor-version":[{"id":1740,"href":"https:\/\/overline-poetry.de\/index.php\/wp-json\/wp\/v2\/pages\/1736\/revisions\/1740"}],"wp:attachment":[{"href":"https:\/\/overline-poetry.de\/index.php\/wp-json\/wp\/v2\/media?parent=1736"}],"curies":[{"name":"wp","href":"https:\/\/api.w.org\/{rel}","templated":true}]}}