
{"id":1743,"date":"2022-02-28T05:36:00","date_gmt":"2022-02-28T05:36:00","guid":{"rendered":"https:\/\/overline-poetry.de\/?page_id=1743"},"modified":"2025-09-24T05:40:57","modified_gmt":"2025-09-24T05:40:57","slug":"putin-der-russische-despot","status":"publish","type":"page","link":"https:\/\/overline-poetry.de\/index.php\/putin-der-russische-despot\/","title":{"rendered":"Putin, der russische Despot"},"content":{"rendered":"\n<p>Wer Putin zum Frieden die Hand reicht, der sollte vorher die Finger z\u00e4hlen,<br>denn es kann sein, das einem schon danach einige Finger werden fehlen.<br>Putin ist sehr unberechenbar, denn er will vergr\u00f6\u00dfern das russische Reich.<br>Er will als ein Held Geschichte schreiben und mit seinem Denkmal zugleich.<br><br>In Russland nur die Meinung von dem Aggressor und Despoten Putin z\u00e4hlt,<br>wer anderer Meinung ist, der hat sein Recht auf ein langes Leben verfehlt.<br>Der wird den Rest sein Leben in einem russisches Arbeitslager verbringen,<br>oder der Despot Putin l\u00e4sst ihn gleich durch den Geheimdienst umbringen.<br><br>Er hat sein Aufmarsch an der Grenze der Ukraine als Man\u00f6ver deklariert<br>und hat zugleich Friedensverhandlungen bei sich im Kreml akzeptiert.<br>Er hat seine Verhandlungspartner im Kreml dann zum Narren gemacht<br>und nach dem jeweiligen Verhandlungsende \u00fcber seine Narretei gelacht.<br><br>Dem M\u00f6chtegern-Zaren scheint eine friedliche Welt nicht zu interessieren,<br>mit Brutalit\u00e4t nimmt er sich alles, wobei nur die Anderen dann verlieren.<br>Er will die L\u00e4nder der ehemaligen Sowjetunion zur\u00fcck gewinnen und mehr!<br>Dabei st\u00f6ren die EU und das Friedenssicherungsb\u00fcndnis der Nato ihn sehr.<br><br>Wie beim Spiel \u201eM\u00fchle\u201c platziert er dann auf der Welt seine Spielsteine<br>und irgendwann wird die M\u00fchle komplett gesetzt, wie jetzt in der Ukraine.<br>Seine S\u00f6ldnertruppen agieren dort, wo es f\u00fcr ihn etwas gibt zu gewinnen,<br>ohne offizielles Mandat, aber er beh\u00e4lt die F\u00e4den in der Hand zum Spinnen.<br><br>Auch \u00c4rzte rufen zum Einlenken auf, um einen Atomschlag zu vermeiden,<br>aber glauben die im Ernst, damit w\u00fcrde sich der Despot dann bescheiden.<br>Diese Drohkulisse wird gegen die Ukraine, den Westen und Nato eingesetzt,<br>denn er hat die Wehrhaftigkeit der ukrainischen B\u00fcrger sehr untersch\u00e4tzt.<br><br>Putin ist ein Aggressor und wahrscheinlich auch schon sehr geistesgest\u00f6rt,<br>weil solch ein sinnloser Angriff jeden friedliebenden Menschen auch emp\u00f6rt.<br>Diesen strategischen Angriffskrieg als eine \u201eFriedensmission\u201c zu deklarieren?<br>Putin erpresst uns und dreht den Gashahn zu, damit wir im Winter frieren!<br><br><strong>\u00a9<\/strong> Rainer Dambroth &#8211; 28.02.2022 &#8211; <strong><a href=\"http:\/\/www.overline-poetry.de\/\">www.overline-poetry.de<\/a><\/strong><\/p>\n","protected":false},"excerpt":{"rendered":"<p>Wer Putin zum Frieden die Hand reicht, der sollte vorher die Finger z\u00e4hlen,denn es kann sein, das einem schon danach einige Finger werden fehlen.Putin ist sehr unberechenbar, denn er will vergr\u00f6\u00dfern das russische Reich.Er will als ein Held Geschichte schreiben und mit seinem Denkmal zugleich. In Russland nur die Meinung von dem Aggressor und Despoten [&hellip;]<\/p>\n","protected":false},"author":1,"featured_media":0,"parent":0,"menu_order":0,"comment_status":"closed","ping_status":"closed","template":"","meta":{"footnotes":""},"class_list":["post-1743","page","type-page","status-publish","hentry"],"jetpack_sharing_enabled":true,"_links":{"self":[{"href":"https:\/\/overline-poetry.de\/index.php\/wp-json\/wp\/v2\/pages\/1743","targetHints":{"allow":["GET"]}}],"collection":[{"href":"https:\/\/overline-poetry.de\/index.php\/wp-json\/wp\/v2\/pages"}],"about":[{"href":"https:\/\/overline-poetry.de\/index.php\/wp-json\/wp\/v2\/types\/page"}],"author":[{"embeddable":true,"href":"https:\/\/overline-poetry.de\/index.php\/wp-json\/wp\/v2\/users\/1"}],"replies":[{"embeddable":true,"href":"https:\/\/overline-poetry.de\/index.php\/wp-json\/wp\/v2\/comments?post=1743"}],"version-history":[{"count":1,"href":"https:\/\/overline-poetry.de\/index.php\/wp-json\/wp\/v2\/pages\/1743\/revisions"}],"predecessor-version":[{"id":1747,"href":"https:\/\/overline-poetry.de\/index.php\/wp-json\/wp\/v2\/pages\/1743\/revisions\/1747"}],"wp:attachment":[{"href":"https:\/\/overline-poetry.de\/index.php\/wp-json\/wp\/v2\/media?parent=1743"}],"curies":[{"name":"wp","href":"https:\/\/api.w.org\/{rel}","templated":true}]}}