
{"id":1750,"date":"2021-02-12T05:58:00","date_gmt":"2021-02-12T05:58:00","guid":{"rendered":"https:\/\/overline-poetry.de\/?page_id=1750"},"modified":"2025-09-24T07:29:41","modified_gmt":"2025-09-24T07:29:41","slug":"tierueberschussproduktion","status":"publish","type":"page","link":"https:\/\/overline-poetry.de\/index.php\/tierueberschussproduktion\/","title":{"rendered":"Tier\u00fcberschussproduktion"},"content":{"rendered":"\n<p>Weil wir Fleisch und Milch \u00fcber unseren Verbrauch produzieren,<br>m\u00fcssen wir diesen \u00dcberschuss in die \u201eNicht-EU\u201c dann exportieren.<br>Die Exporteure haben diesen \u201eLebendtiermarkt\u201c f\u00fcr sich entdeckt<br>und keiner muss wissen, welches \u201etierische\u201c Elend sich da versteckt.<br><br>Als Export von landwirtschaftlichen Produkten wird das deklariert,<br>nat\u00fcrlich direkt oder indirekt vom Staat oder der EU subventioniert.<br>Die Landwirte in den Nicht-EU-Staaten k\u00f6nnen dabei nur verlieren.<br>Zu diesen subventionierten Preisen k\u00f6nnen sie nicht produzieren.<br><br>Sie produzieren mehr Milch und die Preise fallen zum Verdruss<br>und Bullenk\u00e4lber sind bei der Milchproduktion der \u201e\u00dcberschuss\u201c!<br>Denn nur f\u00fcr die Fleischvermarktung sind sie noch zu verwenden<br>und werden letztendlich in den Nicht-EU-Staaten ihr Leben beenden.<br><br>Immer mehr Menschen werden vegan und ich kann es verstehen,<br>sie wollen Tiere nicht im Stall und auf den Transporten leiden sehen.<br>Weil die Preise am Markt verfallen, wird immer mehr produziert,<br>damit der Landwirt sein Auskommen beh\u00e4lt und dabei nicht verliert.<br><br>Die Massentierst\u00e4lle werden immer gr\u00f6\u00dfer und es wird rationalisiert,<br>und man braucht nicht sehr lange \u00fcberlegen, wer dabei wohl verliert.<br>Anstatt das Vertrauen der Verbraucher wieder f\u00fcr sich zu gewinnen,<br>scheint die Hoffnung auf \u201eTierwohl\u201c und Transparenz zu zerrinnen.<br><br>Die Landwirte sitzen in den Aussch\u00fcssen und auch fest in der Politik.<br>Sie entscheiden mit \u00fcber die Verteilung der Gelder und f\u00fcr ihr Gl\u00fcck.<br>Der Tierproduzent dabei nie seine Planungen aus den Augen verliert,<br>der Verbraucher hat mit seinen Steuern diesen Markt schon finanziert.<br><br><strong>\u00a9<\/strong> Rainer Dambroth \u2013 12.02.2021 \u2013 <strong><a href=\"https:\/\/www.overline-poetry.de\">www.overline-poetry.de<\/a><\/strong><\/p>\n\n\n\n<p><strong>Anmerkung:<\/strong><br>Laut einer Statistik aus dem Jahr 2020 gibt es rund 3,9 Millionen Milchk\u00fche in Deutschland. Das hei\u00dft, dass genau so viele K\u00e4lber geboren werden und vermarktet werden m\u00fcssen, n\u00e4mlich 3,9 Millionen K\u00e4lber.<br><br>Was tun?<br><strong><a href=\"https:\/\/overline-poetry.de\/wp-admin\/post.php?post=228&amp;action=edit\">Weniger Kuhmilch! = weniger Milchk\u00fche = weniger K\u00e4lber = weniger Lebendtierexporte!<\/a><\/strong><\/p>\n","protected":false},"excerpt":{"rendered":"<p>Weil wir Fleisch und Milch \u00fcber unseren Verbrauch produzieren,m\u00fcssen wir diesen \u00dcberschuss in die \u201eNicht-EU\u201c dann exportieren.Die Exporteure haben diesen \u201eLebendtiermarkt\u201c f\u00fcr sich entdecktund keiner muss wissen, welches \u201etierische\u201c Elend sich da versteckt. Als Export von landwirtschaftlichen Produkten wird das deklariert,nat\u00fcrlich direkt oder indirekt vom Staat oder der EU subventioniert.Die Landwirte in den Nicht-EU-Staaten k\u00f6nnen [&hellip;]<\/p>\n","protected":false},"author":1,"featured_media":0,"parent":0,"menu_order":0,"comment_status":"closed","ping_status":"closed","template":"","meta":{"footnotes":""},"class_list":["post-1750","page","type-page","status-publish","hentry"],"jetpack_sharing_enabled":true,"_links":{"self":[{"href":"https:\/\/overline-poetry.de\/index.php\/wp-json\/wp\/v2\/pages\/1750","targetHints":{"allow":["GET"]}}],"collection":[{"href":"https:\/\/overline-poetry.de\/index.php\/wp-json\/wp\/v2\/pages"}],"about":[{"href":"https:\/\/overline-poetry.de\/index.php\/wp-json\/wp\/v2\/types\/page"}],"author":[{"embeddable":true,"href":"https:\/\/overline-poetry.de\/index.php\/wp-json\/wp\/v2\/users\/1"}],"replies":[{"embeddable":true,"href":"https:\/\/overline-poetry.de\/index.php\/wp-json\/wp\/v2\/comments?post=1750"}],"version-history":[{"count":2,"href":"https:\/\/overline-poetry.de\/index.php\/wp-json\/wp\/v2\/pages\/1750\/revisions"}],"predecessor-version":[{"id":1757,"href":"https:\/\/overline-poetry.de\/index.php\/wp-json\/wp\/v2\/pages\/1750\/revisions\/1757"}],"wp:attachment":[{"href":"https:\/\/overline-poetry.de\/index.php\/wp-json\/wp\/v2\/media?parent=1750"}],"curies":[{"name":"wp","href":"https:\/\/api.w.org\/{rel}","templated":true}]}}