
{"id":1758,"date":"2022-03-09T07:30:00","date_gmt":"2022-03-09T07:30:00","guid":{"rendered":"https:\/\/overline-poetry.de\/?page_id=1758"},"modified":"2025-09-24T07:35:15","modified_gmt":"2025-09-24T07:35:15","slug":"putin-und-die-leeren-gasspeicher","status":"publish","type":"page","link":"https:\/\/overline-poetry.de\/index.php\/putin-und-die-leeren-gasspeicher\/","title":{"rendered":"Putin und die leeren Gasspeicher"},"content":{"rendered":"\n<p>Wie konnte es dem \u201ealten\u201c Wirtschaftsminister, Peter Altmeier, nur passieren,<br>dass er verga\u00df, regelm\u00e4\u00dfig den F\u00fcllzustand der Gasspeicher zu kontrollieren.<br>Vielleicht war es schon von Putin die Planung oder auch ein strategischer Zug,<br>denn Putin h\u00e4lt jetzt die Hand am Hebel und so ist es f\u00fcr uns \u201eSelbstbetrug\u201c.<br><br>Oder war Altkanzler Schr\u00f6der, als Putins Tankwart, mit der Betankung betraut<br>und der hat nicht nach den aktuellen F\u00fcllst\u00e4nden der Gasspeicher geschaut.<br>Als Putins Freund verfolgt er nicht die deutschen sondern russische Interessen<br>und mit dem Altersgeld als Kanzler, der deutsche Steuerzahler wird es fressen.<br><br>Vertrauen ist gut, aber gesundes Misstrauen gegen\u00fcber Putin w\u00e4re angebracht,<br>dann man h\u00e4tte sich so versichert, dass Putin keine \u201ekrummen Dinge\u201c macht.<br>Jetzt so zu tun, als h\u00e4tte man von dem Gasspeicherzustand doch keine Ahnung.<br>Das ist doch als Bef\u00e4higung f\u00fcr dieses Ministeramt eine sehr schlechte Planung.<br><br>Wie konnte von der Merkel-Regierung man so unbedarft und naiv auch sein,<br>dass man sich l\u00e4sst nur auf die vagen Zusagen mit dem Despoten Putin ein.<br>Nur, weil die meisten Menschen dieser Welt wollen doch nur in Frieden leben,<br>darf man nie zu sicher sein, dass es keinen Angriffskrieg wird es mehr geben.<br><br>Wovon haben denn die EU oder die Nato in ihrer Friedenswelt nur getr\u00e4umt,<br>dass der Despot Putin auf mahnenden Zuruf freiwillig das Kriegsfeld r\u00e4umt.<br>Putin ist es gewohnt, dass die Bev\u00f6lkerung, dessen Land er sich genommen,<br>die russische Fahne schwenken und hei\u00dfen ihn herzlich dann willkommen.<br><br>Die Menschen, die Putin als Pr\u00e4sident verehren oder auf Putins Seite stehen,<br>fordere ich auf, umgehend das Land zu verlassen und \u201ezum Teufel zu gehen\u201c.<br>Sie sollten doch zusammen mit ihren Familien die Koffer packen sogleich<br>und wieder zur\u00fcckkehren zu \u201eihrem Helden\u201c nach Russland, in Putins Reich.<br><br><strong>\u00a9<\/strong> Rainer Dambroth &#8211; 09.03.2022 &#8211; <strong><a href=\"http:\/\/www.overline-poetry.de\/\">www.overline-poetry.de<\/a><\/strong><\/p>\n","protected":false},"excerpt":{"rendered":"<p>Wie konnte es dem \u201ealten\u201c Wirtschaftsminister, Peter Altmeier, nur passieren,dass er verga\u00df, regelm\u00e4\u00dfig den F\u00fcllzustand der Gasspeicher zu kontrollieren.Vielleicht war es schon von Putin die Planung oder auch ein strategischer Zug,denn Putin h\u00e4lt jetzt die Hand am Hebel und so ist es f\u00fcr uns \u201eSelbstbetrug\u201c. Oder war Altkanzler Schr\u00f6der, als Putins Tankwart, mit der Betankung [&hellip;]<\/p>\n","protected":false},"author":1,"featured_media":0,"parent":0,"menu_order":0,"comment_status":"closed","ping_status":"closed","template":"","meta":{"footnotes":""},"class_list":["post-1758","page","type-page","status-publish","hentry"],"jetpack_sharing_enabled":true,"_links":{"self":[{"href":"https:\/\/overline-poetry.de\/index.php\/wp-json\/wp\/v2\/pages\/1758","targetHints":{"allow":["GET"]}}],"collection":[{"href":"https:\/\/overline-poetry.de\/index.php\/wp-json\/wp\/v2\/pages"}],"about":[{"href":"https:\/\/overline-poetry.de\/index.php\/wp-json\/wp\/v2\/types\/page"}],"author":[{"embeddable":true,"href":"https:\/\/overline-poetry.de\/index.php\/wp-json\/wp\/v2\/users\/1"}],"replies":[{"embeddable":true,"href":"https:\/\/overline-poetry.de\/index.php\/wp-json\/wp\/v2\/comments?post=1758"}],"version-history":[{"count":1,"href":"https:\/\/overline-poetry.de\/index.php\/wp-json\/wp\/v2\/pages\/1758\/revisions"}],"predecessor-version":[{"id":1762,"href":"https:\/\/overline-poetry.de\/index.php\/wp-json\/wp\/v2\/pages\/1758\/revisions\/1762"}],"wp:attachment":[{"href":"https:\/\/overline-poetry.de\/index.php\/wp-json\/wp\/v2\/media?parent=1758"}],"curies":[{"name":"wp","href":"https:\/\/api.w.org\/{rel}","templated":true}]}}