
{"id":1772,"date":"2022-12-03T08:08:00","date_gmt":"2022-12-03T08:08:00","guid":{"rendered":"https:\/\/overline-poetry.de\/?page_id=1772"},"modified":"2025-09-24T08:19:22","modified_gmt":"2025-09-24T08:19:22","slug":"putin-und-die-schuldzuweisungen-bei-den-angriffen-auf-die-ukraine","status":"publish","type":"page","link":"https:\/\/overline-poetry.de\/index.php\/putin-und-die-schuldzuweisungen-bei-den-angriffen-auf-die-ukraine\/","title":{"rendered":"Putin und die Schuldzuweisungen bei den Angriffen auf die Ukraine"},"content":{"rendered":"\n<p>Despot Putin ist paranoid und hat die Tatsache noch nicht realisiert,<br>dass die Ukraine nicht \u201efreiwillig\u201c gegen Putins Angriffskrieg verliert.<br>Wenn sie ihr AKW gegen eine \u201erussischen Besatzung\u201c besch\u00fctzen,<br>wird Despot Putin dieses als ein \u201eAngriff gegen Russland\u201c ben\u00fctzen.<br><br>Der Despot Putin sollte sein Milit\u00e4r doch aus der Ukraine entfernen<br>und aus seinem Misserfolg auch f\u00fcr die Zukunft Russlands lernen.<br>Die Ukraine will nicht als ein \u201eVasallenstaat\u201c zu Russland geh\u00f6ren<br>und l\u00e4sst sich nicht durch Worte einer \u201eFriedensmission\u201c bet\u00f6ren.<br><br>Die Menschen wollen frei \u00fcber die Zukunft ihrer Landes entscheiden<br>und werden Zwangskolchosen f\u00fcr russische Interessen vermeiden.<br>Sie wollen sich den westlichen Staaten und Werten dann zuwenden<br>und so eine \u201eZwangsfreundschaft\u201c mit Putin und Russland beenden.<br><br>\u201cWillst du nicht mein Bruder sein, schlag ich dir den Sch\u00e4del ein\u201c,<br>dieses muss die Ukraine zur Zeit erleben und das darf so nicht sein.<br>Leider werden immer mehr Staaten von brutalen Despoten regiert<br>und deshalb eine friedvolle Zusammenarbeit jegliche Basis verliert.<br><br>Die Zeiten sind vorbei, wo man \u201efreie\u201c Staaten konnte annektieren,<br>so diese Staaten ihre Freiheit und die B\u00fcrger ihr Leben verlieren.<br>Der Despot Putin und \u201eM\u00f6chtegern Zar\u201c verfolgt noch dieses Ziel,<br>weil er wieder ein russisches Gro\u00dfreich wie zu Stalins Zeiten will.<br><br>Die Despoten wollen die Welt f\u00fcr sich und unter sich neu verteilen<br>und sie sich deshalb mit Brutalit\u00e4t und Angriffskriegen sich beeilen.<br>Lasst uns gegen diese Despoten und \u201eM\u00f6chtegern Zaren\u201c k\u00e4mpfen,<br>damit wir die Hoffnungen auf zu annektierende L\u00e4nder \u201ed\u00e4mpfen\u201c.<br><br>\u00a9 Rainer Dambroth &#8211; 03.12.2021 &#8211; <strong><a href=\"http:\/\/www.overline-poetry.de\/\">www.overline-poetry.de<\/a><\/strong><\/p>\n\n\n\n<p><strong><a href=\"https:\/\/overline-poetry.de\/wp-admin\/post.php?post=818&amp;action=edit\">Putin, der russische \u201eL\u00fcgenbaron\u201c<\/a><\/strong><br><strong><a href=\"https:\/\/overline-poetry.de\/wp-admin\/post.php?post=801&amp;action=edit\">Putin, der russische B\u00e4r(enaufbinder)<\/a><\/strong><br><strong><a href=\"https:\/\/overline-poetry.de\/wp-admin\/post.php?post=1175&amp;action=edit\">Putin, der russische \u201eWagner-Dirigent\u201c<\/a><\/strong><\/p>\n","protected":false},"excerpt":{"rendered":"<p>Despot Putin ist paranoid und hat die Tatsache noch nicht realisiert,dass die Ukraine nicht \u201efreiwillig\u201c gegen Putins Angriffskrieg verliert.Wenn sie ihr AKW gegen eine \u201erussischen Besatzung\u201c besch\u00fctzen,wird Despot Putin dieses als ein \u201eAngriff gegen Russland\u201c ben\u00fctzen. Der Despot Putin sollte sein Milit\u00e4r doch aus der Ukraine entfernenund aus seinem Misserfolg auch f\u00fcr die Zukunft Russlands [&hellip;]<\/p>\n","protected":false},"author":1,"featured_media":0,"parent":0,"menu_order":0,"comment_status":"closed","ping_status":"closed","template":"","meta":{"footnotes":""},"class_list":["post-1772","page","type-page","status-publish","hentry"],"jetpack_sharing_enabled":true,"_links":{"self":[{"href":"https:\/\/overline-poetry.de\/index.php\/wp-json\/wp\/v2\/pages\/1772","targetHints":{"allow":["GET"]}}],"collection":[{"href":"https:\/\/overline-poetry.de\/index.php\/wp-json\/wp\/v2\/pages"}],"about":[{"href":"https:\/\/overline-poetry.de\/index.php\/wp-json\/wp\/v2\/types\/page"}],"author":[{"embeddable":true,"href":"https:\/\/overline-poetry.de\/index.php\/wp-json\/wp\/v2\/users\/1"}],"replies":[{"embeddable":true,"href":"https:\/\/overline-poetry.de\/index.php\/wp-json\/wp\/v2\/comments?post=1772"}],"version-history":[{"count":4,"href":"https:\/\/overline-poetry.de\/index.php\/wp-json\/wp\/v2\/pages\/1772\/revisions"}],"predecessor-version":[{"id":1779,"href":"https:\/\/overline-poetry.de\/index.php\/wp-json\/wp\/v2\/pages\/1772\/revisions\/1779"}],"wp:attachment":[{"href":"https:\/\/overline-poetry.de\/index.php\/wp-json\/wp\/v2\/media?parent=1772"}],"curies":[{"name":"wp","href":"https:\/\/api.w.org\/{rel}","templated":true}]}}