
{"id":1782,"date":"2024-03-03T08:33:00","date_gmt":"2024-03-03T08:33:00","guid":{"rendered":"https:\/\/overline-poetry.de\/?page_id=1782"},"modified":"2025-09-24T08:36:39","modified_gmt":"2025-09-24T08:36:39","slug":"putin-am-17-maerz-zum-praesidenten-gewaehlt","status":"publish","type":"page","link":"https:\/\/overline-poetry.de\/index.php\/putin-am-17-maerz-zum-praesidenten-gewaehlt\/","title":{"rendered":"Putin am 17. M\u00e4rz zum Pr\u00e4sidenten gew\u00e4hlt?"},"content":{"rendered":"\n<p>Der Despot Putin l\u00e4sst sich am 17. M\u00e4rz zum Pr\u00e4sidenten w\u00e4hlen<br>und die russischen B\u00fcrger werden sich zur der Wahl dann \u201equ\u00e4len\u201c.<br>Boris Nadeschdin wagt es, mit dem Despoten Putin zu konkurrieren,<br>aber Putin wird sorgen, dass Gegner rechtzeitig ihr Leben verlieren.<br><br>Der Despot Putin will das russische Reich allm\u00e4chtig allein regieren,<br>darum wird er keine \u201eNebenbuhler\u201c in \u201eseinem Reich\u201c akzeptieren.<br>Aktuell wurde der Inhaftierte Nawalny von \u201ePutins B\u00fchne\u201c entfernt<br>und der Despot Putin hofft, das Andersdenkende die Lektion gelernt.<br><br>Im Prinzip, steht das Ergebnis dieser Wahl bereits im Vorfeld fest,<br>weil Putin kein Oppositionellen an \u201edas Ruder der Regierung\u201c l\u00e4sst.<br>In Putins Umfeld befindet sich auch nur ihm untergebenes Personal,<br>die gut situiert und sie haben mit ihren Familie ein Leben ohne Qual.<br><br>Putin kommt aus einfachen Verh\u00e4ltnissen, liebt das Spiel der Macht<br>und schickt seine \u201eUntertanen\u201c f\u00fcr seine Egozentrik in die Schlacht.<br>Der Despot will die russische Geschichte f\u00fcr sich dann umschreiben.<br>Genie\u00dft, wenn angrenzende L\u00e4nder an seinem Begehren zerreiben!<br><br>Das Nato-B\u00fcndnis wurde gegr\u00fcndet, um den Frieden zu garantieren,<br>so wird kein Land, ohne Risiko f\u00fcr Russland, seine Existenz verlieren.<br>Putin moniert, dass die Nato zu dicht an Russlands Grenzen &#8222;r\u00fcckt&#8220;,<br>aber die L\u00e4nder bef\u00fcrchten, dass Russlands Macht auch sie erdr\u00fcckt<br><br>Donald Trump will sich mit dem Schicksal von Nawalny vergleichen?<br>Er soll dieses nicht laut sagen, denn Putin geht gerne \u00fcber Leichen!<br>Wei\u00df Donald Trump \u00fcberhaupt, warum der Nawalny musste sterben<br>dann w\u00e4re er wohl nicht gewillt, Nawalnys Schicksal zu \u201ebeerben\u201c.<br><br><strong>\u00a9 Rainer Dambroth &#8211; 03.03.2024 &#8211; <a href=\"https:\/\/www.overline-poetry.de\/\"><strong>www.overline-poetry.de<\/strong><\/a><\/strong><br><br><em><strong>Internetfund: 20.02.2024 \u2013 Spiegel<br>Tod von Kremlkritiker: Trump vergleicht sich mit Nawalny<\/strong><br>Bei Fox News hat Donald Trump \u00fcber den Fall Nawalny gesprochen. Der Auftritt geriet zur Ego-Show, mit teils haarstr\u00e4ubenden Vergleichen.<br><br><strong>Internetfund: 21.02.2024 \u2013 ZDF<br>TV-Auftritt: Trump sieht sich als \u201eeine Form von Nawalny\u201c<br><\/strong>Donald Trump sieht sich selbst in einer Opferrolle &#8211; wie der verstorbene Kremlkritiker Alexej Nawalny.<\/em><br><\/p>\n","protected":false},"excerpt":{"rendered":"<p>Der Despot Putin l\u00e4sst sich am 17. M\u00e4rz zum Pr\u00e4sidenten w\u00e4hlenund die russischen B\u00fcrger werden sich zur der Wahl dann \u201equ\u00e4len\u201c.Boris Nadeschdin wagt es, mit dem Despoten Putin zu konkurrieren,aber Putin wird sorgen, dass Gegner rechtzeitig ihr Leben verlieren. Der Despot Putin will das russische Reich allm\u00e4chtig allein regieren,darum wird er keine \u201eNebenbuhler\u201c in \u201eseinem [&hellip;]<\/p>\n","protected":false},"author":1,"featured_media":0,"parent":0,"menu_order":0,"comment_status":"closed","ping_status":"closed","template":"","meta":{"footnotes":""},"class_list":["post-1782","page","type-page","status-publish","hentry"],"jetpack_sharing_enabled":true,"_links":{"self":[{"href":"https:\/\/overline-poetry.de\/index.php\/wp-json\/wp\/v2\/pages\/1782","targetHints":{"allow":["GET"]}}],"collection":[{"href":"https:\/\/overline-poetry.de\/index.php\/wp-json\/wp\/v2\/pages"}],"about":[{"href":"https:\/\/overline-poetry.de\/index.php\/wp-json\/wp\/v2\/types\/page"}],"author":[{"embeddable":true,"href":"https:\/\/overline-poetry.de\/index.php\/wp-json\/wp\/v2\/users\/1"}],"replies":[{"embeddable":true,"href":"https:\/\/overline-poetry.de\/index.php\/wp-json\/wp\/v2\/comments?post=1782"}],"version-history":[{"count":1,"href":"https:\/\/overline-poetry.de\/index.php\/wp-json\/wp\/v2\/pages\/1782\/revisions"}],"predecessor-version":[{"id":1786,"href":"https:\/\/overline-poetry.de\/index.php\/wp-json\/wp\/v2\/pages\/1782\/revisions\/1786"}],"wp:attachment":[{"href":"https:\/\/overline-poetry.de\/index.php\/wp-json\/wp\/v2\/media?parent=1782"}],"curies":[{"name":"wp","href":"https:\/\/api.w.org\/{rel}","templated":true}]}}