
{"id":1789,"date":"2024-06-14T08:47:00","date_gmt":"2024-06-14T08:47:00","guid":{"rendered":"https:\/\/overline-poetry.de\/?page_id=1789"},"modified":"2025-09-24T08:51:38","modified_gmt":"2025-09-24T08:51:38","slug":"putins-zweifelhaftes-angebot-an-die-friedenskonferenz-in-der-schweiz","status":"publish","type":"page","link":"https:\/\/overline-poetry.de\/index.php\/putins-zweifelhaftes-angebot-an-die-friedenskonferenz-in-der-schweiz\/","title":{"rendered":"Putins zweifelhaftes Angebot an die Friedenskonferenz in der Schweiz"},"content":{"rendered":"\n<p>Der Ukraine wurde ein Waffenstillstand von Russland angeboten,<br>aber Despot Putin denkt, alle au\u00dfer ihm, sind doch alles Idioten.<br>Die Ukraine m\u00fcsste die bereits annektierten Gebiete anerkennen<br>und kein Nato Betritt, Neutralit\u00e4t, um Forderungen zu benennen.<br><br>Erst dann k\u00f6nnte mit den Friedensverhandlungen begonnen werden<br>und \u00fcber weitere Annexionen von der Ukraine zu russischen Erden.<br>Das ist kein Waffenstillstand, der andauernden Frieden garantiert,<br>sondern nur ein Versuch, wobei die Ukraine weiteren Boden verliert!<br><br>Putin nutzt den Waffenstillstand als Vorbereitung gegen die Ukraine<br>und verlangt, dass Europa macht zu diesem Spiel dann gute Miene.<br>Despot Putin, als b\u00f6ser Wolf getarnt in einem \u201eSchafpelzgewand\u201c,<br>schickt anschlie\u00dfend wieder sein Milit\u00e4r durch das ukrainische Land.<br><br>Putin hat sich mit seinen zweifelhaften Forderungen disqualifiziert<br>und dieses Angebot weder die Ukraine noch Europa interessiert,<br>denn der Despot Putin sich nicht an \u201egeschlossene\u201c Vertr\u00e4ge h\u00e4lt,<br>er \u201ebiegt\u201c sich das Recht, so wie es gebraucht und es ihm gef\u00e4llt.<\/p>\n\n\n\n<p>Putin will durch seine \u201eBereitschaft\u201c europ\u00e4ische L\u00e4nder zerspalten,<br>die, so hofft er, dieses f\u00fcr eine seri\u00f6se Offerte dann werden halten.<br>Die Nato und die europ\u00e4ischen L\u00e4nder leider viel zu sp\u00e4t reagiert,<br>denn dann h\u00e4tte Putin weniger Angriffe gegen die Ukraine riskiert.<br><br>Putin ist machtbesessen und will wie Stalin freie L\u00e4nder annektieren,<br>dieses als den Friedenswunsch der \u00fcberfallenen L\u00e4nder kaschieren.<br>Die Bev\u00f6lkerung mit vorgehaltener Waffe zum Referendum zwingen<br>und der Welt dann zeigen, nur Russland wird den Frieden bringen.<br><br><strong>\u00a9<\/strong> Rainer Dambroth \u2013 14.06.2024 \u2013 <strong><a href=\"http:\/\/www.overline-poetry.de\/\">www.overline-poetry.de<\/a><\/strong><br><br><strong>\u201eEs kann der Fr\u00f6mmste nicht in Frieden leben, wenn es dem b\u00f6sen Nachbarn nicht gef\u00e4llt.\u201c<br>(Schillers Trag\u00f6die \u201eWilhelm Tell\u201c)<\/strong><\/p>\n","protected":false},"excerpt":{"rendered":"<p>Der Ukraine wurde ein Waffenstillstand von Russland angeboten,aber Despot Putin denkt, alle au\u00dfer ihm, sind doch alles Idioten.Die Ukraine m\u00fcsste die bereits annektierten Gebiete anerkennenund kein Nato Betritt, Neutralit\u00e4t, um Forderungen zu benennen. Erst dann k\u00f6nnte mit den Friedensverhandlungen begonnen werdenund \u00fcber weitere Annexionen von der Ukraine zu russischen Erden.Das ist kein Waffenstillstand, der andauernden [&hellip;]<\/p>\n","protected":false},"author":1,"featured_media":0,"parent":0,"menu_order":0,"comment_status":"closed","ping_status":"closed","template":"","meta":{"footnotes":""},"class_list":["post-1789","page","type-page","status-publish","hentry"],"jetpack_sharing_enabled":true,"_links":{"self":[{"href":"https:\/\/overline-poetry.de\/index.php\/wp-json\/wp\/v2\/pages\/1789","targetHints":{"allow":["GET"]}}],"collection":[{"href":"https:\/\/overline-poetry.de\/index.php\/wp-json\/wp\/v2\/pages"}],"about":[{"href":"https:\/\/overline-poetry.de\/index.php\/wp-json\/wp\/v2\/types\/page"}],"author":[{"embeddable":true,"href":"https:\/\/overline-poetry.de\/index.php\/wp-json\/wp\/v2\/users\/1"}],"replies":[{"embeddable":true,"href":"https:\/\/overline-poetry.de\/index.php\/wp-json\/wp\/v2\/comments?post=1789"}],"version-history":[{"count":1,"href":"https:\/\/overline-poetry.de\/index.php\/wp-json\/wp\/v2\/pages\/1789\/revisions"}],"predecessor-version":[{"id":1793,"href":"https:\/\/overline-poetry.de\/index.php\/wp-json\/wp\/v2\/pages\/1789\/revisions\/1793"}],"wp:attachment":[{"href":"https:\/\/overline-poetry.de\/index.php\/wp-json\/wp\/v2\/media?parent=1789"}],"curies":[{"name":"wp","href":"https:\/\/api.w.org\/{rel}","templated":true}]}}