
{"id":1797,"date":"2022-11-11T14:36:00","date_gmt":"2022-11-11T14:36:00","guid":{"rendered":"https:\/\/overline-poetry.de\/?page_id=1797"},"modified":"2025-09-24T14:38:52","modified_gmt":"2025-09-24T14:38:52","slug":"putin-und-der-rueckzug-aus-cherson","status":"publish","type":"page","link":"https:\/\/overline-poetry.de\/index.php\/putin-und-der-rueckzug-aus-cherson\/","title":{"rendered":"Putin und der R\u00fcckzug aus Cherson!?"},"content":{"rendered":"\n<p>Freiwillig r\u00e4umt er nicht das Kriegsgeschehen in der Stadt Cherson,<br>denn ist unberechenbar und im Handeln auch der Teufel in Person.<br>Vielleicht ist dieser Befehl eine Strategie: \u201eDas Milit\u00e4r soll abreisen\u201c<br>und wenn das russische Milit\u00e4r ist raus, wird er Bomben schmei\u00dfen.<br><br>Der ukrainische Pr\u00e4sident Selensky ist vorsichtig und clever genug,<br>wenn er erahnt diese R\u00fcckzug-Aktion als einen m\u00f6glichen Betrug.<br>Der Despot Putin sollte die gesamte Ukraine doch endlich verlassen<br>und begreifen, dass er nicht willkommen und Ukrainer ihn hassen.<br><br>\u00a9 Rainer Dambroth &#8211; 11.11.2022 &#8211; <strong><a href=\"http:\/\/www.overline-poetry.de\/\">www.overline-poetry.de<\/a><\/strong><\/p>\n","protected":false},"excerpt":{"rendered":"<p>Freiwillig r\u00e4umt er nicht das Kriegsgeschehen in der Stadt Cherson,denn ist unberechenbar und im Handeln auch der Teufel in Person.Vielleicht ist dieser Befehl eine Strategie: \u201eDas Milit\u00e4r soll abreisen\u201cund wenn das russische Milit\u00e4r ist raus, wird er Bomben schmei\u00dfen. Der ukrainische Pr\u00e4sident Selensky ist vorsichtig und clever genug,wenn er erahnt diese R\u00fcckzug-Aktion als einen m\u00f6glichen [&hellip;]<\/p>\n","protected":false},"author":1,"featured_media":0,"parent":0,"menu_order":0,"comment_status":"closed","ping_status":"closed","template":"","meta":{"footnotes":""},"class_list":["post-1797","page","type-page","status-publish","hentry"],"jetpack_sharing_enabled":true,"_links":{"self":[{"href":"https:\/\/overline-poetry.de\/index.php\/wp-json\/wp\/v2\/pages\/1797","targetHints":{"allow":["GET"]}}],"collection":[{"href":"https:\/\/overline-poetry.de\/index.php\/wp-json\/wp\/v2\/pages"}],"about":[{"href":"https:\/\/overline-poetry.de\/index.php\/wp-json\/wp\/v2\/types\/page"}],"author":[{"embeddable":true,"href":"https:\/\/overline-poetry.de\/index.php\/wp-json\/wp\/v2\/users\/1"}],"replies":[{"embeddable":true,"href":"https:\/\/overline-poetry.de\/index.php\/wp-json\/wp\/v2\/comments?post=1797"}],"version-history":[{"count":1,"href":"https:\/\/overline-poetry.de\/index.php\/wp-json\/wp\/v2\/pages\/1797\/revisions"}],"predecessor-version":[{"id":1801,"href":"https:\/\/overline-poetry.de\/index.php\/wp-json\/wp\/v2\/pages\/1797\/revisions\/1801"}],"wp:attachment":[{"href":"https:\/\/overline-poetry.de\/index.php\/wp-json\/wp\/v2\/media?parent=1797"}],"curies":[{"name":"wp","href":"https:\/\/api.w.org\/{rel}","templated":true}]}}