
{"id":1811,"date":"2024-07-12T15:31:00","date_gmt":"2024-07-12T15:31:00","guid":{"rendered":"https:\/\/overline-poetry.de\/?page_id=1811"},"modified":"2025-09-24T15:34:18","modified_gmt":"2025-09-24T15:34:18","slug":"viktor-orban-bei-putin-despoten-unter-sich","status":"publish","type":"page","link":"https:\/\/overline-poetry.de\/index.php\/viktor-orban-bei-putin-despoten-unter-sich\/","title":{"rendered":"Viktor Orban bei Putin \u2013 Despoten unter sich"},"content":{"rendered":"\n<p>Viktor Orban ohne Absprache mit der EU zum Despoten Putin reist,<br>was doch die N\u00e4he zu Russland und zu dem Despoten Putin beweist.<br>Orbans Veto zu Sanktionen zu Russland wegen dem Ukraine Krieg,<br>l\u00e4sst den Schluss zu, dass er hofft, vom Despoten Putins den Sieg.<br><br>Als Friedensvermittler im Ukrainekonflikt er seinen Besuch versteht<br>er verbreitet wohl nur Putins Forderungen und das wo es nur geht.<br>Putins Forderungen an die Ukraine k\u00e4men gleich einer Kapitulation,<br>was f\u00fcr den Waffenstillstand gefordert, ist f\u00fcr die Ukraine Isolation.<br><br>Viktor Orban h\u00e4lt sich alle T\u00fcren, zur EU und nach Russland, offen<br>und dieses Gebaren l\u00e4sst auf keine gute Zukunft mit Europa hoffen.<br>Denn wer nach allen Seiten seine Taschen offen h\u00e4lt, ist nicht dicht<br>und solche unseri\u00f6sen Partner, die wollen wir hier in Europa nicht.<br><br>Der EU qu\u00e4lt die Furcht, wenn sie gegen Viktor Orban protestieren,<br>werden sie wom\u00f6glich Ungarn an die russische F\u00f6deration verlieren.<br>Dieses m\u00f6gliche Szenario scheint auch dem Viktor Orban bekannt,<br>so werden von der EU Forderungen nach Loyalit\u00e4t gar nicht benannt.<br><br>Weiter ging Urbans Reise zu dem Pr\u00e4sidenten Xi Jinping nach China,<br>der dem russischen Despoten Putin steht als Unterst\u00fctzer sehr nah.<br>Die Gespr\u00e4che liefen bewusst unter Ausschluss der \u201e\u00d6ffentlichkeit\u201c,<br>so war nicht zu erfahren, zu welcher Unterst\u00fctzung ist China bereit.<br><br>Es folgte ein Gespr\u00e4ch mit dem Pr\u00e4sidenten von Amerika, Joe Biden,<br>um hier erfahren, wie wird sich Amerika als Vermittler entscheiden.<br>Auch der Pr\u00e4sidentschaftsbewerber Donald Trump wurde konsultiert,<br>um &#8222;auszuloten&#8220;, wer wohl bei dem Krieg gegen die Ukraine verliert.<br><br>Er mit seiner Fidesz-Partei den \u201erechtsorientierten Weg\u201c einschl\u00e4gt,<br>darum er sich auch gut mit dem russischen Despoten Putin vertr\u00e4gt.<br>Viktor Urban scheint Putins Angriffskrieg wohlwollend zu tolerieren,<br>er lehnt eine Nato Unterst\u00fctzung ab, Putin soll wohl nicht verlieren!<br><br><strong>\u00a9 Rainer Dambroth &#8211; 12.07.2024 &#8211; <a href=\"https:\/\/www.overline-poetry.de\/\">www.overline-poetry.de<\/a><\/strong><\/p>\n","protected":false},"excerpt":{"rendered":"<p>Viktor Orban ohne Absprache mit der EU zum Despoten Putin reist,was doch die N\u00e4he zu Russland und zu dem Despoten Putin beweist.Orbans Veto zu Sanktionen zu Russland wegen dem Ukraine Krieg,l\u00e4sst den Schluss zu, dass er hofft, vom Despoten Putins den Sieg. Als Friedensvermittler im Ukrainekonflikt er seinen Besuch verstehter verbreitet wohl nur Putins Forderungen [&hellip;]<\/p>\n","protected":false},"author":1,"featured_media":0,"parent":0,"menu_order":0,"comment_status":"closed","ping_status":"closed","template":"","meta":{"footnotes":""},"class_list":["post-1811","page","type-page","status-publish","hentry"],"jetpack_sharing_enabled":true,"_links":{"self":[{"href":"https:\/\/overline-poetry.de\/index.php\/wp-json\/wp\/v2\/pages\/1811","targetHints":{"allow":["GET"]}}],"collection":[{"href":"https:\/\/overline-poetry.de\/index.php\/wp-json\/wp\/v2\/pages"}],"about":[{"href":"https:\/\/overline-poetry.de\/index.php\/wp-json\/wp\/v2\/types\/page"}],"author":[{"embeddable":true,"href":"https:\/\/overline-poetry.de\/index.php\/wp-json\/wp\/v2\/users\/1"}],"replies":[{"embeddable":true,"href":"https:\/\/overline-poetry.de\/index.php\/wp-json\/wp\/v2\/comments?post=1811"}],"version-history":[{"count":1,"href":"https:\/\/overline-poetry.de\/index.php\/wp-json\/wp\/v2\/pages\/1811\/revisions"}],"predecessor-version":[{"id":1815,"href":"https:\/\/overline-poetry.de\/index.php\/wp-json\/wp\/v2\/pages\/1811\/revisions\/1815"}],"wp:attachment":[{"href":"https:\/\/overline-poetry.de\/index.php\/wp-json\/wp\/v2\/media?parent=1811"}],"curies":[{"name":"wp","href":"https:\/\/api.w.org\/{rel}","templated":true}]}}