
{"id":1818,"date":"2024-11-20T04:22:00","date_gmt":"2024-11-20T04:22:00","guid":{"rendered":"https:\/\/overline-poetry.de\/?page_id=1818"},"modified":"2025-09-25T04:25:21","modified_gmt":"2025-09-25T04:25:21","slug":"wer-den-politclown-trump-bestellt-muss-auch-dessen-schraeg-toenende-instrumente-ertragen","status":"publish","type":"page","link":"https:\/\/overline-poetry.de\/index.php\/wer-den-politclown-trump-bestellt-muss-auch-dessen-schraeg-toenende-instrumente-ertragen\/","title":{"rendered":"Wer den Politclown Trump bestellt, muss auch dessen \u201eschr\u00e4g t\u00f6nende Instrumente\u201c ertragen"},"content":{"rendered":"\n<p>Der <strong>Donald Trump<\/strong> wurde leider zum Pr\u00e4sidenten Amerikas gew\u00e4hlt.<br>Dieses Mal die Wahl nicht \u201egestohlen\u201c, also Stimmen richtig gez\u00e4hlt.<br><strong>Trump<\/strong> liebt Inszenierungen, sieht am liebsten sich im Vordergrund,<br>er sieht die Erde noch als Scheibe, auf keinen Fall ist sie &#8222;kugelrund&#8220;.<br><br>\u201eAmerica First\u201c, denn \u201eClimate First\u201c den <strong>Trumpw\u00e4hlern<\/strong> nicht gef\u00e4llt,<br>so wird eine Reaktion auf den Klimawandel einfach hinten angestellt.<br>Robert F. Kennedy wird bei dem <strong>Donald Trump<\/strong> Gesundheitsminister,<br>Verschw\u00f6rungstheoretiker und Impfskeptiker im Sinne <strong>Trump<\/strong> ist er.<br><br><strong>Trump<\/strong> ausgestattet mit einem Stimmengewinn f\u00fcr eine \u00dcbermacht,<br>nur hat man, als <strong>Trumpw\u00e4hler<\/strong>, nicht an seine Inszenierung gedacht.<br>Sein Personal sieht nicht aus nach &#8222;bedarfsgerechter Qualifizierung&#8220;,<br>aber Hauptsache, der Politclown <strong>Donald Trump<\/strong> ist an der Regierung.<br><br>Von den Hightec-Milliard\u00e4ren wird Amerikas Wirtschaft umgestaltet.<br>Soziales wird bei \u201eAmerica First\u201c nur \u201eals nicht notwendig\u201c verwaltet.<br>Jetzt wird der Staat und Verwaltung im Sinne von <strong>Trump<\/strong> umgebaut<br>und so mancher Verwaltungsmitarbeiter dann \u201ein die R\u00f6hre schaut\u201c<br><br>Elon Musk sucht ehrenamtliche \u201eWorkaholics\u201c f\u00fcr den Dauereinsatz<br>und verwaltungseffiziente Bewerber bekommen einen Arbeitsplatz.<br>Der Elon Musk fordert eine w\u00f6chentliche Arbeitszeit von 80 Stunden<br>und so kommen sie mit der halben Personalst\u00e4rke \u00fcber die Runden.<br><br>Justizminister, Matt Gaetz, kam schon mit dem Gesetzen in Konflikt.<br>Radikal und <strong>Trump<\/strong> ergeben, denn \u201eGesetzlose\u201c taktieren geschickt.<br>Auch hier werden die Gesetze im Sinne von <strong>Donald Trump<\/strong> gebogen,<br>als dringend notwendig, so werden die <strong>Trumpw\u00e4hler<\/strong> dann belogen.<br><br>Der \u201ebillige\u201c G\u00e4rtner, weil illegal eingewandert, verliert seinen Job,<br>denn ab jetzt gibt es Hetzjagd, von <strong>Donald Trumps<\/strong> Regierungsmob.<br>Die Reichen \u201everlieren\u201c dann ihr gesamtes illegales Hauspersonal<br>und m\u00fcssen wieder selbst ihre Hausanlagen pflegen, welche Qual.<br><br>Auch \u201eSp\u00fclk\u00fcchen\u201c in den Restaurants k\u00f6nnen nicht mehr besetzt,<br>denn jetzt fehlen \u201eIllegale\u201c, die als billige Kr\u00e4fte wurden gesch\u00e4tzt.<br>Die \u201eSchmutzarbeiten\u201c die kein Republikaner freiwillig machen will,<br>machten die \u201eIllegalen\u201c um zu \u00fcberleben und dieses verdeckt still.<br><br>Fast alle Amerikaner sind doch als &#8222;illegale Einwanderer\u201c zu sehen,<br>die Ureinwohner konnten der Waffenmacht nichts entgegen stehen.<br>Das indigene Urvolk hat ankommende Siedler in Amerika geduldet<br>weil ihre \u201efriedliche Kultur\u201c, auch gegen\u00fcber Fremden geschuldet.<br><br><strong>Trumpw\u00e4hler<\/strong> werden in den n\u00e4chsten Jahren den Albtraum erleben,<br>obwohl gehofft, mit <strong>Trump<\/strong> wird sich der \u201eAmerican Dream\u201c ergeben.<br><strong>Donald Trump<\/strong>, der, als der wundersame Hexenbesen wurde gew\u00e4hlt,<br>aber der will, dass f\u00fcr Amerikas Finanzelite &#8222;noch mehr Geld gez\u00e4hlt&#8220;.<br><br><strong>\u00a9 Rainer Dambroth &#8211; 20.11.2024 &#8211; <a href=\"http:\/\/www.overline-poetry.de\/\">www.overline-poetry.de<\/a><\/strong><\/p>\n","protected":false},"excerpt":{"rendered":"<p>Der Donald Trump wurde leider zum Pr\u00e4sidenten Amerikas gew\u00e4hlt.Dieses Mal die Wahl nicht \u201egestohlen\u201c, also Stimmen richtig gez\u00e4hlt.Trump liebt Inszenierungen, sieht am liebsten sich im Vordergrund,er sieht die Erde noch als Scheibe, auf keinen Fall ist sie &#8222;kugelrund&#8220;. \u201eAmerica First\u201c, denn \u201eClimate First\u201c den Trumpw\u00e4hlern nicht gef\u00e4llt,so wird eine Reaktion auf den Klimawandel einfach hinten [&hellip;]<\/p>\n","protected":false},"author":1,"featured_media":0,"parent":0,"menu_order":0,"comment_status":"closed","ping_status":"closed","template":"","meta":{"footnotes":""},"class_list":["post-1818","page","type-page","status-publish","hentry"],"jetpack_sharing_enabled":true,"_links":{"self":[{"href":"https:\/\/overline-poetry.de\/index.php\/wp-json\/wp\/v2\/pages\/1818","targetHints":{"allow":["GET"]}}],"collection":[{"href":"https:\/\/overline-poetry.de\/index.php\/wp-json\/wp\/v2\/pages"}],"about":[{"href":"https:\/\/overline-poetry.de\/index.php\/wp-json\/wp\/v2\/types\/page"}],"author":[{"embeddable":true,"href":"https:\/\/overline-poetry.de\/index.php\/wp-json\/wp\/v2\/users\/1"}],"replies":[{"embeddable":true,"href":"https:\/\/overline-poetry.de\/index.php\/wp-json\/wp\/v2\/comments?post=1818"}],"version-history":[{"count":1,"href":"https:\/\/overline-poetry.de\/index.php\/wp-json\/wp\/v2\/pages\/1818\/revisions"}],"predecessor-version":[{"id":1822,"href":"https:\/\/overline-poetry.de\/index.php\/wp-json\/wp\/v2\/pages\/1818\/revisions\/1822"}],"wp:attachment":[{"href":"https:\/\/overline-poetry.de\/index.php\/wp-json\/wp\/v2\/media?parent=1818"}],"curies":[{"name":"wp","href":"https:\/\/api.w.org\/{rel}","templated":true}]}}