
{"id":1836,"date":"2021-02-22T14:39:00","date_gmt":"2021-02-22T14:39:00","guid":{"rendered":"https:\/\/overline-poetry.de\/?page_id=1836"},"modified":"2025-09-25T14:43:50","modified_gmt":"2025-09-25T14:43:50","slug":"corona-gut-ding-braucht-stephan-weil","status":"publish","type":"page","link":"https:\/\/overline-poetry.de\/index.php\/corona-gut-ding-braucht-stephan-weil\/","title":{"rendered":"Corona &#8211; &#8222;Gut Ding braucht (Stephan) Weil&#8220;?!"},"content":{"rendered":"\n<p>Wie naiv hat man das Service-Telefon gesehen,<br>dass kann und werde ich einfach nicht verstehen.<br>Will man, dass die B\u00fcrger das selbst organisieren<br>und die Rangfolge der Anrufenden selbst initiieren.<br>Ich wundere mich immer wieder \u00fcber die Politik,<br>die Dinge plant, ohne reales Gesp\u00fcr und Geschick.<br>Das Anrufen darf nicht werden zum Spiel mit Gl\u00fcck,<br>oder ist das bei dem Impfstoffmangel nur ein Trick.<br>Um so von den Misserfolgen der Politik abzulenken.<br>So etwas mag man als B\u00fcrger erst gar nicht denken.<br>Die n\u00e4chste und gr\u00f6\u00dfere Gruppe steht bald am Start,<br>und mit diesem Impftelefon werden die Zeiten hart.<br>Man hatte Zeit gehabt, diese Organisation zu planen!<br>Man h\u00f6rt: &#8222;Diesen Andrang konnte man nicht ahnen&#8220;.<br>&#8222;Gut Ding braucht Weil&#8220;? Nein, diese Sache, die eilt!<br>Zu naiv gesehen und deshalb ein bisschen &#8222;verpeilt&#8220;?<br><br><strong>\u00a9<\/strong> Rainer Dambroth &#8211; 22.02.2021 &#8211; <strong><a href=\"https:\/\/www.overline-poetry.de\">www.overline-poetry.de<\/a><\/strong><\/p>\n","protected":false},"excerpt":{"rendered":"<p>Wie naiv hat man das Service-Telefon gesehen,dass kann und werde ich einfach nicht verstehen.Will man, dass die B\u00fcrger das selbst organisierenund die Rangfolge der Anrufenden selbst initiieren.Ich wundere mich immer wieder \u00fcber die Politik,die Dinge plant, ohne reales Gesp\u00fcr und Geschick.Das Anrufen darf nicht werden zum Spiel mit Gl\u00fcck,oder ist das bei dem Impfstoffmangel nur [&hellip;]<\/p>\n","protected":false},"author":1,"featured_media":0,"parent":0,"menu_order":0,"comment_status":"closed","ping_status":"closed","template":"","meta":{"footnotes":""},"class_list":["post-1836","page","type-page","status-publish","hentry"],"jetpack_sharing_enabled":true,"_links":{"self":[{"href":"https:\/\/overline-poetry.de\/index.php\/wp-json\/wp\/v2\/pages\/1836","targetHints":{"allow":["GET"]}}],"collection":[{"href":"https:\/\/overline-poetry.de\/index.php\/wp-json\/wp\/v2\/pages"}],"about":[{"href":"https:\/\/overline-poetry.de\/index.php\/wp-json\/wp\/v2\/types\/page"}],"author":[{"embeddable":true,"href":"https:\/\/overline-poetry.de\/index.php\/wp-json\/wp\/v2\/users\/1"}],"replies":[{"embeddable":true,"href":"https:\/\/overline-poetry.de\/index.php\/wp-json\/wp\/v2\/comments?post=1836"}],"version-history":[{"count":1,"href":"https:\/\/overline-poetry.de\/index.php\/wp-json\/wp\/v2\/pages\/1836\/revisions"}],"predecessor-version":[{"id":1840,"href":"https:\/\/overline-poetry.de\/index.php\/wp-json\/wp\/v2\/pages\/1836\/revisions\/1840"}],"wp:attachment":[{"href":"https:\/\/overline-poetry.de\/index.php\/wp-json\/wp\/v2\/media?parent=1836"}],"curies":[{"name":"wp","href":"https:\/\/api.w.org\/{rel}","templated":true}]}}