
{"id":1843,"date":"2021-02-21T14:53:00","date_gmt":"2021-02-21T14:53:00","guid":{"rendered":"https:\/\/overline-poetry.de\/?page_id=1843"},"modified":"2025-09-25T14:55:45","modified_gmt":"2025-09-25T14:55:45","slug":"corona-mein-lieber-spahn","status":"publish","type":"page","link":"https:\/\/overline-poetry.de\/index.php\/corona-mein-lieber-spahn\/","title":{"rendered":"Corona &#8211; &#8222;Mein lieber Spahn&#8220;"},"content":{"rendered":"\n<p>Der Gesundheitsminister macht einen zu gro\u00dfen Schritt<br>und da kommen die Bundesl\u00e4nder schon nicht mehr mit.<br>Er f\u00fchlt sich doch zu \u00fcbertriebenen Aktionismus berufen, <br>denn er plant schon die Impfung der n\u00e4chsten Alterstufen.<br><br>Die \u00e4lteren B\u00fcrger stehen immer noch in der &#8222;Schlange&#8220;,<br>denn sie warten noch auf den Impftermin schon lange.<br>Insgesamt hat die Bundesgesundheitslogistik versagt,<br>aber was soll\u00b4s, das wird alles bis nach der Wahl vertagt.<br><br>Was n\u00fctzt die geplante Impfung, wenn der Impfstoff fehlt,<br>denn das ist doch das, was bei der Impfvorplanung z\u00e4hlt.<br>Herr Minister, da gibt es doch noch so viel zu bedenken<br>und sie sollten &#8211; bundesweit &#8211; erst die Impfplanung lenken.<br><br><strong>\u00a9<\/strong> Rainer Dambroth &#8211; 21.02.2021 &#8211; <strong><a href=\"https:\/\/www.overline-poetry.de\">www.overline-poetry.de<\/a><\/strong><\/p>\n","protected":false},"excerpt":{"rendered":"<p>Der Gesundheitsminister macht einen zu gro\u00dfen Schrittund da kommen die Bundesl\u00e4nder schon nicht mehr mit.Er f\u00fchlt sich doch zu \u00fcbertriebenen Aktionismus berufen, denn er plant schon die Impfung der n\u00e4chsten Alterstufen. Die \u00e4lteren B\u00fcrger stehen immer noch in der &#8222;Schlange&#8220;,denn sie warten noch auf den Impftermin schon lange.Insgesamt hat die Bundesgesundheitslogistik versagt,aber was soll\u00b4s, das [&hellip;]<\/p>\n","protected":false},"author":1,"featured_media":0,"parent":0,"menu_order":0,"comment_status":"closed","ping_status":"closed","template":"","meta":{"footnotes":""},"class_list":["post-1843","page","type-page","status-publish","hentry"],"jetpack_sharing_enabled":true,"_links":{"self":[{"href":"https:\/\/overline-poetry.de\/index.php\/wp-json\/wp\/v2\/pages\/1843","targetHints":{"allow":["GET"]}}],"collection":[{"href":"https:\/\/overline-poetry.de\/index.php\/wp-json\/wp\/v2\/pages"}],"about":[{"href":"https:\/\/overline-poetry.de\/index.php\/wp-json\/wp\/v2\/types\/page"}],"author":[{"embeddable":true,"href":"https:\/\/overline-poetry.de\/index.php\/wp-json\/wp\/v2\/users\/1"}],"replies":[{"embeddable":true,"href":"https:\/\/overline-poetry.de\/index.php\/wp-json\/wp\/v2\/comments?post=1843"}],"version-history":[{"count":1,"href":"https:\/\/overline-poetry.de\/index.php\/wp-json\/wp\/v2\/pages\/1843\/revisions"}],"predecessor-version":[{"id":1847,"href":"https:\/\/overline-poetry.de\/index.php\/wp-json\/wp\/v2\/pages\/1843\/revisions\/1847"}],"wp:attachment":[{"href":"https:\/\/overline-poetry.de\/index.php\/wp-json\/wp\/v2\/media?parent=1843"}],"curies":[{"name":"wp","href":"https:\/\/api.w.org\/{rel}","templated":true}]}}