
{"id":1857,"date":"2021-11-28T15:16:00","date_gmt":"2021-11-28T15:16:00","guid":{"rendered":"https:\/\/overline-poetry.de\/?page_id=1857"},"modified":"2025-09-25T15:19:42","modified_gmt":"2025-09-25T15:19:42","slug":"corona-die-adventszeit-2021","status":"publish","type":"page","link":"https:\/\/overline-poetry.de\/index.php\/corona-die-adventszeit-2021\/","title":{"rendered":"Corona &#8211; Die Adventszeit 2021"},"content":{"rendered":"\n<p>Weihnachten mit <strong>Corona<\/strong> wird anders werden,<br>wie sonst die Weihnachten bei uns auf Erden.<br>In vergangenen Wochen hat man es erfahren,<br>das gro\u00dfe Gl\u00fcck in den vergangenen Jahren.<br>Wieder ist ein ganzes Jahr schon fast vorbei,<br>die Advents- und Weihnachtszeit eilen herbei.<br>Ein Lichtermeer erstrahlt zu der Adventszeit,<br>in der wir auch zu den sch\u00f6nen Dingen bereit.<br><br>Das Jahr 2020 mit <strong>Corona<\/strong> hat uns gelehrt,<br>dass eine gute Gesundheit ist sehr viel wert.<br>T\u00e4glich erinnern die &#8222;Gebetsm\u00fchlen&#8220; daran,<br>was man noch alles darf oder machen kann.<br>Mit wem darf man dann noch zusammen sein<br>und wer darf dann in Haus oder Wohnung rein.<br>Einkaufen mit dem &#8222;Maulkorb&#8220; vorm Gesicht?<br>solch ein Einkaufen, will ich auf Dauer nicht!<br><br><strong>Corona<\/strong> bedr\u00e4ngt jetzt die Vorweihnachtszeit,<br>wo die Weihnachtsm\u00e4rkte zur Vorfreude bereit.<br>Trifft man sich mit den Freunden und Kollegen<br>und wir h\u00e4ndisch Speisen zum Mund bewegen.<br>Hoch dabei eine m\u00f6gliche Ansteckungsgefahr,<br>besonders im Gedr\u00e4nge jetzt in diesem Jahr,<br>denn sind H\u00e4nde mit dem Virus kontaminiert,<br>wird man beim Essen m\u00f6glicherweise infiziert.<br><br>Wo Gl\u00fchwein und Punsch in \u201eStr\u00f6men\u201c flie\u00dfen,<br>will man dann \u201eweihnachtliches Flair\u201c genie\u00dfen.<br>Die Marktatmosph\u00e4re stimmen Gro\u00df und Klein<br>auf das Weihnachten mit Festbeleuchtung ein.<br>In vielen Dingen wird zur Zeit man einschr\u00e4nkt,<br>weil man oft an eine <strong>Corona<\/strong> Ansteckung denkt.<br>Wird man zu einer Weihnachtsfeier eingeladen,<br>dann will man auch nicht \u201ein der Menge baden\u201c.<br><br>Mit <strong>Corona<\/strong> wird\u00b4s schwer, sich zu entscheiden<br>macht man in Familie, oder es doch vermeiden.<br>Wenn man bisher ist noch \u201egesund\u201c geblieben,<br>wird man gesundheitlich die Einsamkeit lieben.<br>Man will durch traditionelle Treffen nicht leiden,<br>noch gesund, sollte man diese Treffen meiden.<br>Wenn Besuch sich angek\u00fcndigt f\u00fcr l\u00e4ngere Zeit,<br>dann ist man nur z\u00e4hneknirschend dazu bereit.<br><br>Es ist spannend, wie in einem Film mit Grusel.<br>\u00dcberall verstr\u00f6mt der Duft vom Gl\u00fchweinfusel.<br>Man schaut sich st\u00e4ndig um und in alle Ecken,<br>um erkrankte Personen schneller zu entdecken.<br>Wenn von irgendwo ein \u201eNieser\u201c wird geh\u00f6rt,<br>schreckt man zusammen, weils nicht nur st\u00f6rt.<br><strong>Corona<\/strong> wurde grippe\u00e4hnlich bekannt gegeben,<br>erwischt es einem, f\u00fcrchtet man ums Leben!<br><br><strong>\u00a9<\/strong> Rainer Dambroth &#8211; 28.11.2021- <strong><a href=\"http:\/\/www.overline-poetry.de\/\">www.overline-poetry.de<\/a><\/strong><\/p>\n","protected":false},"excerpt":{"rendered":"<p>Weihnachten mit Corona wird anders werden,wie sonst die Weihnachten bei uns auf Erden.In vergangenen Wochen hat man es erfahren,das gro\u00dfe Gl\u00fcck in den vergangenen Jahren.Wieder ist ein ganzes Jahr schon fast vorbei,die Advents- und Weihnachtszeit eilen herbei.Ein Lichtermeer erstrahlt zu der Adventszeit,in der wir auch zu den sch\u00f6nen Dingen bereit. Das Jahr 2020 mit Corona [&hellip;]<\/p>\n","protected":false},"author":1,"featured_media":0,"parent":0,"menu_order":0,"comment_status":"closed","ping_status":"closed","template":"","meta":{"footnotes":""},"class_list":["post-1857","page","type-page","status-publish","hentry"],"jetpack_sharing_enabled":true,"_links":{"self":[{"href":"https:\/\/overline-poetry.de\/index.php\/wp-json\/wp\/v2\/pages\/1857","targetHints":{"allow":["GET"]}}],"collection":[{"href":"https:\/\/overline-poetry.de\/index.php\/wp-json\/wp\/v2\/pages"}],"about":[{"href":"https:\/\/overline-poetry.de\/index.php\/wp-json\/wp\/v2\/types\/page"}],"author":[{"embeddable":true,"href":"https:\/\/overline-poetry.de\/index.php\/wp-json\/wp\/v2\/users\/1"}],"replies":[{"embeddable":true,"href":"https:\/\/overline-poetry.de\/index.php\/wp-json\/wp\/v2\/comments?post=1857"}],"version-history":[{"count":1,"href":"https:\/\/overline-poetry.de\/index.php\/wp-json\/wp\/v2\/pages\/1857\/revisions"}],"predecessor-version":[{"id":1861,"href":"https:\/\/overline-poetry.de\/index.php\/wp-json\/wp\/v2\/pages\/1857\/revisions\/1861"}],"wp:attachment":[{"href":"https:\/\/overline-poetry.de\/index.php\/wp-json\/wp\/v2\/media?parent=1857"}],"curies":[{"name":"wp","href":"https:\/\/api.w.org\/{rel}","templated":true}]}}