
{"id":1864,"date":"2021-05-23T15:25:00","date_gmt":"2021-05-23T15:25:00","guid":{"rendered":"https:\/\/overline-poetry.de\/?page_id=1864"},"modified":"2025-09-25T15:27:35","modified_gmt":"2025-09-25T15:27:35","slug":"corona-es-geht-schon-wieder-los-wenn-jens-spahn-verspricht","status":"publish","type":"page","link":"https:\/\/overline-poetry.de\/index.php\/corona-es-geht-schon-wieder-los-wenn-jens-spahn-verspricht\/","title":{"rendered":"Corona &#8211; Es geht schon wieder los! Wenn Jens Spahn verspricht!"},"content":{"rendered":"\n<p>Wenn der Gesundheitsminister Spahn etwas verspricht,<br>dann ist es f\u00fcr alle Beteiligten besser, sie h\u00f6ren es nicht.<br>Er eilt mit seinem Versprechen immer schneller voran,<br>als die &#8222;bremsende&#8220; Realit\u00e4t ihm dann noch folgen kann.<br><br>Der digitale Impfpass bleibt an den Haus\u00e4rzten h\u00e4ngen,<br>dort sich die Impfwilligen nach Impfterminen dr\u00e4ngen.<br>Nebenbei m\u00fcssen sie auch ihre Praxispatienten versorgen,<br>f\u00fcr sie z\u00e4hlt heute und nicht wie bei Spahn das morgen.<br><br>Sieht er sich als Gewinner bei der n\u00e4chsten Bundeswahl?<br>Ich sehe die zur Zeit regierenden Parteien mehr als Qual,<br>denn es fehlen Ideen und ein Konzept steht nicht bereit.<br>F\u00fcr ein &#8222;weiter so&#8220;, da fehlt uns die allen die Lebenszeit! <br> <br><strong>\u00a9<\/strong> Rainer Dambroth &#8211; 23.05.2021 &#8211; <strong><a href=\"https:\/\/www.overline-poetry.de\">www.overline-poetry.de<\/a><\/strong><\/p>\n","protected":false},"excerpt":{"rendered":"<p>Wenn der Gesundheitsminister Spahn etwas verspricht,dann ist es f\u00fcr alle Beteiligten besser, sie h\u00f6ren es nicht.Er eilt mit seinem Versprechen immer schneller voran,als die &#8222;bremsende&#8220; Realit\u00e4t ihm dann noch folgen kann. Der digitale Impfpass bleibt an den Haus\u00e4rzten h\u00e4ngen,dort sich die Impfwilligen nach Impfterminen dr\u00e4ngen.Nebenbei m\u00fcssen sie auch ihre Praxispatienten versorgen,f\u00fcr sie z\u00e4hlt heute und [&hellip;]<\/p>\n","protected":false},"author":1,"featured_media":0,"parent":0,"menu_order":0,"comment_status":"closed","ping_status":"closed","template":"","meta":{"footnotes":""},"class_list":["post-1864","page","type-page","status-publish","hentry"],"jetpack_sharing_enabled":true,"_links":{"self":[{"href":"https:\/\/overline-poetry.de\/index.php\/wp-json\/wp\/v2\/pages\/1864","targetHints":{"allow":["GET"]}}],"collection":[{"href":"https:\/\/overline-poetry.de\/index.php\/wp-json\/wp\/v2\/pages"}],"about":[{"href":"https:\/\/overline-poetry.de\/index.php\/wp-json\/wp\/v2\/types\/page"}],"author":[{"embeddable":true,"href":"https:\/\/overline-poetry.de\/index.php\/wp-json\/wp\/v2\/users\/1"}],"replies":[{"embeddable":true,"href":"https:\/\/overline-poetry.de\/index.php\/wp-json\/wp\/v2\/comments?post=1864"}],"version-history":[{"count":1,"href":"https:\/\/overline-poetry.de\/index.php\/wp-json\/wp\/v2\/pages\/1864\/revisions"}],"predecessor-version":[{"id":1868,"href":"https:\/\/overline-poetry.de\/index.php\/wp-json\/wp\/v2\/pages\/1864\/revisions\/1868"}],"wp:attachment":[{"href":"https:\/\/overline-poetry.de\/index.php\/wp-json\/wp\/v2\/media?parent=1864"}],"curies":[{"name":"wp","href":"https:\/\/api.w.org\/{rel}","templated":true}]}}