
{"id":1878,"date":"2024-11-15T06:37:00","date_gmt":"2024-11-15T06:37:00","guid":{"rendered":"https:\/\/overline-poetry.de\/?page_id=1878"},"modified":"2025-09-27T06:41:18","modified_gmt":"2025-09-27T06:41:18","slug":"schichtwechsel-im-bundeskindergarten","status":"publish","type":"page","link":"https:\/\/overline-poetry.de\/index.php\/schichtwechsel-im-bundeskindergarten\/","title":{"rendered":"Schichtwechsel im &#8222;Bundeskindergarten&#8220;?"},"content":{"rendered":"\n<p>Friedrich Merz wird durch die Schwesterpartei <strong>CSU<\/strong> choreographiert,<br>denn Merz scheinbar durch die bayrische Bierzeltfraktion kontrolliert.<br>Wo Friedrich Merz ist, da ist sein Schatten Dobrindt wie \u201eangeklebt\u201c,<br>der passt wohl auf, dass Friedrich Merz nicht wieder verbal \u201eabhebt\u201c.<br>Denn die <strong>CDU\/CSU<\/strong> sieht sich als Nachfolger im Kanzleramt in Berlin<br>und die bayrische Bierzeltfraktion will da auch gerne wieder mit hin.<br><br>Es geht der <strong>CDU\/CSU<\/strong> nur um die \u00dcbernahme der Regierungsmacht,<br>nicht um L\u00f6sung der Probleme, woran man doch zuerst hat gedacht.<br>Carsten Linnemann: \u201eDie <strong>CDU\/CSU<\/strong> h\u00e4tte vorbereitet eine Strategie,<br>wann will man diese offenbaren, denn W\u00e4hler w\u00fcssten gerne \u201ewie\u201c?<br>Nur mit Kritik an die vergangene Zeit, l\u00e4sst sich kein Land regieren.<br>Welche Ministerfehlbesetzung will die <strong>CDU\/CSU<\/strong> diesmal riskieren?<br><br>Auch Dorothee Baer, die als Zust\u00e4ndige die Digitalisierung verpasst,<br>denn alle Aktivit\u00e4ten, au\u00dfer Modeshows, scheinen von ihr \u201egehasst\u201c.<br>Mit hei\u00dfer Luft auch Markus S\u00f6der agiert, K\u00f6nig der Bierzeltfraktion<br>und er sieht sich als regierender Vizekanzler in Berlin dann schon.<br>S\u00f6der \u00fcbernimmt das Amt des Au\u00dfenministers, wo er sich auskennt,<br>weil er stets nur Bayern und Deutschland als \u201edas Ausland\u201c benennt.<br><br>Das B\u00fcrgergeld soll von der <strong>CDU\/CSU<\/strong> kontrolliert und vermindert,<br>weil es, so die Sicht der <strong>CDU\/CSU<\/strong>, den Willen zur Arbeit verhindert.<br>Fachkr\u00e4fte k\u00f6nnen nicht bei den B\u00fcrgergeldempf\u00e4ngern rekrutiert,<br>diese Tatsache der populistischen <strong>CDU\/CSU<\/strong>-Partei nicht interessiert.<br>Das B\u00fcrgergeld ist gesetzlich und der Mindestlohn geh\u00f6rt angepasst,<br>aber diesen ausreichend zu erh\u00f6hen, von der Politik nicht angefasst.<br><br>Der legale Konsum von Cannabis zur\u00fcckgenommen, somit verboten,<br>hat die <strong>CDU\/CSU<\/strong> nicht Besseres zu tun, macht sich so zum &#8222;Idioten&#8220;.<br>Dann sollte auch das Rauschmittel Bier ebenfalls verboten werden!<br>Als \u201eberauschendes\u201c Getr\u00e4nk birgt es Gefahren auf unseren Erden.<br>Es scheint, die <strong>CDU\/CSU<\/strong>, weil Ideenlos, will mit Verboten regieren,<br>anstatt sich f\u00fcr wichtigere Dinge, die Wirtschaft, zu interessieren.<br><br>Als B\u00fcrgergeldempf\u00e4nger ihr das Kreuz bei der <strong>CDU\/CSU<\/strong> vermeidet.<br>Als Cannabis-Bef\u00fcrworter ihr euch gegen die <strong>CDU\/CSU<\/strong> entscheidet.<br>Auch <strong>AFD, BSW<\/strong> und <strong>Linke<\/strong> sollten f\u00fcr euch nicht zur Auswahl stehen.<br>Auch bei der <strong>FDP<\/strong>, als \u201eCrasher\u201cPartei, will ich das Kreuz nicht sehen.<br>W\u00e4hlt entschlossen, nicht resigniert mit: \u201eDeutschland gute Nacht\u201c<br>und das Kreuz an der richtigen Stelle bei der Bundeswahl gemacht.<br><br><strong>\u00a9 Rainer Dambroth &#8211; 15.11.2024 &#8211; <a href=\"http:\/\/www.overline-poetry.de\/\">www.overline-poetry.de<\/a><\/strong><\/p>\n\n\n\n<p><strong>Kindergartenverhalten<\/strong><br>Die Kinder sind v\u00f6llig au\u00dfer Kontrolle. Alle stehen von ihren Pl\u00e4tzen auf, rufen herum, laufen im Raum herum. Kinder machen L\u00e4rm, w\u00e4hrend ich &#8230;&#8230;&#8230;..<br>TeachersReddit<br><br>20.11.2022 \u2014 Vermehrt stellen Forschende fest, dass viele Erwachsene immer \u00f6fter kindliche Verhaltensweisen adaptieren. Vor allem im beruflichen Umfeld&nbsp;&#8230;&#8230;.<br>Arbeits-abc.de<br><br><strong>Hier geht es zu wie im Kindergarten<\/strong><br>15.02.2018 \u2014 Zu Recht steht die Kindergartenzeit f\u00fcr \u201enicht funktionieren m\u00fcssen\u201c. Konflikterklaerungs-coaching.de<\/p>\n","protected":false},"excerpt":{"rendered":"<p>Friedrich Merz wird durch die Schwesterpartei CSU choreographiert,denn Merz scheinbar durch die bayrische Bierzeltfraktion kontrolliert.Wo Friedrich Merz ist, da ist sein Schatten Dobrindt wie \u201eangeklebt\u201c,der passt wohl auf, dass Friedrich Merz nicht wieder verbal \u201eabhebt\u201c.Denn die CDU\/CSU sieht sich als Nachfolger im Kanzleramt in Berlinund die bayrische Bierzeltfraktion will da auch gerne wieder mit hin. [&hellip;]<\/p>\n","protected":false},"author":1,"featured_media":0,"parent":0,"menu_order":0,"comment_status":"closed","ping_status":"closed","template":"","meta":{"footnotes":""},"class_list":["post-1878","page","type-page","status-publish","hentry"],"jetpack_sharing_enabled":true,"_links":{"self":[{"href":"https:\/\/overline-poetry.de\/index.php\/wp-json\/wp\/v2\/pages\/1878","targetHints":{"allow":["GET"]}}],"collection":[{"href":"https:\/\/overline-poetry.de\/index.php\/wp-json\/wp\/v2\/pages"}],"about":[{"href":"https:\/\/overline-poetry.de\/index.php\/wp-json\/wp\/v2\/types\/page"}],"author":[{"embeddable":true,"href":"https:\/\/overline-poetry.de\/index.php\/wp-json\/wp\/v2\/users\/1"}],"replies":[{"embeddable":true,"href":"https:\/\/overline-poetry.de\/index.php\/wp-json\/wp\/v2\/comments?post=1878"}],"version-history":[{"count":1,"href":"https:\/\/overline-poetry.de\/index.php\/wp-json\/wp\/v2\/pages\/1878\/revisions"}],"predecessor-version":[{"id":1882,"href":"https:\/\/overline-poetry.de\/index.php\/wp-json\/wp\/v2\/pages\/1878\/revisions\/1882"}],"wp:attachment":[{"href":"https:\/\/overline-poetry.de\/index.php\/wp-json\/wp\/v2\/media?parent=1878"}],"curies":[{"name":"wp","href":"https:\/\/api.w.org\/{rel}","templated":true}]}}