
{"id":1885,"date":"2024-06-27T06:52:00","date_gmt":"2024-06-27T06:52:00","guid":{"rendered":"https:\/\/overline-poetry.de\/?page_id=1885"},"modified":"2025-09-27T06:56:41","modified_gmt":"2025-09-27T06:56:41","slug":"benzinrasentrimmer","status":"publish","type":"page","link":"https:\/\/overline-poetry.de\/index.php\/benzinrasentrimmer\/","title":{"rendered":"Benzinrasentrimmer"},"content":{"rendered":"\n<p>Wenn Nachbarn am fr\u00fchen Abend ihre Rasenkanten freischneiden,<br>sich \u00fcber den entstehenden L\u00e4rmpegel die Gem\u00fcter dann scheiden.<br>Denn diese <strong>Benzinrasentrimmer<\/strong> sind beim Rasentrimmen sehr laut,<br>das vor dem Ger\u00e4uschpegel des <strong>Benzinrasentrimmers<\/strong> einem graut.<br><br>Wenn der <strong>Benzinrasentrimmer<\/strong> sich durch hohes Gras dann qu\u00e4lt,<br>man als Mith\u00f6rer die Sekunden des <strong>Benzinrasentrimmens<\/strong> mitz\u00e4hlt.<br>Auch <strong>Benzinrasentrimmer<\/strong> die sommerliche Abendstimmung st\u00f6rt,<br>denn man denkt nicht daran, das der Nachbar gezwungen \u201emith\u00f6rt\u201c.<\/p>\n\n\n\n<p>Das Ph\u00e4nomen, wenn einer anf\u00e4ngt und die Rasenkanten \u201etrimmt\u201c,<br>auch der Nachbar seinen <strong>Benzinrasentrimmer<\/strong> zum Trimmen nimmt.<br>Durch den Ger\u00e4uschpegel vom Nachbar wird dieser erinnert daran,<br>dass man auch mit dem <strong>Benzinrasentrimmer<\/strong> wieder trimmen kann.<br><br>Der kollektive Gedanke, der die <strong>Benzinrasentrimmenden<\/strong> antreibt,<br>der auch nur bei einer pers\u00f6nlichen Abwesenheit dann unterbleibt.<br>Kollektiv wird der <strong>Benzinrasentrimmer<\/strong> auch im Zeitversatz bewegt,<br>so dass f\u00fcr die Mith\u00f6renden wird eine l\u00e4ngere Stundenzeit belegt.<br><br>Man w\u00fcnscht sich, das ein Stein den <strong>Benzinrasentrimmer<\/strong> blockiert,<br>aber dieses bis heute, dem Wunsch entsprechend, so nicht passiert.<br>Oder der Tank von dem <strong>Benzinrasentrimmer<\/strong> wurde endlich geleert,<br>aber selbst dieser Wunschgedanke wurde einem bisher verwehrt.<br><br>Der <strong>Rasentrimmende<\/strong> mit einer \u201eMickey Mouse\u201c die Ohren sch\u00fctzt,<br>den direkt nebenan spielenden Kindern dieser Schutz wenig n\u00fctzt.<br>Aber beim <strong>Benzinrasentrimmen<\/strong> entschwinden wohl viele Bedenken<br>und das man auch den Kindern sollte die \u201eMickey Mouse\u201c schenken.<br><br><strong>\u00a9<\/strong> Rainer Dambroth \u2013 27.06.2024 \u2013 <strong><a href=\"http:\/\/www.overline-poetry.de\/\">www.overline-poetry.de<\/a><\/strong><br><br><strong>*)<\/strong> Mickey Mouse = Ohrenschallsch\u00fctzer, denn wenn man diese beim <strong>Benzinrasentrimmen <\/strong>aufsetzt, dann der Comic-Figur Mickey Mouse \u00e4hnelt.<br><strong>**)<\/strong> Je nach Ger\u00e4t variiert die Lautst\u00e4rke, wobei <strong>Benzinrasentrimmer<\/strong> (Motorsensen) mit 95 bis 120 Dezibel besonders laut sind.<\/p>\n","protected":false},"excerpt":{"rendered":"<p>Wenn Nachbarn am fr\u00fchen Abend ihre Rasenkanten freischneiden,sich \u00fcber den entstehenden L\u00e4rmpegel die Gem\u00fcter dann scheiden.Denn diese Benzinrasentrimmer sind beim Rasentrimmen sehr laut,das vor dem Ger\u00e4uschpegel des Benzinrasentrimmers einem graut. Wenn der Benzinrasentrimmer sich durch hohes Gras dann qu\u00e4lt,man als Mith\u00f6rer die Sekunden des Benzinrasentrimmens mitz\u00e4hlt.Auch Benzinrasentrimmer die sommerliche Abendstimmung st\u00f6rt,denn man denkt nicht daran, [&hellip;]<\/p>\n","protected":false},"author":1,"featured_media":0,"parent":0,"menu_order":0,"comment_status":"closed","ping_status":"closed","template":"","meta":{"footnotes":""},"class_list":["post-1885","page","type-page","status-publish","hentry"],"jetpack_sharing_enabled":true,"_links":{"self":[{"href":"https:\/\/overline-poetry.de\/index.php\/wp-json\/wp\/v2\/pages\/1885","targetHints":{"allow":["GET"]}}],"collection":[{"href":"https:\/\/overline-poetry.de\/index.php\/wp-json\/wp\/v2\/pages"}],"about":[{"href":"https:\/\/overline-poetry.de\/index.php\/wp-json\/wp\/v2\/types\/page"}],"author":[{"embeddable":true,"href":"https:\/\/overline-poetry.de\/index.php\/wp-json\/wp\/v2\/users\/1"}],"replies":[{"embeddable":true,"href":"https:\/\/overline-poetry.de\/index.php\/wp-json\/wp\/v2\/comments?post=1885"}],"version-history":[{"count":1,"href":"https:\/\/overline-poetry.de\/index.php\/wp-json\/wp\/v2\/pages\/1885\/revisions"}],"predecessor-version":[{"id":1889,"href":"https:\/\/overline-poetry.de\/index.php\/wp-json\/wp\/v2\/pages\/1885\/revisions\/1889"}],"wp:attachment":[{"href":"https:\/\/overline-poetry.de\/index.php\/wp-json\/wp\/v2\/media?parent=1885"}],"curies":[{"name":"wp","href":"https:\/\/api.w.org\/{rel}","templated":true}]}}