
{"id":1892,"date":"2025-09-29T14:54:13","date_gmt":"2025-09-29T14:54:13","guid":{"rendered":"https:\/\/overline-poetry.de\/?page_id=1892"},"modified":"2025-09-29T15:04:32","modified_gmt":"2025-09-29T15:04:32","slug":"verbrauchertaeuschung-eine-gewichtsreduktion-shrinkflation-ist-ein-neues-produkt","status":"publish","type":"page","link":"https:\/\/overline-poetry.de\/index.php\/verbrauchertaeuschung-eine-gewichtsreduktion-shrinkflation-ist-ein-neues-produkt\/","title":{"rendered":"Verbrauchert\u00e4uschung! &#8211; Eine Gewichtsreduktion (Shrinkflation) ist ein neues Produkt!"},"content":{"rendered":"\n<p>Um die Margen zu erh\u00f6hen, wird vom Hersteller kreativ gedacht,<br>denn es wird weniger Masse vom Produkt auf die Waage gebracht.<br>Um dieses f\u00fcr Verbraucher \u00fcberschaubar und sofort zu erkennen,<br>ist das, bei Gewichtsreduktionen, auf der Verpackung zu benennen.<br><br>Wenn Rohstoffe sich verteuern, kann eine Preiserh\u00f6hung akzeptiert,<br>nur dazu sollte nur der Anteil des teuren Rohstoffes neu kalkuliert.<br>Wenn nur der Preis von Kakaobohnen hat sich prozentual verteuert,<br>wurde bisher der gesamte Warenpreis um diese Prozente erneuert.<br><br>So Verbraucher bewusst beim Einkauf dieser Produkte betrogen<br>und mit Notwendigkeit einer \u201ezwingenden Preiserh\u00f6hung\u201c belogen.<br>Preise werden geschickt durch eine Gewichtsreduktion \u201ekorrigiert\u201c,<br>so bleiben Kunden beim Preisvergleich an dem Produkt interessiert.<br><br>Die Kunden sich meistens nur an den Produktpreisen orientieren,<br>so den Herstellern einfach gemacht, bei dem Gewicht zu variieren.<br>Bei Wurst oder K\u00e4se wird dann die Anzahl der Scheiben reduziert<br>oder die Scheiben d\u00fcnner geschnitten, so dass das Gewicht verliert.<br><br>Beim Einkauf sollten Ver\u00e4nderungen schon am Regal signalisiert,<br>so die Kunden erkennen, wenn Hersteller an Einwaagen manipuliert<br>Als \u201e<strong>Shrinkflation<\/strong>\u201c wird die Produktkorrektur den Kunden angezeigt<br>und der Kunde entscheidet, ob er diesem Produkt bleibt zugeneigt.<br><br>\u00dcber den neuen EAN-Code die Eink\u00e4ufer Ver\u00e4nderungen erkennen,<br>um hier einen weiteren Vorteil f\u00fcr die Verbraucher zu benennen.<br>So mancher Produkt-Hersteller wird es sich dann auch \u00fcberlegen,<br>ob es sich lohnt, den neuen EAN-Code f\u00fcr das Produkt einzupflegen.<br><br><strong>\u00a9 Rainer Dambroth \u2013 29.09.2025 \u2013 <a href=\"http:\/\/www.overline-poetry.de\/\">www.overline-poetry.de<\/a><br><br><\/strong><em><strong>Shrinkflation<\/strong> (oder Schrumpflation) ist ein Begriff aus dem Englischen, der das Ph\u00e4nomen beschreibt, dass Hersteller die Menge eines Produkts bei gleichem Preis reduzieren, um so versteckte Preissteigerungen zu erzielen. Obwohl die Verpackung oft unver\u00e4ndert bleibt, erh\u00e4lt der Verbraucher weniger Inhalt, was zu einer schleichenden Erh\u00f6hung der Produktkosten f\u00fchrt.<\/em><\/p>\n","protected":false},"excerpt":{"rendered":"<p>Um die Margen zu erh\u00f6hen, wird vom Hersteller kreativ gedacht,denn es wird weniger Masse vom Produkt auf die Waage gebracht.Um dieses f\u00fcr Verbraucher \u00fcberschaubar und sofort zu erkennen,ist das, bei Gewichtsreduktionen, auf der Verpackung zu benennen. Wenn Rohstoffe sich verteuern, kann eine Preiserh\u00f6hung akzeptiert,nur dazu sollte nur der Anteil des teuren Rohstoffes neu kalkuliert.Wenn nur [&hellip;]<\/p>\n","protected":false},"author":1,"featured_media":0,"parent":0,"menu_order":0,"comment_status":"closed","ping_status":"closed","template":"","meta":{"footnotes":""},"class_list":["post-1892","page","type-page","status-publish","hentry"],"jetpack_sharing_enabled":true,"_links":{"self":[{"href":"https:\/\/overline-poetry.de\/index.php\/wp-json\/wp\/v2\/pages\/1892","targetHints":{"allow":["GET"]}}],"collection":[{"href":"https:\/\/overline-poetry.de\/index.php\/wp-json\/wp\/v2\/pages"}],"about":[{"href":"https:\/\/overline-poetry.de\/index.php\/wp-json\/wp\/v2\/types\/page"}],"author":[{"embeddable":true,"href":"https:\/\/overline-poetry.de\/index.php\/wp-json\/wp\/v2\/users\/1"}],"replies":[{"embeddable":true,"href":"https:\/\/overline-poetry.de\/index.php\/wp-json\/wp\/v2\/comments?post=1892"}],"version-history":[{"count":1,"href":"https:\/\/overline-poetry.de\/index.php\/wp-json\/wp\/v2\/pages\/1892\/revisions"}],"predecessor-version":[{"id":1896,"href":"https:\/\/overline-poetry.de\/index.php\/wp-json\/wp\/v2\/pages\/1892\/revisions\/1896"}],"wp:attachment":[{"href":"https:\/\/overline-poetry.de\/index.php\/wp-json\/wp\/v2\/media?parent=1892"}],"curies":[{"name":"wp","href":"https:\/\/api.w.org\/{rel}","templated":true}]}}