
{"id":1899,"date":"2024-01-28T07:02:00","date_gmt":"2024-01-28T07:02:00","guid":{"rendered":"https:\/\/overline-poetry.de\/?page_id=1899"},"modified":"2025-10-01T07:05:41","modified_gmt":"2025-10-01T07:05:41","slug":"die-ueberregulierende-verwaltung-abschaffen","status":"publish","type":"page","link":"https:\/\/overline-poetry.de\/index.php\/die-ueberregulierende-verwaltung-abschaffen\/","title":{"rendered":"Die \u00fcberregulierende Verwaltung abschaffen"},"content":{"rendered":"\n<p>Die Verwaltungen leider hierarchisch miteinander kommunizieren,<br>denn keiner in den Hierarchien will doch seine Position verlieren.<br>Kurze Dienstwege sind in unseren Verwaltungen doch unbekannt,<br>denn jeder in der Verwaltung will, das auch sein Name genannt.<br><br>Besser w\u00e4re es doch, der \u201eVerwaltungsball\u201c w\u00fcrde \u201eflach gespielt\u201c,<br>aber jeder mit neuen Aufgaben nach h\u00f6herer Besoldung \u201eschielt\u201c.<br>Man k\u00f6nnte sich aber auch in praktizierenden L\u00e4ndern orientieren,<br>praxiserfahrenes Personal entsenden, sonst werden wir verlieren.<br><br>Warum nicht Estland, denn die haben die Digitalisierung geschafft<br>und in ihrem Lande durchgesetzt, ohne zu viel Aufwand und Kraft?<br>Aber unsere Politik l\u00e4sst sich dieses nicht aus den H\u00e4nden nehmen<br>und wird sich nicht in solch ein kleines Land dann hin \u201ebequemen\u201c.<br><br>Die Digitalisierung in den Verwaltungen sich zu langsam bewegt,<br>weil hier noch die Amtsschimmelreiterei wird sehr gerne gepflegt.<br>Durch die Angst einer Personalreduktion dreht sich vieles im Kreis,<br>weil man zu wenig \u00fcber die Vorteile der digitalen Anwendung wei\u00df.<br><br>Es scheint, als Aufgabe, die Politik doch schon sehr zu \u00fcberfordern,<br>vielleicht sollte man eine flexibel denkende Organisation beordern.<br>Diesen wichtigen Bereich dem Ministerium f\u00fcr Verkehr anzuh\u00e4ngen,<br>dann der Ahnungslosigkeit von agierenden Personen aufzudr\u00e4ngen.<br><br>Wenn ein Programm wird eingesetzt, dann nur f\u00fcr eins entscheiden<br>und Verbundenheit zu ortsnahen Herstellern sollte man vermeiden.<br>Denn wenn \u201eSchnittstellen\u201c nicht l\u00e4nder\u00fcbergreifend funktionieren,<br>dann kann die benutzende Verwaltung nur wieder damit verlieren.<br><br>Nicht wieder, wie bei \u201eCorona\u201c, dann ein zu gro\u00dfer Medienkonzern,<br>denn die kommunizieren selbst noch in ihren Hierarchien sehr gern.<br>Zuerst der Konzernvorstand, um ohne Wissen Preise zu kalkulieren,<br>wie viele Millionen Euro m\u00fcsste die Politik daf\u00fcr dann investieren.<br><br>Die \u201eElster\u201c vom Finanzamt funktioniert auch in der Bundesrepublik<br>und ist hoffentlich so programmiert, das sie funktioniert ohne Gl\u00fcck<br>Wir brauchen \u201efrische Pferde\u201c in dem politischen Amtsschimmelstall,<br>dann wird Digitalisierung endlich funktionieren, das in jedem Fall.<br><br><strong>\u00a9<\/strong> Rainer Dambroth &#8211; 28.01.2024 &#8211; <strong><a href=\"https:\/\/www.overline-poetry.de\/\">www.overline-poetry.de<\/a><\/strong><\/p>\n","protected":false},"excerpt":{"rendered":"<p>Die Verwaltungen leider hierarchisch miteinander kommunizieren,denn keiner in den Hierarchien will doch seine Position verlieren.Kurze Dienstwege sind in unseren Verwaltungen doch unbekannt,denn jeder in der Verwaltung will, das auch sein Name genannt. Besser w\u00e4re es doch, der \u201eVerwaltungsball\u201c w\u00fcrde \u201eflach gespielt\u201c,aber jeder mit neuen Aufgaben nach h\u00f6herer Besoldung \u201eschielt\u201c.Man k\u00f6nnte sich aber auch in praktizierenden [&hellip;]<\/p>\n","protected":false},"author":1,"featured_media":0,"parent":0,"menu_order":0,"comment_status":"closed","ping_status":"closed","template":"","meta":{"footnotes":""},"class_list":["post-1899","page","type-page","status-publish","hentry"],"jetpack_sharing_enabled":true,"_links":{"self":[{"href":"https:\/\/overline-poetry.de\/index.php\/wp-json\/wp\/v2\/pages\/1899","targetHints":{"allow":["GET"]}}],"collection":[{"href":"https:\/\/overline-poetry.de\/index.php\/wp-json\/wp\/v2\/pages"}],"about":[{"href":"https:\/\/overline-poetry.de\/index.php\/wp-json\/wp\/v2\/types\/page"}],"author":[{"embeddable":true,"href":"https:\/\/overline-poetry.de\/index.php\/wp-json\/wp\/v2\/users\/1"}],"replies":[{"embeddable":true,"href":"https:\/\/overline-poetry.de\/index.php\/wp-json\/wp\/v2\/comments?post=1899"}],"version-history":[{"count":1,"href":"https:\/\/overline-poetry.de\/index.php\/wp-json\/wp\/v2\/pages\/1899\/revisions"}],"predecessor-version":[{"id":1903,"href":"https:\/\/overline-poetry.de\/index.php\/wp-json\/wp\/v2\/pages\/1899\/revisions\/1903"}],"wp:attachment":[{"href":"https:\/\/overline-poetry.de\/index.php\/wp-json\/wp\/v2\/media?parent=1899"}],"curies":[{"name":"wp","href":"https:\/\/api.w.org\/{rel}","templated":true}]}}