
{"id":1906,"date":"2025-10-01T14:20:22","date_gmt":"2025-10-01T14:20:22","guid":{"rendered":"https:\/\/overline-poetry.de\/?page_id=1906"},"modified":"2025-10-05T15:03:24","modified_gmt":"2025-10-05T15:03:24","slug":"stierhatz-mit-moechtegern-toreos-stierquaeler","status":"publish","type":"page","link":"https:\/\/overline-poetry.de\/index.php\/stierhatz-mit-moechtegern-toreos-stierquaeler\/","title":{"rendered":"Stierhatz mit M\u00f6chtegern-Toreros \/ (S)Tierqu\u00e4ler"},"content":{"rendered":"\n<p>Wird ein <strong>M\u00f6chtegern-Torero<\/strong> beim \u201eKampf\u201c durch den Stier verletzt,<br>weil er seinen \u201eMut\u201c und seine Reaktion hat doch v\u00f6llig \u00fcbersch\u00e4tzt,<br>l\u00f6st das jedes Mal eine gro\u00dfe Freude aus und kein Mitleid bei mir,<br>denn warum fordern die <strong>M\u00f6chtegern-Toreos<\/strong> auch heraus den Stier.<br>Gr\u00f6\u00dfer die Freude, wenn ein Profi-Torero muss ins Krankenhaus,<br>weil er im \u201eTorero-Kost\u00fcm\u201c gefordert den Stier zum Kampf heraus.<br><br>Die <strong>M\u00f6chtegern-Toreros<\/strong> sehen sich als Helden und wollen \u201everehrt\u201c,<br>der Stier leidet unter zugef\u00fcgte Schmerzen und hatte sich gewehrt.<br>Ich empfinde gro\u00dfes Mitleid, aber nur mit dem maltr\u00e4tierten Stier,<br>denn er hat auch Recht auf ein gesch\u00fctztes Leben, genau wie wir.<br>Der Stier muss k\u00e4mpfen und das &#8222;Kampfende&#8220; ist voraus geplant,<br>denn er wird verblutet sterben, aber dieses habt ihr schon geahnt.<br><br><strong>M\u00f6chtegern-Toreos<\/strong> versuchen Banderillas in den Stier zu stechen,<br>oder akrobatisch den Stier zu \u00fcberspringen, was sich kann r\u00e4chen,<br>wenn der Stier zu schnell zu dem <strong>M\u00f6chtegern-Torero<\/strong> zur\u00fcck kehrt,<br>und sich mit seinen spitzen H\u00f6rnern gegen den Angreifer wehrt.<br>Oder er den <strong>M\u00f6chtegern-Torero<\/strong> mit seiner K\u00f6rpermasse \u00fcberrennt,<br>was man als einen Erfolg gegen den <strong>M\u00f6chtegern-Torero<\/strong> benennt.<br><br>F\u00fcr den Stier ist diese Hatz oder auch der Kampf eine gro\u00dfe Qual,<br>aber die <strong>M\u00f6chtegern-Toreros<\/strong> oder Stierk\u00e4mpfer h\u00e4tten die Wahl.<br>Auch die Zuschauer dieser fragw\u00fcrdigen K\u00e4mpfe k\u00f6nnen w\u00e4hlen,<br>wenn sie fernbleiben, die Veranstalter weniger Geld dann z\u00e4hlen,<br>denn die professionellen Toreros wollen viel Geld f\u00fcr ihren \u201eMut\u201c,<br>und wenn die Einnahmen ausbleiben, das w\u00e4re f\u00fcr sie nicht gut.<br><br><strong>\u00a9 Rainer Dambroth \u2013 01.10.2025 \u2013 www.overline-poetry.de<\/strong><br><br><em><strong>Banderillas<\/strong> im Stierkampf sind kurze, mit Widerhaken und bunten B\u00e4ndern verzierte Spie\u00dfe, die von den Banderilleros oder dem Torero in den Widerrist des Stieres gestochen werden, um ihn zu schw\u00e4chen, zu ersch\u00f6pfen und seine Angriffe zu provozieren. Dieser Vorgang findet im zweiten Drittel (Tercio de banderillas) des Stierkampfes statt und ist ein Teil der dramatischen Inszenierung.<\/em>\u00a0<br><br><strong><em>Funktion der Banderillas<\/em><\/strong><\/p>\n\n\n\n<ul class=\"wp-block-list\">\n<li><em><strong>Schw\u00e4chung:<\/strong> Die Spie\u00dfe verletzen die Nacken- und Schultermuskulatur des Stieres.&nbsp;<\/em><\/li>\n<\/ul>\n\n\n\n<ul class=\"wp-block-list\">\n<li><strong><em>Ersch\u00f6pfung<\/em>:<\/strong><\/li>\n<\/ul>\n\n\n\n<p><em>Durch den Blutverlust und die Anregung des Tieres wird der Stier ersch\u00f6pft, was seine Bewegungen beeintr\u00e4chtigt.<\/em>&nbsp;<\/p>\n\n\n\n<ul class=\"wp-block-list\">\n<li><strong><em>Provokation<\/em>:<\/strong><\/li>\n<\/ul>\n\n\n\n<p><em>Die Banderillas spornen den Stier an und reizen ihn zu aggressiveren Angriffen, was die Dramatik der Vorstellung erh\u00f6ht.<\/em>&nbsp;<br><br><strong>&#8211;<\/strong> <em><strong>Internetfund<\/strong><\/em> <strong>&#8211;<\/strong><\/p>\n\n\n\n<p><\/p>\n","protected":false},"excerpt":{"rendered":"<p>Wird ein M\u00f6chtegern-Torero beim \u201eKampf\u201c durch den Stier verletzt,weil er seinen \u201eMut\u201c und seine Reaktion hat doch v\u00f6llig \u00fcbersch\u00e4tzt,l\u00f6st das jedes Mal eine gro\u00dfe Freude aus und kein Mitleid bei mir,denn warum fordern die M\u00f6chtegern-Toreos auch heraus den Stier.Gr\u00f6\u00dfer die Freude, wenn ein Profi-Torero muss ins Krankenhaus,weil er im \u201eTorero-Kost\u00fcm\u201c gefordert den Stier zum Kampf [&hellip;]<\/p>\n","protected":false},"author":1,"featured_media":0,"parent":0,"menu_order":0,"comment_status":"closed","ping_status":"closed","template":"","meta":{"footnotes":""},"class_list":["post-1906","page","type-page","status-publish","hentry"],"jetpack_sharing_enabled":true,"_links":{"self":[{"href":"https:\/\/overline-poetry.de\/index.php\/wp-json\/wp\/v2\/pages\/1906","targetHints":{"allow":["GET"]}}],"collection":[{"href":"https:\/\/overline-poetry.de\/index.php\/wp-json\/wp\/v2\/pages"}],"about":[{"href":"https:\/\/overline-poetry.de\/index.php\/wp-json\/wp\/v2\/types\/page"}],"author":[{"embeddable":true,"href":"https:\/\/overline-poetry.de\/index.php\/wp-json\/wp\/v2\/users\/1"}],"replies":[{"embeddable":true,"href":"https:\/\/overline-poetry.de\/index.php\/wp-json\/wp\/v2\/comments?post=1906"}],"version-history":[{"count":5,"href":"https:\/\/overline-poetry.de\/index.php\/wp-json\/wp\/v2\/pages\/1906\/revisions"}],"predecessor-version":[{"id":1950,"href":"https:\/\/overline-poetry.de\/index.php\/wp-json\/wp\/v2\/pages\/1906\/revisions\/1950"}],"wp:attachment":[{"href":"https:\/\/overline-poetry.de\/index.php\/wp-json\/wp\/v2\/media?parent=1906"}],"curies":[{"name":"wp","href":"https:\/\/api.w.org\/{rel}","templated":true}]}}