
{"id":1919,"date":"2023-10-03T16:49:00","date_gmt":"2023-10-03T16:49:00","guid":{"rendered":"https:\/\/overline-poetry.de\/?page_id=1919"},"modified":"2025-10-02T17:06:23","modified_gmt":"2025-10-02T17:06:23","slug":"tag-der-deutschen-einheit-aber-noch-keine-einheit","status":"publish","type":"page","link":"https:\/\/overline-poetry.de\/index.php\/tag-der-deutschen-einheit-aber-noch-keine-einheit\/","title":{"rendered":"Tag der deutschen Einheit, aber noch keine Einheit!"},"content":{"rendered":"\n<p>Heute feiern wir gemeinsam den Tag der deutschen Einheit,<br>denn \u00fcber 30 Jahre vergangen und auch eine schwere Zeit.<br>Im Osten man sich \u00fcber den Stillstand bei sich beschwert<br>und bei Demos verbreitet, dass ihre \u201eSorgen\u201c nicht erh\u00f6rt.<br><br>In der Geschichte der DDR hat man sie doch stets belogen,<br>mit Geschichten um den westlichen Klassenfeind betrogen.<br>Nato-Staaten wurden als Kriegstreiber verteufelt gesehen,<br>wer zu lange \u201eeingez\u00e4unt\u201c, kann die Welt nicht verstehen!<br><br>Im Osten Deutschlands die Rechtsextremisten &#8222;grassieren&#8220;,<br>so dass die demokratische Parteien werden Boden verlieren.<br>Die F\u00fchrung der Rechtspopulisten sich nur daran orientiert,<br>was wollen die Menschen im Osten und was sie interessiert<br><br>Sind die Menschen im Osten denn so taub oder auch blind?<br>Die skandierten Parolen sind falsch, das erkennt jedes Kind.<br>Rechtspopulisten geht\u00b4s darum, was die Leute wollen h\u00f6ren<br>und mit welchen Spr\u00fcchen lassen sie sich leicht \u201ebet\u00f6ren\u201c.<br><br>Man will den Reichtum, der schon Reichen, weiter st\u00e4rken<br>und Arme werden das an fehlendem Einkommen merken.<br>Wer im Glashaus sitzt, der sollte keine Steine schmei\u00dfen,<br>denn dann wird er sein eigenes Glashaus mit niederrei\u00dfen.<br><br>In vielen Staaten in Europa wollen Despoten an die Macht.<br>Sie erleben in Russland und Ungarn, wie man es gemacht.<br>PIS statt Peace, so jetzt zu erleben im Europastaat Polen,<br>Rechte werden beschnitten, die die Parteien f\u00fcr sich holen.<br><br>Ist das die Demokratie, die uns als Europ\u00e4er doch gef\u00e4llt,<br>die durch Rechtsradikale und Autokraten in Frage gestellt?<br>Lasst uns durch richtiges W\u00e4hlen die Freiheit wieder holen,<br>die durch naives Verhalten und List wurde euch gestohlen.<br><br><strong>\u00a9<\/strong> Rainer Dambroth &#8211; 03.10.2023 &#8211; <strong><a href=\"https:\/\/www.overline-poetry.de\/\">www.overline-poetry.de<\/a><\/strong><br><br><strong><a href=\"https:\/\/overline-poetry.de\/wp-admin\/post.php?post=777&amp;action=edit\">Warum \u201ekleben\u201c die Ossis so an Russland?<\/a><\/strong><br><strong><a href=\"https:\/\/overline-poetry.de\/wp-admin\/post.php?post=1922&amp;action=edit\">Zu viele \u201eOssis\u201c suchen F\u00fchrung (oder F\u00fchrer?)!<\/a><\/strong><\/p>\n","protected":false},"excerpt":{"rendered":"<p>Heute feiern wir gemeinsam den Tag der deutschen Einheit,denn \u00fcber 30 Jahre vergangen und auch eine schwere Zeit.Im Osten man sich \u00fcber den Stillstand bei sich beschwertund bei Demos verbreitet, dass ihre \u201eSorgen\u201c nicht erh\u00f6rt. In der Geschichte der DDR hat man sie doch stets belogen,mit Geschichten um den westlichen Klassenfeind betrogen.Nato-Staaten wurden als Kriegstreiber [&hellip;]<\/p>\n","protected":false},"author":1,"featured_media":0,"parent":0,"menu_order":0,"comment_status":"closed","ping_status":"closed","template":"","meta":{"footnotes":""},"class_list":["post-1919","page","type-page","status-publish","hentry"],"jetpack_sharing_enabled":true,"_links":{"self":[{"href":"https:\/\/overline-poetry.de\/index.php\/wp-json\/wp\/v2\/pages\/1919","targetHints":{"allow":["GET"]}}],"collection":[{"href":"https:\/\/overline-poetry.de\/index.php\/wp-json\/wp\/v2\/pages"}],"about":[{"href":"https:\/\/overline-poetry.de\/index.php\/wp-json\/wp\/v2\/types\/page"}],"author":[{"embeddable":true,"href":"https:\/\/overline-poetry.de\/index.php\/wp-json\/wp\/v2\/users\/1"}],"replies":[{"embeddable":true,"href":"https:\/\/overline-poetry.de\/index.php\/wp-json\/wp\/v2\/comments?post=1919"}],"version-history":[{"count":3,"href":"https:\/\/overline-poetry.de\/index.php\/wp-json\/wp\/v2\/pages\/1919\/revisions"}],"predecessor-version":[{"id":1932,"href":"https:\/\/overline-poetry.de\/index.php\/wp-json\/wp\/v2\/pages\/1919\/revisions\/1932"}],"wp:attachment":[{"href":"https:\/\/overline-poetry.de\/index.php\/wp-json\/wp\/v2\/media?parent=1919"}],"curies":[{"name":"wp","href":"https:\/\/api.w.org\/{rel}","templated":true}]}}