
{"id":1922,"date":"2023-07-18T16:52:00","date_gmt":"2023-07-18T16:52:00","guid":{"rendered":"https:\/\/overline-poetry.de\/?page_id=1922"},"modified":"2025-10-02T16:54:50","modified_gmt":"2025-10-02T16:54:50","slug":"zu-viele-ossis-suchen-fuehrung-oder-fuehrer","status":"publish","type":"page","link":"https:\/\/overline-poetry.de\/index.php\/zu-viele-ossis-suchen-fuehrung-oder-fuehrer\/","title":{"rendered":"Zu viele \u201eOssis\u201c suchen F\u00fchrung (oder F\u00fchrer?)!"},"content":{"rendered":"\n<p>Zu viele B\u00fcrger aus dem Osten kommen mit der Freiheit nicht klar<br>und w\u00fcnschen sich DDR-Zeiten zur\u00fcck, so wie es fr\u00fcher mal war.<br>Sie brauchen immer noch jemanden, der wie fr\u00fcher f\u00fcr sie denkt,<br>f\u00fcr sie handelt und auch in ihrem Lebensumfeld alles f\u00fcr sie lenkt.<br>Unsere damalige Regierung die &#8222;Einbindung&#8220; des Osten vers\u00e4umt<br>und zu erw\u00e4hnen, dass man erarbeiten muss, wovon man tr\u00e4umt.<br><br>So wurde dann die DDR demokratisch vom Westen umstrukturiert.<br>Als erstes wurden die Stra\u00dfen und die Verwaltungsgeb\u00e4ude saniert.<br>Manches Mal dabei vergessen, dass dort auch noch Menschen leben<br>und denen sollte man Strukturen mit einer Portion Hoffnung geben.<br>In der DDR war eine Vollbesch\u00e4ftigung der Bev\u00f6lkerung angesagt,<br>ob so manches Sinn gemacht, danach hat die Partei nicht gefragt.<br><br>In der DDR wurde alles \u00fcberwacht und vom Staat auch organisiert.<br>Man kontrollierte die Gedanken der B\u00fcrger, so dass nichts passiert.<br>\u201eDie Gedanken sind frei\u201c, aber \u201eunfrei\u201c waren die freien Gedanken.<br>Man sperrte die ein, die mit ihren Gedanken kamen ins \u201eWanken\u201c<br>und man konnte sich f\u00fcr die \u201eVerbreitung\u201c der so freien Gedanken,<br>dann bei den Kollegen, Freunden oder Nachbarn daf\u00fcr \u201ebedanken\u201c.<br><br>Sahra Wagenknecht, geb\u00fcrtig aus der DDR, gewinnt Stimmen hinzu.<br>Bietet DDR-B\u00fcrgern Frieden, russische Freundschaft und damit Ruh&#8216;.<br>Wenn man \u00fcber vierzig Jahre auf \u201erussische Linie\u201c wurde getrimmt,<br>so dass man sich Putins \u201egelogene Wahrheit\u201c nur zu Herzen nimmt.<br>Der Westen und die Amerikaner als die \u201eKlassenfeinde\u201c dargestellt<br>und somit die NATO-Gemeinschaft als Bedrohung f\u00fcr Russland z\u00e4hlt.<br><br>Auch die Rechten machen sich diese Situation der \u201eOssis\u201c zu Nutze.<br>Sie stellen den \u201eF\u00fchrer\u201c und unterm \u201erechten Fl\u00fcgel\u201c auch Schutze.<br>Die verlorenen Strukturen bieten sich als eine gute rechte Basis an<br>und die \u201eOssis\u201c sind empf\u00e4nglich f\u00fcr &#8222;rechte Parolen&#8220;, so man kann.<br>Ob Pegida mit Bachmann oder heute H\u00f6cke von der rechten Szene,<br>eine wachsende untersch\u00e4tzte Gefahr, ich \u201enebenbei\u201c mit erw\u00e4hne.<br><br><strong>\u00a9<\/strong> Rainer Dambroth \u2013 18.07.2023 &#8211; <strong><a href=\"http:\/\/www.overline-poetry.de\/\">www.overline-poetry.de<\/a><\/strong><\/p>\n","protected":false},"excerpt":{"rendered":"<p>Zu viele B\u00fcrger aus dem Osten kommen mit der Freiheit nicht klarund w\u00fcnschen sich DDR-Zeiten zur\u00fcck, so wie es fr\u00fcher mal war.Sie brauchen immer noch jemanden, der wie fr\u00fcher f\u00fcr sie denkt,f\u00fcr sie handelt und auch in ihrem Lebensumfeld alles f\u00fcr sie lenkt.Unsere damalige Regierung die &#8222;Einbindung&#8220; des Osten vers\u00e4umtund zu erw\u00e4hnen, dass man erarbeiten [&hellip;]<\/p>\n","protected":false},"author":1,"featured_media":0,"parent":0,"menu_order":0,"comment_status":"closed","ping_status":"closed","template":"","meta":{"footnotes":""},"class_list":["post-1922","page","type-page","status-publish","hentry"],"jetpack_sharing_enabled":true,"_links":{"self":[{"href":"https:\/\/overline-poetry.de\/index.php\/wp-json\/wp\/v2\/pages\/1922","targetHints":{"allow":["GET"]}}],"collection":[{"href":"https:\/\/overline-poetry.de\/index.php\/wp-json\/wp\/v2\/pages"}],"about":[{"href":"https:\/\/overline-poetry.de\/index.php\/wp-json\/wp\/v2\/types\/page"}],"author":[{"embeddable":true,"href":"https:\/\/overline-poetry.de\/index.php\/wp-json\/wp\/v2\/users\/1"}],"replies":[{"embeddable":true,"href":"https:\/\/overline-poetry.de\/index.php\/wp-json\/wp\/v2\/comments?post=1922"}],"version-history":[{"count":1,"href":"https:\/\/overline-poetry.de\/index.php\/wp-json\/wp\/v2\/pages\/1922\/revisions"}],"predecessor-version":[{"id":1926,"href":"https:\/\/overline-poetry.de\/index.php\/wp-json\/wp\/v2\/pages\/1922\/revisions\/1926"}],"wp:attachment":[{"href":"https:\/\/overline-poetry.de\/index.php\/wp-json\/wp\/v2\/media?parent=1922"}],"curies":[{"name":"wp","href":"https:\/\/api.w.org\/{rel}","templated":true}]}}