
{"id":1936,"date":"2018-11-19T13:18:00","date_gmt":"2018-11-19T13:18:00","guid":{"rendered":"https:\/\/overline-poetry.de\/?page_id=1936"},"modified":"2025-10-03T13:22:14","modified_gmt":"2025-10-03T13:22:14","slug":"qi-gong-merci-janin","status":"publish","type":"page","link":"https:\/\/overline-poetry.de\/index.php\/qi-gong-merci-janin\/","title":{"rendered":"Qi Gong &#8211; Merci Janin"},"content":{"rendered":"\n<p>Merci Janin f\u00fcr die sch\u00f6ne Zeit<br>und gerne waren wir dazu bereit.<br>Der Ablauf war sehr gut gew\u00e4hlt,<br>dass ist das, was beim Kursus z\u00e4hlt.<br>Erst Entspannung auf dem Hocker<br>mach den Geist und K\u00f6rper locker.<br>Um die innere Mitte zu erreichen,<br>muss zuerst der Stress entweichen.<br>Wir folgten Dir bei jedem Schritt<br>und machten alle \u00dcbungen mit.<br>Aber wir haben eine gro\u00dfe Bitte,<br>mach nicht all zu viele Schritte.<br>Bei den \u00dcbungen mit dem Drachen<br>wurde gefordert und nichts zu lachen.<br>Um Arme und Beine zu koordinieren,<br>musste man sich stark konzentrieren.<br>Erst die Arme seitlich zu verwringen<br>und den K\u00f6rper in die Knie zwingen.<br>Dann beide Arme zur Decke recken<br>und das linke Bein zur Seite strecken.<br>Die Finger werden nach innen gebogen<br>und die Wirbels\u00e4ule aufrecht gezogen,<br>Damit wir keine groben Fehler machen,<br>welcher Ablauf bei welchem Drachen?<br>Janin, mach deine Kurse auch weiter so<br>und mache die Menschen damit froh.<br>Gib den Menschen die innere Kraft,<br>damit er den Stress vom Alltag schafft.<\/p>\n\n\n\n<p><strong>\u00a9<\/strong> Rainer Dambroth &#8211; 19.11.2018 &#8211; <strong><a href=\"https:\/\/www.overline-poetry.de\">www.overline-poetry.de<\/a><\/strong><\/p>\n","protected":false},"excerpt":{"rendered":"<p>Merci Janin f\u00fcr die sch\u00f6ne Zeitund gerne waren wir dazu bereit.Der Ablauf war sehr gut gew\u00e4hlt,dass ist das, was beim Kursus z\u00e4hlt.Erst Entspannung auf dem Hockermach den Geist und K\u00f6rper locker.Um die innere Mitte zu erreichen,muss zuerst der Stress entweichen.Wir folgten Dir bei jedem Schrittund machten alle \u00dcbungen mit.Aber wir haben eine gro\u00dfe Bitte,mach nicht [&hellip;]<\/p>\n","protected":false},"author":1,"featured_media":0,"parent":0,"menu_order":0,"comment_status":"closed","ping_status":"closed","template":"","meta":{"footnotes":""},"class_list":["post-1936","page","type-page","status-publish","hentry"],"jetpack_sharing_enabled":true,"_links":{"self":[{"href":"https:\/\/overline-poetry.de\/index.php\/wp-json\/wp\/v2\/pages\/1936","targetHints":{"allow":["GET"]}}],"collection":[{"href":"https:\/\/overline-poetry.de\/index.php\/wp-json\/wp\/v2\/pages"}],"about":[{"href":"https:\/\/overline-poetry.de\/index.php\/wp-json\/wp\/v2\/types\/page"}],"author":[{"embeddable":true,"href":"https:\/\/overline-poetry.de\/index.php\/wp-json\/wp\/v2\/users\/1"}],"replies":[{"embeddable":true,"href":"https:\/\/overline-poetry.de\/index.php\/wp-json\/wp\/v2\/comments?post=1936"}],"version-history":[{"count":1,"href":"https:\/\/overline-poetry.de\/index.php\/wp-json\/wp\/v2\/pages\/1936\/revisions"}],"predecessor-version":[{"id":1940,"href":"https:\/\/overline-poetry.de\/index.php\/wp-json\/wp\/v2\/pages\/1936\/revisions\/1940"}],"wp:attachment":[{"href":"https:\/\/overline-poetry.de\/index.php\/wp-json\/wp\/v2\/media?parent=1936"}],"curies":[{"name":"wp","href":"https:\/\/api.w.org\/{rel}","templated":true}]}}