
{"id":1943,"date":"2016-11-16T13:30:00","date_gmt":"2016-11-16T13:30:00","guid":{"rendered":"https:\/\/overline-poetry.de\/?page_id=1943"},"modified":"2025-10-03T13:34:55","modified_gmt":"2025-10-03T13:34:55","slug":"qi-gong-rueckwaerts-geht-es-voran","status":"publish","type":"page","link":"https:\/\/overline-poetry.de\/index.php\/qi-gong-rueckwaerts-geht-es-voran\/","title":{"rendered":"Qi Gong &#8211; R\u00fcckw\u00e4rts geht es voran"},"content":{"rendered":"\n<p>Herzlichen Dank f\u00fcr die sch\u00f6ne Zeit<br>die wir mit dir zusammen verbracht.<br>Mit Freude waren wir stets bereit<br>und auch so manches Mal gelacht.<br>Den Abend hast du alleine vorbereitet,<br>mit Lichterketten den Raum erhellt.<br>Erfahrungen \u00fcber die Kraft des Qi<br>haben wir gerne von dir geh\u00f6rt<br>Angewendet wurde das Wo und Wie.<br>Das Neonlich die Atmosph\u00e4re st\u00f6rt.<br>Begonnen wurde mit der Theorie<br>dazu hei\u00dfes Wasser aus Tassen.<br>Das Aufw\u00e4rmen mit Choreografie<br>und den K\u00f6rper entspannen lassen.<br>Bei sanften Kl\u00e4ngen wurde meditiert<br>und das im angenehmen D\u00e4mmerschein<br>damit man seinen Tagesstress verliert,<br>die innere Ruhe suchen f\u00fcr sich allein.<br>Du hast \u00fcberzeugt durch dein Leben,<br>warst innerlich sehr aufgew\u00fchlt,<br>dann hat Qi Gong dir Kraft gegeben<br>und du hast dich wieder wohl gef\u00fchlt.<br>Zum Abschluss und auf die Schnelle,<br>wurde in Gemeinschaft umgebaut.<br>Die St\u00fchle mussten auf die alte Stelle<br>und so wurde es ein bisschen laut.<br><br><strong>\u00a9<\/strong> Rainer Dambroth &#8211; 16.11.2016 &#8211; <strong><a href=\"https:\/\/www.overline-poetry.de\">www.overline-poetry.de<\/a><\/strong><\/p>\n","protected":false},"excerpt":{"rendered":"<p>Herzlichen Dank f\u00fcr die sch\u00f6ne Zeitdie wir mit dir zusammen verbracht.Mit Freude waren wir stets bereitund auch so manches Mal gelacht.Den Abend hast du alleine vorbereitet,mit Lichterketten den Raum erhellt.Erfahrungen \u00fcber die Kraft des Qihaben wir gerne von dir geh\u00f6rtAngewendet wurde das Wo und Wie.Das Neonlich die Atmosph\u00e4re st\u00f6rt.Begonnen wurde mit der Theoriedazu hei\u00dfes Wasser [&hellip;]<\/p>\n","protected":false},"author":1,"featured_media":0,"parent":0,"menu_order":0,"comment_status":"closed","ping_status":"closed","template":"","meta":{"footnotes":""},"class_list":["post-1943","page","type-page","status-publish","hentry"],"jetpack_sharing_enabled":true,"_links":{"self":[{"href":"https:\/\/overline-poetry.de\/index.php\/wp-json\/wp\/v2\/pages\/1943","targetHints":{"allow":["GET"]}}],"collection":[{"href":"https:\/\/overline-poetry.de\/index.php\/wp-json\/wp\/v2\/pages"}],"about":[{"href":"https:\/\/overline-poetry.de\/index.php\/wp-json\/wp\/v2\/types\/page"}],"author":[{"embeddable":true,"href":"https:\/\/overline-poetry.de\/index.php\/wp-json\/wp\/v2\/users\/1"}],"replies":[{"embeddable":true,"href":"https:\/\/overline-poetry.de\/index.php\/wp-json\/wp\/v2\/comments?post=1943"}],"version-history":[{"count":1,"href":"https:\/\/overline-poetry.de\/index.php\/wp-json\/wp\/v2\/pages\/1943\/revisions"}],"predecessor-version":[{"id":1947,"href":"https:\/\/overline-poetry.de\/index.php\/wp-json\/wp\/v2\/pages\/1943\/revisions\/1947"}],"wp:attachment":[{"href":"https:\/\/overline-poetry.de\/index.php\/wp-json\/wp\/v2\/media?parent=1943"}],"curies":[{"name":"wp","href":"https:\/\/api.w.org\/{rel}","templated":true}]}}