
{"id":1962,"date":"2020-11-04T05:50:00","date_gmt":"2020-11-04T05:50:00","guid":{"rendered":"https:\/\/overline-poetry.de\/?page_id=1962"},"modified":"2025-10-10T05:53:50","modified_gmt":"2025-10-10T05:53:50","slug":"die-bremer-buergerschaft","status":"publish","type":"page","link":"https:\/\/overline-poetry.de\/index.php\/die-bremer-buergerschaft\/","title":{"rendered":"Die Bremer B\u00fcrgerschaft"},"content":{"rendered":"\n<p>Die jetzt regierenden Parteien der Bremer B\u00fcrgerschaft,<br>mit ihrem Regieren die genervten Bremer B\u00fcrger schafft,<br>denn die politisch Verantwortlichen konnten nur erreichen,<br>dass die interessanten L\u00e4den nach drau\u00dfen entweichen.<br><br>Zu \u00f6de und leer wirkt doch schon die Bremer Innenstadt,<br>weil sie keine interessanten Gesch\u00e4fte mehr zu bieten hat.<br>Nur die gro\u00dfen Ketten k\u00f6nnen in der Innenstadt \u00fcberleben,<br>denn nur sie k\u00f6nnen noch die zu hohen Mietpreise geben.<br><br>Denn bei dieser Infrastruktur und den hohen Parkgeb\u00fchren,<br>kann man in der Bremer Innenstadt nur noch Geld verlieren.<br>Was soll man als Besucher in Bremen in einer leeren Stadt,<br>die au\u00dfer den historischen Bauten nichts mehr zu bieten hat.<br><br>Da f\u00e4hrt man zu den Einkaufszentren am st\u00e4dtischen Rand,<br>denn da ist die Gesch\u00e4fte gut sortiert und auch interessant<br>Das Parkplatzangebot ist ausreichend und auch kostenfrei.<br>Alles \u00fcberdacht und eine vielseitige Verpflegung ist dabei.<br><br>Eine neue Architektur sollte die Bremer Innenstadt beleben,<br>doch alle M\u00fchen f\u00fcr etwas \u201eNeuem\u201c waren leider vergeben.<br>Das alte Geb\u00e4ude der Sparkasse im interessanten Gewand,<br>versank im zu &#8222;steif hanseatischen&#8220; Bremen leider im Sand.<br><br>Es w\u00e4re doch ein Highlight am anderen Ende der Innenstadt,<br>damit die Bremer Innenstadt etwas neues dann zu bieten hat.<br>So k\u00f6nnte man Besucher in diese neue Bremer Ecke locken<br>und sie bleiben nicht im Umkreis vom Bremer Roland hocken.<br><br>Fr\u00fcher konnte die SPD als Partei noch ganz alleine regieren,<br>jetzt scheint sie die alleinige Regierungsmacht zu verlieren.<br>Erst einmal holte man die Partei der Gr\u00fcnen mit in das Boot.<br>Diesmal Mal waren sie auch mit den Gr\u00fcnen in gro\u00dfer Not.<br><br>Da wurden die Linken als B\u00fcndnisverst\u00e4rkung dazu bestellt,<br>denn das Rot der Linken zu Rot\/Gr\u00fcn sich doch gerne gesellt.<br>Altb\u00fcrgermeister Sieling wollte dieses Amt dann nicht mehr,<br>dass Amt wog mit der Regierungsbelastung mehr als schwer.<br><br>Bremen brauchte dringend auch einen neuen B\u00fcrgermeister.<br>Er kam in Bremen an und Andreas Bovenschulte hei\u00dft der.<br>Der neue B\u00fcrgermeister best\u00e4rkt durch Gr\u00f6\u00dfe und Gewicht<br>und bei der Gr\u00f6\u00dfe, \u00fcbersieht man ihn so leicht dann nicht.<br><br>Ich w\u00fcnsche der B\u00fcrgerschaft f\u00fcr ihr Wirken viel Geschick.<br>F\u00fcr ihre Projekte ein \u201eH\u00e4ndchen\u201c und ein Qu\u00e4ntchen Gl\u00fcck.<br>Etwas weniger Experimente, mehr Weitblick und mehr Mut,<br>dann kann man viel bewirken und tut dem Steuers\u00e4ckel gut.<br><br><strong>\u00a9 Rainer Dambroth &#8211; 04.11.2020 &#8211; <a href=\"http:\/\/www.overline-poetry.de\/\">www.overline-poetry.de<\/a><\/strong><\/p>\n","protected":false},"excerpt":{"rendered":"<p>Die jetzt regierenden Parteien der Bremer B\u00fcrgerschaft,mit ihrem Regieren die genervten Bremer B\u00fcrger schafft,denn die politisch Verantwortlichen konnten nur erreichen,dass die interessanten L\u00e4den nach drau\u00dfen entweichen. Zu \u00f6de und leer wirkt doch schon die Bremer Innenstadt,weil sie keine interessanten Gesch\u00e4fte mehr zu bieten hat.Nur die gro\u00dfen Ketten k\u00f6nnen in der Innenstadt \u00fcberleben,denn nur sie k\u00f6nnen [&hellip;]<\/p>\n","protected":false},"author":1,"featured_media":0,"parent":0,"menu_order":0,"comment_status":"closed","ping_status":"closed","template":"","meta":{"footnotes":""},"class_list":["post-1962","page","type-page","status-publish","hentry"],"jetpack_sharing_enabled":true,"_links":{"self":[{"href":"https:\/\/overline-poetry.de\/index.php\/wp-json\/wp\/v2\/pages\/1962","targetHints":{"allow":["GET"]}}],"collection":[{"href":"https:\/\/overline-poetry.de\/index.php\/wp-json\/wp\/v2\/pages"}],"about":[{"href":"https:\/\/overline-poetry.de\/index.php\/wp-json\/wp\/v2\/types\/page"}],"author":[{"embeddable":true,"href":"https:\/\/overline-poetry.de\/index.php\/wp-json\/wp\/v2\/users\/1"}],"replies":[{"embeddable":true,"href":"https:\/\/overline-poetry.de\/index.php\/wp-json\/wp\/v2\/comments?post=1962"}],"version-history":[{"count":1,"href":"https:\/\/overline-poetry.de\/index.php\/wp-json\/wp\/v2\/pages\/1962\/revisions"}],"predecessor-version":[{"id":1966,"href":"https:\/\/overline-poetry.de\/index.php\/wp-json\/wp\/v2\/pages\/1962\/revisions\/1966"}],"wp:attachment":[{"href":"https:\/\/overline-poetry.de\/index.php\/wp-json\/wp\/v2\/media?parent=1962"}],"curies":[{"name":"wp","href":"https:\/\/api.w.org\/{rel}","templated":true}]}}