
{"id":1969,"date":"2025-10-10T09:56:08","date_gmt":"2025-10-10T09:56:08","guid":{"rendered":"https:\/\/overline-poetry.de\/?page_id=1969"},"modified":"2025-10-18T05:06:03","modified_gmt":"2025-10-18T05:06:03","slug":"donald-trump-und-der-friedensnobelpreis","status":"publish","type":"page","link":"https:\/\/overline-poetry.de\/index.php\/donald-trump-und-der-friedensnobelpreis\/","title":{"rendered":"Donald Trump und der Friedensnobelpreis"},"content":{"rendered":"\n<p>Die verfehlte Verleihung hat das Ego von <strong>Donald Trump<\/strong> angekratzt,<br>trotz Bem\u00fchungen im Nahostkonflikt, ihm diese Ehrung \u201everpatzt\u201c.<br>Er schon in Erwartung, den Termin f\u00fcr die Geisel\u00fcbergabe gemacht,<br>denn <strong>Trump<\/strong> war \u00fcberzeugt, der Friedenspreis wird ihm zugedacht.<br><strong>Trump<\/strong> wollte als Friedenspreisgewinner in die Geschichte eingehen,<br>aber das Komitee hatte den Preis f\u00fcr jemand anderen vorgesehen.<br><br>Das der Friedensnobelpreis verliehen, f\u00fcr den Erhalt der Demokratie,<br>bei <strong>Donald Trump<\/strong> nicht angekommen, er wei\u00df nicht \u201ewas und wie\u201c.<br><strong>Trump<\/strong> h\u00e4tte der Preisempf\u00e4ngerin Machado in Venezuela gratuliert:<br>&#8222;Auch sie h\u00e4tte ihm den Preis gegeben, er die Verleihung korrigiert&#8220;.<br>Ist diese Bekanntgabe von <strong>Trump<\/strong>, mehr Wunschdenken als Realit\u00e4t,<br>aber <strong>Trump<\/strong> lebt in seinem Universum, f\u00fcr seine Umkehr ist zu sp\u00e4t.<br><br>Wenn eine bestehende Demokratie wird autokratisch umgewandelt,<br><strong>Trump<\/strong> nicht im Sinne einer \u201eFriedensnobelpreisverleihung\u201c handelt.<br>B\u00fcrger in demokratischen St\u00e4dten gegen Autokratie demonstrieren,<br>denn die wollen nicht, dass <strong>Trump<\/strong> ihre Rechte wird unterminieren.<br><strong>Trump<\/strong> will demokratische St\u00e4dte auf republikanische Linie bringen,<br>mit Einsatz der Nationalgarde zur \u201eUnterw\u00fcrfigkeit\u201c dann zwingen.<br><br>Seine handverlesenen Regierungsmitarbeiter sind ihm loyal ergeben.<br>Sie kritiklos mit <strong>Donald Trump<\/strong> die autokratische Wandlung erleben.<br>Politischer Wissensabstand von <strong>Trump<\/strong> zu den Mitarbeitern gewahrt,<br>damit Kritik an seinem obskuren Handeln bleibt dem <strong>Trump<\/strong> erspart.<br>Zuerst kommt bei seinem Handeln, der zu erzielende \u201eGegenwert\u201c,<br>von einem emphatischen Agieren, von ihm man nur wenig erf\u00e4hrt.<br><br><strong>Donald Trump<\/strong> ist und bleibt in seinem Handeln eine \u201eKr\u00e4merseele\u201c,<br>und wenn er redet, dr\u00e4ngen sich &#8222;gequ\u00e4lte Worte&#8220; aus seiner Kehle.<br>Mit Leidensmiene sein Blick in die Runde der Fan-Gemeinde kreist,<br>wenn er, wie der Guru einer Sekte, sein Wirken f\u00fcr Amerika anpreist. <br>Die Bedenken, dass sein Handeln nicht von Allen kritiklos toleriert,<br>werden <strong>Trump<\/strong> nicht \u00fcberkommen, denn Kritik ihn nicht interessiert.<br><br><strong>\u00a9 Rainer Dambroth \u2013 10.10.2025 \u2013 www.overline-poetry.de<\/strong><\/p>\n","protected":false},"excerpt":{"rendered":"<p>Die verfehlte Verleihung hat das Ego von Donald Trump angekratzt,trotz Bem\u00fchungen im Nahostkonflikt, ihm diese Ehrung \u201everpatzt\u201c.Er schon in Erwartung, den Termin f\u00fcr die Geisel\u00fcbergabe gemacht,denn Trump war \u00fcberzeugt, der Friedenspreis wird ihm zugedacht.Trump wollte als Friedenspreisgewinner in die Geschichte eingehen,aber das Komitee hatte den Preis f\u00fcr jemand anderen vorgesehen. Das der Friedensnobelpreis verliehen, f\u00fcr [&hellip;]<\/p>\n","protected":false},"author":1,"featured_media":0,"parent":0,"menu_order":0,"comment_status":"closed","ping_status":"closed","template":"","meta":{"footnotes":""},"class_list":["post-1969","page","type-page","status-publish","hentry"],"jetpack_sharing_enabled":true,"_links":{"self":[{"href":"https:\/\/overline-poetry.de\/index.php\/wp-json\/wp\/v2\/pages\/1969","targetHints":{"allow":["GET"]}}],"collection":[{"href":"https:\/\/overline-poetry.de\/index.php\/wp-json\/wp\/v2\/pages"}],"about":[{"href":"https:\/\/overline-poetry.de\/index.php\/wp-json\/wp\/v2\/types\/page"}],"author":[{"embeddable":true,"href":"https:\/\/overline-poetry.de\/index.php\/wp-json\/wp\/v2\/users\/1"}],"replies":[{"embeddable":true,"href":"https:\/\/overline-poetry.de\/index.php\/wp-json\/wp\/v2\/comments?post=1969"}],"version-history":[{"count":2,"href":"https:\/\/overline-poetry.de\/index.php\/wp-json\/wp\/v2\/pages\/1969\/revisions"}],"predecessor-version":[{"id":1976,"href":"https:\/\/overline-poetry.de\/index.php\/wp-json\/wp\/v2\/pages\/1969\/revisions\/1976"}],"wp:attachment":[{"href":"https:\/\/overline-poetry.de\/index.php\/wp-json\/wp\/v2\/media?parent=1969"}],"curies":[{"name":"wp","href":"https:\/\/api.w.org\/{rel}","templated":true}]}}