
{"id":1977,"date":"2025-08-29T15:42:00","date_gmt":"2025-08-29T15:42:00","guid":{"rendered":"https:\/\/overline-poetry.de\/?page_id=1977"},"modified":"2025-10-12T16:29:11","modified_gmt":"2025-10-12T16:29:11","slug":"praesident-macron-putin-ist-ein-oger-vor-unseren-toren-der-immer-weiter-fressen-muss-um-zu-ueberleben","status":"publish","type":"page","link":"https:\/\/overline-poetry.de\/index.php\/praesident-macron-putin-ist-ein-oger-vor-unseren-toren-der-immer-weiter-fressen-muss-um-zu-ueberleben\/","title":{"rendered":"Pr\u00e4sident Macron: Putin ist &#8222;ein Oger vor unseren Toren&#8220;, der immer &#8222;weiter fressen muss&#8220;, um zu \u00fcberleben"},"content":{"rendered":"\n<p>Diese Aussage von <strong>Pr\u00e4sident Macron<\/strong> wurde so richtig dargestellt<br>und das ist doch logisch, dass diese Aussage <strong>Putin<\/strong> nicht gef\u00e4llt.<br>Die <strong>Nato<\/strong> wird als Kriegstreiber gegen\u00fcber Russland aufgezeigt,<br>aber der Verbund der <strong>Nato<\/strong> ist dem Erhalt des Friedens zugeneigt.<br><br>Wenn zwei V\u00f6lker wollen demokratisch und gewaltfrei fusionieren,<br>dann kann eine solche Verbindung zweier L\u00e4nder auch passieren.<br>Wer aber mit Gewalt will Grenzen zu seinen Gunsten verschieben,<br>der wird dann zum <strong>fressenden Oger<\/strong>, den Menschen nicht lieben.<br><br><strong>Putin<\/strong> ist vom Wahn getrieben und will die freie <strong>Ukraine<\/strong> zerst\u00f6ren,<br>denn die Einwohner der <strong>Ukraine<\/strong>, wollen nicht zu <strong>Russland<\/strong> geh\u00f6ren.<br>Sie wollen frei demokratisch entscheiden und bleiben ungebunden,<br>dieses macht den Despoten<strong> Putin<\/strong> w\u00fctend und will sie verwunden.<br><br>Der<strong> Oger Putin<\/strong> die lebenswichtige Infrastruktur der Ukraine zerst\u00f6rt,<br>in <strong>Ogermanier<\/strong> entl\u00e4dt er seinen Hass, will das sein Begehren geh\u00f6rt. <br>Krankenh\u00e4user, Schulen und Kinderg\u00e4rten mit Drohnen bombardiert,<br>aber so die Menschen best\u00e4rkt und deren Freiheitsbed\u00fcrfnis forciert.<br><br>Die Ukraine ist in der St\u00e4rke mit &#8222;Stehaufm\u00e4nnchen&#8220; zu vergleichen,<br>denn sie sind kreativ und werden mit ihrer Entwicklung viel erreichen.<br>Das macht den <strong>Oger Putin<\/strong> w\u00fctend, wenn Russland wird angegriffen,<br>aber der Krieg sofort vorbei, wenn Krieger werden &#8222;zur\u00fcckgepfiffen&#8220;.<br><br><strong>Donald Trump<\/strong> hatte vor seinem Amtsantritt vollmundig propagiert,<br>den Ukrainekrieg innerhalb 24 Stunden zu beenden, nicht realisiert.<br>Was <strong>Donald Trump<\/strong> gegen\u00fcber Putin als harte Diplomatie benennt,<br>bei einer Schnecke diese Diplomatie als eine Schleimspur nur kennt.<br><br><strong>\u00a9 Rainer Dambroth \u2013 29.08.2025 \u2013 www.overline-poetry.de<\/strong><br><br><em>Die Aussage von Pr\u00e4sident Macron:<strong> \u201ePutin ist ein Oger vor unseren Toren\u201c<\/strong>, der immer<strong> \u201eweiter fressen muss\u201c<\/strong>, um zu \u00fcberleben.<br>Tagesspiegel vom 29.08.2025<br><br>Kreml beklagt \u201evulg\u00e4re Beleidigung Russlands\u201c durch Macron<\/em><\/p>\n","protected":false},"excerpt":{"rendered":"<p>Diese Aussage von Pr\u00e4sident Macron wurde so richtig dargestelltund das ist doch logisch, dass diese Aussage Putin nicht gef\u00e4llt.Die Nato wird als Kriegstreiber gegen\u00fcber Russland aufgezeigt,aber der Verbund der Nato ist dem Erhalt des Friedens zugeneigt. Wenn zwei V\u00f6lker wollen demokratisch und gewaltfrei fusionieren,dann kann eine solche Verbindung zweier L\u00e4nder auch passieren.Wer aber mit Gewalt [&hellip;]<\/p>\n","protected":false},"author":1,"featured_media":0,"parent":0,"menu_order":0,"comment_status":"closed","ping_status":"closed","template":"","meta":{"footnotes":""},"class_list":["post-1977","page","type-page","status-publish","hentry"],"jetpack_sharing_enabled":true,"_links":{"self":[{"href":"https:\/\/overline-poetry.de\/index.php\/wp-json\/wp\/v2\/pages\/1977","targetHints":{"allow":["GET"]}}],"collection":[{"href":"https:\/\/overline-poetry.de\/index.php\/wp-json\/wp\/v2\/pages"}],"about":[{"href":"https:\/\/overline-poetry.de\/index.php\/wp-json\/wp\/v2\/types\/page"}],"author":[{"embeddable":true,"href":"https:\/\/overline-poetry.de\/index.php\/wp-json\/wp\/v2\/users\/1"}],"replies":[{"embeddable":true,"href":"https:\/\/overline-poetry.de\/index.php\/wp-json\/wp\/v2\/comments?post=1977"}],"version-history":[{"count":1,"href":"https:\/\/overline-poetry.de\/index.php\/wp-json\/wp\/v2\/pages\/1977\/revisions"}],"predecessor-version":[{"id":1981,"href":"https:\/\/overline-poetry.de\/index.php\/wp-json\/wp\/v2\/pages\/1977\/revisions\/1981"}],"wp:attachment":[{"href":"https:\/\/overline-poetry.de\/index.php\/wp-json\/wp\/v2\/media?parent=1977"}],"curies":[{"name":"wp","href":"https:\/\/api.w.org\/{rel}","templated":true}]}}