
{"id":1984,"date":"2025-10-14T09:06:54","date_gmt":"2025-10-14T09:06:54","guid":{"rendered":"https:\/\/overline-poetry.de\/?page_id=1984"},"modified":"2025-10-14T09:06:58","modified_gmt":"2025-10-14T09:06:58","slug":"die-afd-soll-doch-beweisen-dass-sie-regieren-kann","status":"publish","type":"page","link":"https:\/\/overline-poetry.de\/index.php\/die-afd-soll-doch-beweisen-dass-sie-regieren-kann\/","title":{"rendered":"Die AFD soll doch beweisen, dass sie regieren kann"},"content":{"rendered":"\n<p>Wunsch der <strong>AFD<\/strong>-W\u00e4hler: Die <strong>AFD<\/strong> soll zeigen, dass sie kann regieren,<br>aber sie werden den Staat, wie die USA, autokratisch umstrukturieren.<br>Wie 1933, da wurde die Macht von der rechten <strong>NSDAP<\/strong> \u00fcbernommen,<br>bei der &#8222;v\u00f6lkischen S\u00e4uberung&#8220; sind viele Menschen \u201eumgekommen\u201c.<br>Denn auch die <strong>NSDAP<\/strong> brauchte doch Opfer f\u00fcr ihr Regierungsversagen,<br>da waren es Juden, die Misshandlungen oder den Tod mussten ertragen.<br><br>Zuerst werden von der <strong>AFD<\/strong> die Medien in Parteikonformit\u00e4t kontrolliert<br>und nur noch mit von der <strong>AFD<\/strong> ausgesuchten Wahrheiten indoktriniert.<br>So kann man die weltpolitische Situation im Sinne der <strong>AFD<\/strong> dann streuen<br>und anders Denkende, mit nicht <strong>AFD<\/strong> konformen Gedanken, es bereuen.<br>Die <strong>AFD<\/strong> wird &#8222;Querulanten&#8220; aus politischen Wirkungsbereich vertreiben,<br>bis nur die nationalistischen <strong>AFD<\/strong>-Marionetten in den \u00c4mtern verbleiben.<br> <br>Die Massen werden von <strong>AFD<\/strong>-Hetzern gegen Minderheiten mobilisiert,<br>Freunde werden zu Feinden, weil nur das Weltbild der <strong>AFD<\/strong> interessiert.<br>Durch Hass und Hetze werden die &#8222;nicht hellsten Kerzen&#8220; ausgerichtet,<br>H\u00e4user werden brennen und Menschen verletzt, so wird dann berichtet.<br><strong>Bj\u00f6rn H\u00f6cke<\/strong> wird in Deutschland mit &#8222;v\u00f6lkische S\u00e4uberung&#8220; beginnen,<br>die &#8222;nicht hellsten Kerzen&#8220; werden ihrem F\u00fchrer folgen, wie von Sinnen.<br><br>Von der <strong>AFD<\/strong> wird gemacht gegen nicht v\u00f6lkischdeutsch dann die Front,<br>sie sind die Schuldigen, diese Aussage dann mehr schlecht als gekonnt.<br>So wird k\u00fcnstlich Hass aufgebaut, um von den Problemen abzulenken,<br>Die &#8222;nicht hellsten Kerzen&#8220;  k\u00f6nnen oder wollen dar\u00fcber nicht denken.<br>Eine Kooperation mit dem Despoten <strong>Putin<\/strong> und <strong>Russland<\/strong> wird anvisiert<br>und es ist doch klar, dass unsere demokratische Freiheit dabei verliert.<br><br><strong>\u00a9 Rainer Dambroth \u2013 14.10.2025 \u2013 www.overline-poetry.de<\/strong><br><br><strong>\u201cMan darf nicht warten, bis aus dem Schneeball eine Lawine geworden ist. Man muss den rollenden Schneeball zertreten. Die Lawine h\u00e4lt keiner mehr auf. Sie ruht erst, wenn sie alles unter sich begraben hat.<\/strong>&#8222;<strong><br>Erich K\u00e4stner<\/strong><\/p>\n","protected":false},"excerpt":{"rendered":"<p>Wunsch der AFD-W\u00e4hler: Die AFD soll zeigen, dass sie kann regieren,aber sie werden den Staat, wie die USA, autokratisch umstrukturieren.Wie 1933, da wurde die Macht von der rechten NSDAP \u00fcbernommen,bei der &#8222;v\u00f6lkischen S\u00e4uberung&#8220; sind viele Menschen \u201eumgekommen\u201c.Denn auch die NSDAP brauchte doch Opfer f\u00fcr ihr Regierungsversagen,da waren es Juden, die Misshandlungen oder den Tod mussten [&hellip;]<\/p>\n","protected":false},"author":1,"featured_media":0,"parent":0,"menu_order":0,"comment_status":"closed","ping_status":"closed","template":"","meta":{"footnotes":""},"class_list":["post-1984","page","type-page","status-publish","hentry"],"jetpack_sharing_enabled":true,"_links":{"self":[{"href":"https:\/\/overline-poetry.de\/index.php\/wp-json\/wp\/v2\/pages\/1984","targetHints":{"allow":["GET"]}}],"collection":[{"href":"https:\/\/overline-poetry.de\/index.php\/wp-json\/wp\/v2\/pages"}],"about":[{"href":"https:\/\/overline-poetry.de\/index.php\/wp-json\/wp\/v2\/types\/page"}],"author":[{"embeddable":true,"href":"https:\/\/overline-poetry.de\/index.php\/wp-json\/wp\/v2\/users\/1"}],"replies":[{"embeddable":true,"href":"https:\/\/overline-poetry.de\/index.php\/wp-json\/wp\/v2\/comments?post=1984"}],"version-history":[{"count":1,"href":"https:\/\/overline-poetry.de\/index.php\/wp-json\/wp\/v2\/pages\/1984\/revisions"}],"predecessor-version":[{"id":1988,"href":"https:\/\/overline-poetry.de\/index.php\/wp-json\/wp\/v2\/pages\/1984\/revisions\/1988"}],"wp:attachment":[{"href":"https:\/\/overline-poetry.de\/index.php\/wp-json\/wp\/v2\/media?parent=1984"}],"curies":[{"name":"wp","href":"https:\/\/api.w.org\/{rel}","templated":true}]}}